{"id":7441,"date":"2026-03-18T06:20:10","date_gmt":"2026-03-18T06:20:10","guid":{"rendered":"https:\/\/potensilift.com\/?post_type=product&#038;p=7441"},"modified":"2026-03-18T07:21:40","modified_gmt":"2026-03-18T07:21:40","slug":"elevator-fan-mgt8012xb-r38-f-dc12v-2-8a","status":"publish","type":"product","link":"https:\/\/potensilift.com\/pt\/produto\/elevator-fan-mgt8012xb-r38-f-dc12v-2-8a\/","title":{"rendered":"Ventilador de elevador MGT8012XB-R38 F DC12V 2.8A"},"content":{"rendered":"<p>A MGT8012XB-R38 \u00e9 uma ventoinha de arrefecimento axial CC de elevado desempenho concebida para aplica\u00e7\u00f5es industriais exigentes, incluindo arm\u00e1rios de controlo de elevadores, sistemas UPS, inversores e fontes de alimenta\u00e7\u00e3o. A variante da S\u00e9rie F incorpora normalmente o controlo de velocidade PWM, permitindo uma gest\u00e3o t\u00e9rmica inteligente - fornecendo o fluxo de ar m\u00e1ximo sob cargas de calor elevadas e reduzindo a velocidade para efici\u00eancia energ\u00e9tica quando as exig\u00eancias de arrefecimento s\u00e3o menores.<\/p>\n<h2>Ventilador MGT8012XB-R38 Par\u00e2metros<\/h2>\n<table style=\"border-collapse: collapse; width: 807px; height: 228px;\" border=\"0\" width=\"395\" cellspacing=\"0\" cellpadding=\"0\">\n<tbody>\n<tr style=\"height: 16.80pt;\">\n<td style=\"height: 16.80pt; width: 102.40pt;\" width=\"102\" height=\"16\">\u00a0Dimens\u00f5es (mm)<\/td>\n<td class=\"et2\" style=\"width: 95.60pt;\" width=\"95\">\u00a080 \u00d7 80<\/td>\n<td style=\"width: 143.20pt;\" width=\"143\">\u00a0Tipo<\/td>\n<td class=\"et2\" style=\"width: 54.00pt;\" width=\"54\">Axial<\/td>\n<\/tr>\n<tr style=\"height: 16.80pt;\">\n<td style=\"height: 16.80pt;\" height=\"16\">\u00a0Tipo de tens\u00e3o<\/td>\n<td class=\"et2\">\u00a0DC<\/td>\n<td>\u00a0Tens\u00e3o (V)<\/td>\n<td class=\"et2\">12<\/td>\n<\/tr>\n<tr style=\"height: 16.80pt;\">\n<td style=\"height: 16.80pt;\" height=\"16\">\u00a0Corrente (A)<\/td>\n<td class=\"et2\">\u00a01.2<\/td>\n<td>\u00a0Pot\u00eancia (W)<\/td>\n<td class=\"et2\">14.4<\/td>\n<\/tr>\n<tr style=\"height: 16.80pt;\">\n<td style=\"height: 16.80pt;\" height=\"16\">\u00a0Velocidade (RPM)<\/td>\n<td class=\"et2\">\u00a06300<\/td>\n<td>\u00a0Ru\u00eddo (dB)<\/td>\n<td class=\"et2\">53.5<\/td>\n<\/tr>\n<tr style=\"height: 16.80pt;\">\n<td style=\"height: 16.80pt;\" height=\"16\">\u00a0Espessura (mm)<\/td>\n<td class=\"et2\">\u00a038<\/td>\n<td>\u00a0Rolamento<\/td>\n<td class=\"et2\">Bola dupla<\/td>\n<\/tr>\n<tr style=\"height: 16.80pt;\">\n<td style=\"height: 16.80pt;\" height=\"16\">\u00a0Caudal de ar (m\u00b3\/min)<\/td>\n<td class=\"et2\">\u00a02.488<\/td>\n<td>\u00a0Caudal de ar (CFM)<\/td>\n<td class=\"et2\">87.83<\/td>\n<\/tr>\n<tr style=\"height: 16.80pt;\">\n<td style=\"height: 16.80pt;\" height=\"16\">\u00a0Press\u00e3o est\u00e1tica (Pa)<\/td>\n<td class=\"et2\">\u00a021.2<\/td>\n<td>\u00a0Press\u00e3o est\u00e1tica (inchH\u2082O)<\/td>\n<td class=\"et2\">0.835<\/td>\n<\/tr>\n<tr style=\"height: 16.80pt;\">\n<td style=\"height: 16.80pt;\" height=\"16\">\u00a0Modelo<\/td>\n<td class=\"et2\">\u00a0MGT8012XB-R38<\/td>\n<td><\/td>\n<td><\/td>\n<\/tr>\n<\/tbody>\n<\/table>\n<h2>Ventilador MGT8012XB-R38 Detalhe<\/h2>\n<table style=\"border-collapse: collapse; width: 553px; height: 226px;\" border=\"0\" width=\"296\" cellspacing=\"0\" cellpadding=\"0\">\n<tbody>\n<tr style=\"height: 16.80pt;\">\n<td style=\"height: 16.80pt; width: 102.40pt;\" width=\"102\" height=\"16\">Tipo de rolamento<\/td>\n<td class=\"et2\" style=\"width: 193.60pt;\" width=\"193\">\u00a02 Bola<\/td>\n<\/tr>\n<tr style=\"height: 16.80pt;\">\n<td style=\"height: 16.80pt;\" height=\"16\">Controlo de velocidade<\/td>\n<td class=\"et2\">\u00a0Tens\u00e3o, PWM, \u00b1<span style=\"font-family: inherit; font-size: inherit;\">10% Toler\u00e2ncia de velocidade<\/span><\/td>\n<\/tr>\n<tr style=\"height: 16.80pt;\">\n<td style=\"height: 16.80pt;\" height=\"16\">Tipo de estrutura<\/td>\n<td class=\"et2\">\u00a08 Parafuso<\/td>\n<\/tr>\n<tr style=\"height: 16.80pt;\">\n<td style=\"height: 16.80pt;\" height=\"16\">Sa\u00edda de sinal<\/td>\n<td class=\"et2\">\u00a0Sinal de alarme, sinal de tac\u00f4metro<\/td>\n<\/tr>\n<tr style=\"height: 16.80pt;\">\n<td style=\"height: 16.80pt;\" height=\"16\">Prote\u00e7\u00e3o<\/td>\n<td class=\"et2\">\u00a0Bloqueio, invers\u00e3o de marcha<\/td>\n<\/tr>\n<tr style=\"height: 16.80pt;\">\n<td style=\"height: 16.80pt;\" height=\"16\">ESD<\/td>\n<td class=\"et2\">\u00a0Classe III<\/td>\n<\/tr>\n<tr style=\"height: 16.80pt;\">\n<td style=\"height: 16.80pt;\" height=\"16\">Isolamento<\/td>\n<td class=\"et2\">\u00a0Classe A<\/td>\n<\/tr>\n<tr style=\"height: 16.80pt;\">\n<td style=\"height: 16.80pt;\" height=\"16\">Seguran\u00e7a<\/td>\n<td class=\"et2\">\u00a0UL, TUV, CE<\/td>\n<\/tr>\n<tr style=\"height: 16.80pt;\">\n<td style=\"height: 16.80pt;\" height=\"16\">Tipo de motor<\/td>\n<td class=\"et2\">\u00a0Unif\u00e1sico<\/td>\n<\/tr>\n<\/tbody>\n<\/table>\n<p><img fetchpriority=\"high\" decoding=\"async\" class=\"alignleft wp-image-7442\" src=\"https:\/\/potensilift.com\/wp-content\/uploads\/2026\/03\/Air-flow_static-pressure.png\" alt=\"elevator fan mgt8012xb r38 f dc12v 2.8a\" width=\"400\" height=\"400\" srcset=\"https:\/\/potensilift.com\/wp-content\/uploads\/2026\/03\/Air-flow_static-pressure.png 800w, https:\/\/potensilift.com\/wp-content\/uploads\/2026\/03\/Air-flow_static-pressure-300x300.png 300w, https:\/\/potensilift.com\/wp-content\/uploads\/2026\/03\/Air-flow_static-pressure-150x150.png 150w, https:\/\/potensilift.com\/wp-content\/uploads\/2026\/03\/Air-flow_static-pressure-768x768.png 768w, https:\/\/potensilift.com\/wp-content\/uploads\/2026\/03\/Air-flow_static-pressure-12x12.png 12w, https:\/\/potensilift.com\/wp-content\/uploads\/2026\/03\/Air-flow_static-pressure-600x600.png 600w, https:\/\/potensilift.com\/wp-content\/uploads\/2026\/03\/Air-flow_static-pressure-100x100.png 100w, https:\/\/potensilift.com\/wp-content\/uploads\/2026\/03\/Air-flow_static-pressure-50x50.png 50w\" sizes=\"(max-width: 400px) 100vw, 400px\" \/><\/p>\n<p><img decoding=\"async\" class=\"alignleft wp-image-7443\" src=\"https:\/\/potensilift.com\/wp-content\/uploads\/2026\/03\/outline.png\" alt=\"elevator fan mgt8012xb r38 f dc12v 2.8a\" width=\"400\" height=\"400\" srcset=\"https:\/\/potensilift.com\/wp-content\/uploads\/2026\/03\/outline.png 800w, https:\/\/potensilift.com\/wp-content\/uploads\/2026\/03\/outline-300x300.png 300w, https:\/\/potensilift.com\/wp-content\/uploads\/2026\/03\/outline-150x150.png 150w, https:\/\/potensilift.com\/wp-content\/uploads\/2026\/03\/outline-768x768.png 768w, https:\/\/potensilift.com\/wp-content\/uploads\/2026\/03\/outline-12x12.png 12w, https:\/\/potensilift.com\/wp-content\/uploads\/2026\/03\/outline-600x600.png 600w, https:\/\/potensilift.com\/wp-content\/uploads\/2026\/03\/outline-100x100.png 100w, https:\/\/potensilift.com\/wp-content\/uploads\/2026\/03\/outline-50x50.png 50w\" sizes=\"(max-width: 400px) 100vw, 400px\" \/><\/p>\n<p><img decoding=\"async\" class=\"wp-image-7444 size-large\" src=\"https:\/\/potensilift.com\/wp-content\/uploads\/2026\/03\/PROTECHNIC-fan-973x1024.png\" alt=\"elevator fan mgt8012xb r38 f dc12v 2.8a\" width=\"800\" height=\"842\" srcset=\"https:\/\/potensilift.com\/wp-content\/uploads\/2026\/03\/PROTECHNIC-fan-973x1024.png 973w, https:\/\/potensilift.com\/wp-content\/uploads\/2026\/03\/PROTECHNIC-fan-285x300.png 285w, https:\/\/potensilift.com\/wp-content\/uploads\/2026\/03\/PROTECHNIC-fan-768x808.png 768w, https:\/\/potensilift.com\/wp-content\/uploads\/2026\/03\/PROTECHNIC-fan-11x12.png 11w, https:\/\/potensilift.com\/wp-content\/uploads\/2026\/03\/PROTECHNIC-fan-600x631.png 600w, https:\/\/potensilift.com\/wp-content\/uploads\/2026\/03\/PROTECHNIC-fan.png 1070w\" sizes=\"(max-width: 800px) 100vw, 800px\" \/><\/p>\n<h2>Porqu\u00ea escolher a Potensi?<\/h2>\n<p>A Potensi fornece Ventilador de Elevador MGT8012XB-R38 F DC12V 2.8A de alta qualidade, concebido para proporcionar fiabilidade e desempenho excepcionais aos sistemas de elevadores modernos. Como um fornecedor confi\u00e1vel de Ventilador de elevador, oferecemos uma ampla gama de produtos, incluindo op\u00e7\u00f5es especializadas como Ventilador de elevador, garantindo a compatibilidade com as principais marcas globais, como \u00a0<a href=\"https:\/\/potensilift.com\/pt\/categoria-produto\/pecas-de-marcas\/for-mitsubishi\/\"><u>Mitsubishi<\/u><\/a>, <a href=\"https:\/\/potensilift.com\/pt\/categoria-produto\/pecas-de-marcas\/para-otis\/\"><u>Otis<\/u><\/a>, <a href=\"https:\/\/potensilift.com\/pt\/categoria-produto\/pecas-de-marcas\/for-tke-thyssenkrupp\/\"><u>Thyssen<\/u><\/a>, <a href=\"https:\/\/potensilift.com\/pt\/categoria-produto\/pecas-de-marcas\/para-a-hyundai\/\"><u>Hyundai<\/u><\/a>e <a href=\"https:\/\/potensilift.com\/pt\/categoria-produto\/pecas-de-marcas\/pecas-de-outras-marcas\/\"><u>outros<\/u><\/a>. Com um amplo estoque e pre\u00e7os competitivos, a Potensi est\u00e1 pronta para atender \u00e0s suas necessidades. <a href=\"https:\/\/potensilift.com\/pt\/contact\/\"><u>Contacto Esther<\/u><\/a>\u00a0hoje - a Potensi espera poder ajud\u00e1-lo a melhorar os seus sistemas de elevadores!<\/p>","protected":false},"excerpt":{"rendered":"<p>Para al\u00e9m do MGT8012XB-R38, a Potensi oferece tamb\u00e9m outros ventiladores de elevador. Estes modelos incluem o MGA8012MB-O38, MGT8012MB-O38, MGT8012MB, MGT8012MB-W38, MGA8012HB-O38, MGT8012HB-O38, MGT8012HB-R38, MGT8012HB-W38, MGA8012XB-O38, MGT8012XB-O38, MGT8012XB-W38, MGA8012YB-O38, MGT8012YB-O38, MGT8012YB-R38, MGT8012YB-W38, etc.<\/p>","protected":false},"featured_media":7445,"comment_status":"closed","ping_status":"closed","template":"","meta":{"_seopress_robots_primary_cat":"none","_seopress_titles_title":"Elevator Fan MGT8012XB-R38 | Elevator Parts Supplier in China","_seopress_titles_desc":"Get affordable Fan MGT8012XB-R38 and Elevator fan. Contact us for more details.","_seopress_robots_index":""},"product_brand":[],"product_cat":[91,150],"product_tag":[],"class_list":{"0":"post-7441","1":"product","2":"type-product","3":"status-publish","4":"has-post-thumbnail","6":"product_cat-elevator-fans-and-ac","7":"product_cat-others-brands-parts","9":"first","10":"instock","11":"shipping-taxable","12":"purchasable","13":"product-type-simple"},"_links":{"self":[{"href":"https:\/\/potensilift.com\/pt\/wp-json\/wp\/v2\/product\/7441"}],"collection":[{"href":"https:\/\/potensilift.com\/pt\/wp-json\/wp\/v2\/product"}],"about":[{"href":"https:\/\/potensilift.com\/pt\/wp-json\/wp\/v2\/types\/product"}],"replies":[{"embeddable":true,"href":"https:\/\/potensilift.com\/pt\/wp-json\/wp\/v2\/comments?post=7441"}],"wp:featuredmedia":[{"embeddable":true,"href":"https:\/\/potensilift.com\/pt\/wp-json\/wp\/v2\/media\/7445"}],"wp:attachment":[{"href":"https:\/\/potensilift.com\/pt\/wp-json\/wp\/v2\/media?parent=7441"}],"wp:term":[{"taxonomy":"product_brand","embeddable":true,"href":"https:\/\/potensilift.com\/pt\/wp-json\/wp\/v2\/product_brand?post=7441"},{"taxonomy":"product_cat","embeddable":true,"href":"https:\/\/potensilift.com\/pt\/wp-json\/wp\/v2\/product_cat?post=7441"},{"taxonomy":"product_tag","embeddable":true,"href":"https:\/\/potensilift.com\/pt\/wp-json\/wp\/v2\/product_tag?post=7441"}],"curies":[{"name":"wp","href":"https:\/\/api.w.org\/{rel}","templated":true}]}}