{"id":7398,"date":"2026-02-24T07:49:07","date_gmt":"2026-02-24T07:49:07","guid":{"rendered":"https:\/\/potensilift.com\/?post_type=product&#038;p=7398"},"modified":"2026-02-24T08:54:43","modified_gmt":"2026-02-24T08:54:43","slug":"kone-mx18-elevator-pad-uaed","status":"publish","type":"product","link":"https:\/\/potensilift.com\/pt\/produto\/kone-mx18-elevator-pad-uaed\/","title":{"rendered":"Almofada para KONE MX18"},"content":{"rendered":"<p>Os amortecedores de vibra\u00e7\u00f5es KONE MX18 s\u00e3o componentes de amortecimento de vibra\u00e7\u00f5es especificamente concebidos para as unidades principais dos elevadores KONE MX18. S\u00e3o utilizados principalmente para absorver as vibra\u00e7\u00f5es mec\u00e2nicas e o ru\u00eddo gerado durante o funcionamento do elevador. Possuem um excelente desempenho de isolamento de vibra\u00e7\u00f5es e resist\u00eancia \u00e0s intemp\u00e9ries, prolongando efetivamente a vida \u00fatil da unidade principal e melhorando o conforto dos passageiros.<\/p>\n<h2>KONE MX18 Elevador Par\u00e2metros actualizados<\/h2>\n<table style=\"height: 202px;\" width=\"711\">\n<tbody>\n<tr>\n<td width=\"213\">Marca<\/td>\n<td width=\"213\">Para KONE<\/td>\n<\/tr>\n<tr>\n<td width=\"213\">Produtos<\/td>\n<td width=\"213\">Almofada de elevador utilizada<\/td>\n<\/tr>\n<tr>\n<td width=\"213\">Aplic\u00e1vel<\/td>\n<td width=\"213\">M\u00e1quina de tra\u00e7\u00e3o MX18<\/td>\n<\/tr>\n<tr>\n<td width=\"213\">Local de origem<\/td>\n<td width=\"213\">Original<\/td>\n<\/tr>\n<\/tbody>\n<\/table>\n<h2>Porqu\u00ea escolher a Potensi?<\/h2>\n<p>A Potensi fornece o KONE Elevator Pad uaed de alta qualidade para as correias largas MX18, concebido para proporcionar uma fiabilidade e desempenho excepcionais aos sistemas de elevadores modernos. Como fornecedor de confian\u00e7a de Almofadas de elevador uaed, oferecemos uma vasta gama de produtos, incluindo op\u00e7\u00f5es especializadas como as Almofadas de elevador uaed da KONE, garantindo a compatibilidade com as principais marcas mundiais, tais como \u00a0<a href=\"https:\/\/potensilift.com\/pt\/categoria-produto\/pecas-de-marcas\/for-mitsubishi\/\"><u>Mitsubishi<\/u><\/a>, <a href=\"https:\/\/potensilift.com\/pt\/categoria-produto\/pecas-de-marcas\/para-otis\/\"><u>Otis<\/u><\/a>, <a href=\"https:\/\/potensilift.com\/pt\/categoria-produto\/pecas-de-marcas\/for-tke-thyssenkrupp\/\"><u>Thyssen<\/u><\/a>, <a href=\"https:\/\/potensilift.com\/pt\/categoria-produto\/pecas-de-marcas\/para-a-hyundai\/\"><u>Hyundai<\/u><\/a>e <a href=\"https:\/\/potensilift.com\/pt\/categoria-produto\/pecas-de-marcas\/pecas-de-outras-marcas\/\"><u>outros<\/u><\/a>. Com um amplo estoque e pre\u00e7os competitivos, a Potensi est\u00e1 pronta para atender \u00e0s suas necessidades. <a href=\"https:\/\/potensilift.com\/pt\/contact\/\"><u>Contacto Esther<\/u><\/a>\u00a0hoje - a Potensi espera poder ajud\u00e1-lo a melhorar os seus sistemas de elevadores!<\/p>","protected":false},"excerpt":{"rendered":"<p>Para al\u00e9m do Pad uaed para a MX18, a Potensi oferece tamb\u00e9m pads para outros modelos de m\u00e1quinas de tra\u00e7\u00e3o KONE. Estes modelos incluem o KONE MX06, KONE MX10, KONE MX14, KONE MX20, KONE MX11, KONE MX30, KONE MX40, etc.<\/p>","protected":false},"featured_media":7399,"comment_status":"closed","ping_status":"closed","template":"","meta":{"_seopress_robots_primary_cat":"none","_seopress_titles_title":"KONE Elevator Pad uaed for MX18 | KONE Parts Supplier in China","_seopress_titles_desc":"Get affordable KONE Elevator Pad uaed and Elevator Pad uaed for elevators. Contact us for more details.","_seopress_robots_index":""},"product_brand":[],"product_cat":[128,109],"product_tag":[],"class_list":{"0":"post-7398","1":"product","2":"type-product","3":"status-publish","4":"has-post-thumbnail","6":"product_cat-for-kone","7":"product_cat-others-elevator-parts","9":"first","10":"instock","11":"shipping-taxable","12":"purchasable","13":"product-type-simple"},"_links":{"self":[{"href":"https:\/\/potensilift.com\/pt\/wp-json\/wp\/v2\/product\/7398"}],"collection":[{"href":"https:\/\/potensilift.com\/pt\/wp-json\/wp\/v2\/product"}],"about":[{"href":"https:\/\/potensilift.com\/pt\/wp-json\/wp\/v2\/types\/product"}],"replies":[{"embeddable":true,"href":"https:\/\/potensilift.com\/pt\/wp-json\/wp\/v2\/comments?post=7398"}],"wp:featuredmedia":[{"embeddable":true,"href":"https:\/\/potensilift.com\/pt\/wp-json\/wp\/v2\/media\/7399"}],"wp:attachment":[{"href":"https:\/\/potensilift.com\/pt\/wp-json\/wp\/v2\/media?parent=7398"}],"wp:term":[{"taxonomy":"product_brand","embeddable":true,"href":"https:\/\/potensilift.com\/pt\/wp-json\/wp\/v2\/product_brand?post=7398"},{"taxonomy":"product_cat","embeddable":true,"href":"https:\/\/potensilift.com\/pt\/wp-json\/wp\/v2\/product_cat?post=7398"},{"taxonomy":"product_tag","embeddable":true,"href":"https:\/\/potensilift.com\/pt\/wp-json\/wp\/v2\/product_tag?post=7398"}],"curies":[{"name":"wp","href":"https:\/\/api.w.org\/{rel}","templated":true}]}}