{"id":7391,"date":"2026-02-24T07:28:28","date_gmt":"2026-02-24T07:28:28","guid":{"rendered":"https:\/\/potensilift.com\/?post_type=product&#038;p=7391"},"modified":"2026-02-24T09:05:31","modified_gmt":"2026-02-24T09:05:31","slug":"kone-elevator-pulley","status":"publish","type":"product","link":"https:\/\/potensilift.com\/pt\/produto\/kone-elevator-pulley\/","title":{"rendered":"Polia de elevador para KONE"},"content":{"rendered":"<p>&nbsp;<\/p>\n<p><img fetchpriority=\"high\" decoding=\"async\" class=\"size-medium wp-image-7397\" src=\"https:\/\/potensilift.com\/wp-content\/uploads\/2026\/02\/KONE-pulley-suitable-for-25mm-wide-belts-1-300x300.png\" alt=\"elevator pulley for kone\" width=\"300\" height=\"300\" srcset=\"https:\/\/potensilift.com\/wp-content\/uploads\/2026\/02\/KONE-pulley-suitable-for-25mm-wide-belts-1-300x300.png 300w, https:\/\/potensilift.com\/wp-content\/uploads\/2026\/02\/KONE-pulley-suitable-for-25mm-wide-belts-1-150x150.png 150w, https:\/\/potensilift.com\/wp-content\/uploads\/2026\/02\/KONE-pulley-suitable-for-25mm-wide-belts-1-768x768.png 768w, https:\/\/potensilift.com\/wp-content\/uploads\/2026\/02\/KONE-pulley-suitable-for-25mm-wide-belts-1-600x600.png 600w, https:\/\/potensilift.com\/wp-content\/uploads\/2026\/02\/KONE-pulley-suitable-for-25mm-wide-belts-1-100x100.png 100w, https:\/\/potensilift.com\/wp-content\/uploads\/2026\/02\/KONE-pulley-suitable-for-25mm-wide-belts-1-50x50.png 50w, https:\/\/potensilift.com\/wp-content\/uploads\/2026\/02\/KONE-pulley-suitable-for-25mm-wide-belts-1.png 800w\" sizes=\"(max-width: 300px) 100vw, 300px\" \/><\/p>\n<p>Para al\u00e9m da polia para elevadores KONE, a Potensi tamb\u00e9m oferece polias de outras marcas de elevadores. Incluem-se Otis, Sigma, ESHINE, Sematic, Mitsubishi, Fermator, Selcom, Fuji, etc.<\/p>\n<h2>Par\u00e2metros da polia do elevador KONE<\/h2>\n<table style=\"height: 202px;\" width=\"711\">\n<tbody>\n<tr>\n<td width=\"213\">Marca<\/td>\n<td width=\"213\">Para KONE<\/td>\n<\/tr>\n<tr>\n<td width=\"213\">Produtos<\/td>\n<td width=\"213\">Polia do elevador<\/td>\n<\/tr>\n<tr>\n<td width=\"213\">Largura da correia aplic\u00e1vel<\/td>\n<td width=\"213\">25 mm<\/td>\n<\/tr>\n<tr>\n<td width=\"213\">Local de origem<\/td>\n<td width=\"213\">Original<\/td>\n<\/tr>\n<\/tbody>\n<\/table>\n<h2>Porqu\u00ea escolher a Potensi?<\/h2>\n<p>A Potensi fornece Polia de elevador KONE de alta qualidade, adequada para correias de 25 mm de largura, concebida para proporcionar uma fiabilidade e desempenho excepcionais aos sistemas de elevadores modernos. Como fornecedor fi\u00e1vel de Polia de elevador, oferecemos uma vasta gama de produtos, incluindo op\u00e7\u00f5es especializadas como a Polia de elevador KONE, garantindo a compatibilidade com as principais marcas globais, tais como \u00a0<a href=\"https:\/\/potensilift.com\/pt\/categoria-produto\/pecas-de-marcas\/for-mitsubishi\/\"><u>Mitsubishi<\/u><\/a>, <a href=\"https:\/\/potensilift.com\/pt\/categoria-produto\/pecas-de-marcas\/para-otis\/\"><u>Otis<\/u><\/a>, <a href=\"https:\/\/potensilift.com\/pt\/categoria-produto\/pecas-de-marcas\/for-tke-thyssenkrupp\/\"><u>Thyssen<\/u><\/a>, <a href=\"https:\/\/potensilift.com\/pt\/categoria-produto\/pecas-de-marcas\/para-a-hyundai\/\"><u>Hyundai<\/u><\/a>e <a href=\"https:\/\/potensilift.com\/pt\/categoria-produto\/pecas-de-marcas\/pecas-de-outras-marcas\/\"><u>outros<\/u><\/a>. Com um amplo estoque e pre\u00e7os competitivos, a Potensi est\u00e1 pronta para atender \u00e0s suas necessidades. <a href=\"https:\/\/potensilift.com\/pt\/contact\/\"><u>Contacto Esther<\/u><\/a>\u00a0hoje - a Potensi espera poder ajud\u00e1-lo a melhorar os seus sistemas de elevadores!<\/p>","protected":false},"excerpt":{"rendered":"<p>Para al\u00e9m da polia para elevadores KONE, a Potensi tamb\u00e9m oferece polias de outras marcas de elevadores. Incluem-se Otis, Sigma, ESHINE, Sematic, Mitsubishi, Fermator, Selcom, Fuji, etc.<\/p>","protected":false},"featured_media":7392,"comment_status":"closed","ping_status":"closed","template":"","meta":{"_seopress_robots_primary_cat":"none","_seopress_titles_title":"KONE Elevator Pulley | KONE Parts Supplier in China","_seopress_titles_desc":"Get affordable KONE Elevator Pulley and Elevator Pulley for elevators. Contact us for more details.","_seopress_robots_index":""},"product_brand":[],"product_cat":[128,109],"product_tag":[],"class_list":{"0":"post-7391","1":"product","2":"type-product","3":"status-publish","4":"has-post-thumbnail","6":"product_cat-for-kone","7":"product_cat-others-elevator-parts","9":"first","10":"instock","11":"shipping-taxable","12":"purchasable","13":"product-type-simple"},"_links":{"self":[{"href":"https:\/\/potensilift.com\/pt\/wp-json\/wp\/v2\/product\/7391"}],"collection":[{"href":"https:\/\/potensilift.com\/pt\/wp-json\/wp\/v2\/product"}],"about":[{"href":"https:\/\/potensilift.com\/pt\/wp-json\/wp\/v2\/types\/product"}],"replies":[{"embeddable":true,"href":"https:\/\/potensilift.com\/pt\/wp-json\/wp\/v2\/comments?post=7391"}],"wp:featuredmedia":[{"embeddable":true,"href":"https:\/\/potensilift.com\/pt\/wp-json\/wp\/v2\/media\/7392"}],"wp:attachment":[{"href":"https:\/\/potensilift.com\/pt\/wp-json\/wp\/v2\/media?parent=7391"}],"wp:term":[{"taxonomy":"product_brand","embeddable":true,"href":"https:\/\/potensilift.com\/pt\/wp-json\/wp\/v2\/product_brand?post=7391"},{"taxonomy":"product_cat","embeddable":true,"href":"https:\/\/potensilift.com\/pt\/wp-json\/wp\/v2\/product_cat?post=7391"},{"taxonomy":"product_tag","embeddable":true,"href":"https:\/\/potensilift.com\/pt\/wp-json\/wp\/v2\/product_tag?post=7391"}],"curies":[{"name":"wp","href":"https:\/\/api.w.org\/{rel}","templated":true}]}}