{"id":7375,"date":"2026-02-02T09:48:04","date_gmt":"2026-02-02T09:48:04","guid":{"rendered":"https:\/\/potensilift.com\/?post_type=product&#038;p=7375"},"modified":"2026-03-20T07:33:45","modified_gmt":"2026-03-20T07:33:45","slug":"mitsubishi-elevator-intercom-zdh01-021-gg","status":"publish","type":"product","link":"https:\/\/potensilift.com\/pt\/produto\/mitsubishi-elevator-intercom-zdh01-021-gg\/","title":{"rendered":"Intercomunicador de elevador ZDH01-021-GG para Mitsubishi"},"content":{"rendered":"<p>O intercomunicador para sala de m\u00e1quinas de elevadores ZDH01-021-GG da Mitsubishi \u00e9 um dispositivo de comunica\u00e7\u00e3o profissional concebido especificamente para sistemas de elevadores em edif\u00edcios altos. A principal fun\u00e7\u00e3o do intercomunicador ZDH01-021-GG \u00e9 proporcionar aos passageiros uma comunica\u00e7\u00e3o em tempo real com o pessoal da casa das m\u00e1quinas durante avarias no elevador ou outras emerg\u00eancias, melhorando assim eficazmente as capacidades de resposta a emerg\u00eancias no edif\u00edcio e garantindo a seguran\u00e7a dos passageiros presos. Tamb\u00e9m pode ser utilizado para manuten\u00e7\u00e3o e comunica\u00e7\u00e3o de rotina. Utilizando tecnologia avan\u00e7ada de processamento de sinal digital e design de circuito anti-interfer\u00eancia, suporta prote\u00e7\u00e3o IP55, garantindo um funcionamento est\u00e1vel em ambientes electromagn\u00e9ticos complexos e condi\u00e7\u00f5es adversas, e \u00e9 perfeitamente compat\u00edvel com os sistemas de elevadores Mitsubishi.<\/p>\n<p>Para al\u00e9m do ZDH01-021-GG, a Potensi oferece tamb\u00e9m outros intercomunicadores Mitsubishi. Estes modelos incluem o ZDH01-007, ZDH01-008, ZDH01-020-GG, ZDH01-022-GG, ZDH01-023-GG, ZDH01-024, ZDH01-027-GG, ZDH01-028-GG, ZDH01-029-G, GZ6B02-35, Z6B02-50, Z6B02-53, Z6B02-54, Z6B02-55, Z6B02-60, Z6B02-63, Z6B02-66, Z6B02-67, Z6B02-68, Z6B02-84, Z6B02-86, ME-01M6, Z6B02-33.<\/p>\n<h2>Intercomunicador para elevadores Mitsubishi ZDH01-021-GG Par\u00e2metros<\/h2>\n<table style=\"height: 202px;\" width=\"711\">\n<tbody>\n<tr>\n<td width=\"213\">Marca<\/td>\n<td width=\"213\">Para Mitsubishi<\/td>\n<\/tr>\n<tr>\n<td width=\"213\">Produtos<\/td>\n<td width=\"213\">Intercomunicador para elevador ZDH01-021-GG<\/td>\n<\/tr>\n<tr>\n<td width=\"213\">Modelo<\/td>\n<td width=\"213\">ZDH01-021-GG<\/td>\n<\/tr>\n<tr>\n<td width=\"213\">Local de origem<\/td>\n<td width=\"213\">Original<\/td>\n<\/tr>\n<\/tbody>\n<\/table>\n<h2>Porqu\u00ea escolher a Potensi?<\/h2>\n<p>A Potensi fornece o intercomunicador Mitsubishi Elevator ZDH01-021-GG de alta qualidade, concebido para proporcionar fiabilidade e desempenho excepcionais aos sistemas de elevadores modernos. Como fornecedor fi\u00e1vel de intercomunicadores para elevadores, oferecemos uma vasta gama de produtos, incluindo op\u00e7\u00f5es especializadas como os intercomunicadores para elevadores Mitsubishi, garantindo a compatibilidade com as principais marcas mundiais, tais como \u00a0<a href=\"https:\/\/potensilift.com\/pt\/categoria-produto\/pecas-de-marcas\/for-mitsubishi\/\"><u>Mitsubishi<\/u><\/a>, <a href=\"https:\/\/potensilift.com\/pt\/categoria-produto\/pecas-de-marcas\/para-otis\/\"><u>Otis<\/u><\/a>, <a href=\"https:\/\/potensilift.com\/pt\/categoria-produto\/pecas-de-marcas\/for-tke-thyssenkrupp\/\"><u>Thyssen<\/u><\/a>, <a href=\"https:\/\/potensilift.com\/pt\/categoria-produto\/pecas-de-marcas\/para-a-hyundai\/\"><u>Hyundai<\/u><\/a>e <a href=\"https:\/\/potensilift.com\/pt\/categoria-produto\/pecas-de-marcas\/pecas-de-outras-marcas\/\"><u>outros<\/u><\/a>. Com um amplo estoque e pre\u00e7os competitivos, a Potensi est\u00e1 pronta para atender \u00e0s suas necessidades. <a href=\"https:\/\/potensilift.com\/pt\/contact\/\"><u>Contacto Esther<\/u><\/a>\u00a0hoje - a Potensi espera poder ajud\u00e1-lo a melhorar os seus sistemas de elevadores!<\/p>","protected":false},"excerpt":{"rendered":"<p>Besides the ZDH01-021-GG, Potensi also offers other Mitsubishi intercoms. These models include the ZDH01-007, ZDH01-008, ZDH01-020-GG, <a href=\"https:\/\/potensilift.com\/pt\/produto\/altifalante-de-elevador-mitsubishi-zdh01-022-gg\/\">ZDH01-022-GG<\/a>, ZDH01-023-GG, ZDH01-024, ZDH01-027-GG, ZDH01-028-GG, ZDH01-029-G, GZ6B02-35, Z6B02-50, Z6B02-53, Z6B02-54, Z6B02-55, Z6B02-60, Z6B02-63, Z6B02-66, Z6B02-67, Z6B02-68, Z6B02-84, Z6B02-86, ME-01M6, Z6B02-33.<\/p>","protected":false},"featured_media":7377,"comment_status":"closed","ping_status":"closed","template":"","meta":{"_seopress_robots_primary_cat":"none","_seopress_titles_title":"Mitsubishi Elevator Intercom ZDH01-021-GG | Mitsubishi Parts Supplier in China","_seopress_titles_desc":"Get affordable Mitsubishi Elevator Intercom and Elevator Intercom for elevators. Contact us for more details.","_seopress_robots_index":""},"product_brand":[],"product_cat":[130,109],"product_tag":[],"class_list":{"0":"post-7375","1":"product","2":"type-product","3":"status-publish","4":"has-post-thumbnail","6":"product_cat-for-mitsubishi","7":"product_cat-others-elevator-parts","9":"first","10":"instock","11":"shipping-taxable","12":"purchasable","13":"product-type-simple"},"_links":{"self":[{"href":"https:\/\/potensilift.com\/pt\/wp-json\/wp\/v2\/product\/7375"}],"collection":[{"href":"https:\/\/potensilift.com\/pt\/wp-json\/wp\/v2\/product"}],"about":[{"href":"https:\/\/potensilift.com\/pt\/wp-json\/wp\/v2\/types\/product"}],"replies":[{"embeddable":true,"href":"https:\/\/potensilift.com\/pt\/wp-json\/wp\/v2\/comments?post=7375"}],"wp:featuredmedia":[{"embeddable":true,"href":"https:\/\/potensilift.com\/pt\/wp-json\/wp\/v2\/media\/7377"}],"wp:attachment":[{"href":"https:\/\/potensilift.com\/pt\/wp-json\/wp\/v2\/media?parent=7375"}],"wp:term":[{"taxonomy":"product_brand","embeddable":true,"href":"https:\/\/potensilift.com\/pt\/wp-json\/wp\/v2\/product_brand?post=7375"},{"taxonomy":"product_cat","embeddable":true,"href":"https:\/\/potensilift.com\/pt\/wp-json\/wp\/v2\/product_cat?post=7375"},{"taxonomy":"product_tag","embeddable":true,"href":"https:\/\/potensilift.com\/pt\/wp-json\/wp\/v2\/product_tag?post=7375"}],"curies":[{"name":"wp","href":"https:\/\/api.w.org\/{rel}","templated":true}]}}