{"id":7359,"date":"2026-01-30T10:50:58","date_gmt":"2026-01-30T10:50:58","guid":{"rendered":"https:\/\/potensilift.com\/?post_type=product&#038;p=7359"},"modified":"2026-01-30T11:31:15","modified_gmt":"2026-01-30T11:31:15","slug":"arkel-elevator-control-board-arl-500","status":"publish","type":"product","link":"https:\/\/potensilift.com\/pt\/produto\/arkel-elevator-control-board-arl-500\/","title":{"rendered":"Placa de Controlo de Elevador ARL-500 para Arkel"},"content":{"rendered":"<p>A ARL-500 \u00e9 uma placa de controlo de elevadores plug-and-play de elevado desempenho, concebida para edif\u00edcios de m\u00e9dia e grande dimens\u00e3o. Suporta o controlo de grupo inteligente de at\u00e9 48 pisos e at\u00e9 8 elevadores, com uma velocidade m\u00e1xima de 2,5 metros por segundo, satisfazendo eficazmente as necessidades de um maior fluxo de passageiros e de um funcionamento mais eficiente.<\/p>\n<p>Al\u00e9m da ARL-500, a Potensi tamb\u00e9m oferece outras placas de circuito impresso da Arkel. Estes modelos incluem a KM-10S, <a href=\"https:\/\/potensilift.com\/pt\/produto\/arkel-elevator-control-board-arl-300\/\">ARL-300<\/a>ARL-200S, ARL-100, ARL-700, AKUS SD, KM-10S, KM-20, ApRe, HSR e SP-16.<\/p>\n<h2>Par\u00e2metros da placa de controlo ARL-300 da Arkel<\/h2>\n<table style=\"height: 202px;\" width=\"711\">\n<tbody>\n<tr>\n<td width=\"213\">Marca<\/td>\n<td width=\"213\">Para Arkel<\/td>\n<\/tr>\n<tr>\n<td width=\"213\">Produtos<\/td>\n<td width=\"213\">Placa de controlo do elevador ARL-500<\/td>\n<\/tr>\n<tr>\n<td width=\"213\">Modelo<\/td>\n<td width=\"213\">ARL-500<\/td>\n<\/tr>\n<tr>\n<td width=\"213\">Local de origem<\/td>\n<td width=\"213\">Original<\/td>\n<\/tr>\n<\/tbody>\n<\/table>\n<h2>Porqu\u00ea escolher a Potensi?<\/h2>\n<p>A Potensi fornece Placa de Controlo de Elevador ARL-500 da Arkel de alta qualidade, concebida para proporcionar fiabilidade e desempenho excepcionais para sistemas de elevadores modernos. Como fornecedor fi\u00e1vel de PCB para elevadores, oferecemos uma vasta gama de produtos, incluindo op\u00e7\u00f5es especializadas como a PCB da Arkel, garantindo a compatibilidade com as principais marcas mundiais, tais como \u00a0<a href=\"https:\/\/potensilift.com\/pt\/categoria-produto\/pecas-de-marcas\/for-mitsubishi\/\"><u>Mitsubishi<\/u><\/a>, <a href=\"https:\/\/potensilift.com\/pt\/categoria-produto\/pecas-de-marcas\/para-otis\/\"><u>Otis<\/u><\/a>, <a href=\"https:\/\/potensilift.com\/pt\/categoria-produto\/pecas-de-marcas\/for-tke-thyssenkrupp\/\"><u>Thyssen<\/u><\/a>, <a href=\"https:\/\/potensilift.com\/pt\/categoria-produto\/pecas-de-marcas\/para-a-hyundai\/\"><u>Hyundai<\/u><\/a>e <a href=\"https:\/\/potensilift.com\/pt\/categoria-produto\/pecas-de-marcas\/pecas-de-outras-marcas\/\"><u>outros<\/u><\/a>. Com um amplo estoque e pre\u00e7os competitivos, a Potensi est\u00e1 pronta para atender \u00e0s suas necessidades. <a href=\"https:\/\/potensilift.com\/pt\/contact\/\"><u>Contacto Esther<\/u><\/a>\u00a0hoje - a Potensi espera poder ajud\u00e1-lo a melhorar os seus sistemas de elevadores!<\/p>","protected":false},"excerpt":{"rendered":"<p>Al\u00e9m da ARL-500, a Potensi tamb\u00e9m oferece outras placas de circuito impresso da Arkel. Estes modelos incluem o KM-10S, ARL-300, ARL-200S, ARL-100, ARL-700, AKUS SD, KM-10S, KM-20, ApRe, HSR e SP-16.<\/p>","protected":false},"featured_media":7360,"comment_status":"closed","ping_status":"closed","template":"","meta":{"_seopress_robots_primary_cat":"none","_seopress_titles_title":"Arkel Control Board ARL-500 | Elevator Parts Supplier in China","_seopress_titles_desc":"Get affordable Arkel Control Board ARL-500 and Elevator PCB for elevators. Contact us for more details.","_seopress_robots_index":""},"product_brand":[],"product_cat":[161,150],"product_tag":[],"class_list":{"0":"post-7359","1":"product","2":"type-product","3":"status-publish","4":"has-post-thumbnail","6":"product_cat-elevator-pcb","7":"product_cat-others-brands-parts","9":"first","10":"instock","11":"shipping-taxable","12":"purchasable","13":"product-type-simple"},"_links":{"self":[{"href":"https:\/\/potensilift.com\/pt\/wp-json\/wp\/v2\/product\/7359"}],"collection":[{"href":"https:\/\/potensilift.com\/pt\/wp-json\/wp\/v2\/product"}],"about":[{"href":"https:\/\/potensilift.com\/pt\/wp-json\/wp\/v2\/types\/product"}],"replies":[{"embeddable":true,"href":"https:\/\/potensilift.com\/pt\/wp-json\/wp\/v2\/comments?post=7359"}],"wp:featuredmedia":[{"embeddable":true,"href":"https:\/\/potensilift.com\/pt\/wp-json\/wp\/v2\/media\/7360"}],"wp:attachment":[{"href":"https:\/\/potensilift.com\/pt\/wp-json\/wp\/v2\/media?parent=7359"}],"wp:term":[{"taxonomy":"product_brand","embeddable":true,"href":"https:\/\/potensilift.com\/pt\/wp-json\/wp\/v2\/product_brand?post=7359"},{"taxonomy":"product_cat","embeddable":true,"href":"https:\/\/potensilift.com\/pt\/wp-json\/wp\/v2\/product_cat?post=7359"},{"taxonomy":"product_tag","embeddable":true,"href":"https:\/\/potensilift.com\/pt\/wp-json\/wp\/v2\/product_tag?post=7359"}],"curies":[{"name":"wp","href":"https:\/\/api.w.org\/{rel}","templated":true}]}}