{"id":7354,"date":"2026-01-30T02:42:15","date_gmt":"2026-01-30T02:42:15","guid":{"rendered":"https:\/\/potensilift.com\/?post_type=product&#038;p=7354"},"modified":"2026-01-30T11:32:25","modified_gmt":"2026-01-30T11:32:25","slug":"arkel-elevator-control-board-arl-300","status":"publish","type":"product","link":"https:\/\/potensilift.com\/pt\/produto\/arkel-elevator-control-board-arl-300\/","title":{"rendered":"Placa de Controlo de Elevador ARL-300 para Arkel"},"content":{"rendered":"<p>A ARL-300 \u00e9 uma placa de controlo de elevadores adequada para elevadores hidr\u00e1ulicos ou de cabo de a\u00e7o com um m\u00e1ximo de 24 pisos. \u00c9 compat\u00edvel com v\u00e1rios m\u00e9todos de acionamento, pode gerir at\u00e9 4 elevadores a trabalhar em colabora\u00e7\u00e3o (controlo de grupo), tem uma velocidade m\u00e1xima de 1,6 m\/s e est\u00e1 em conformidade com as normas de seguran\u00e7a EN 81. A principal vantagem deste sistema \u00e9 que os utilizadores podem definir diretamente os par\u00e2metros, visualizar o estado e os c\u00f3digos de falha atrav\u00e9s do ecr\u00e3 LCD na placa de controlo. Possui tamb\u00e9m uma grande variedade de fun\u00e7\u00f5es de seguran\u00e7a e de depura\u00e7\u00e3o, incluindo servi\u00e7os de bombeiro, auto-aprendizagem do veio, controlo de portas e menus multilingues.<\/p>\n<p>Al\u00e9m da ARL-300, a Potensi tamb\u00e9m oferece outras placas de circuito impresso da Arkel. Estes modelos incluem a KM-10S, <a href=\"https:\/\/potensilift.com\/pt\/produto\/arkel-elevator-control-board-arl-500\/\">ARL-500<\/a>ARL-200S, ARL-100, ARL-700, AKUS SD, KM-10S, KM-20, ApRe, HSR e SP-16.<\/p>\n<h2>Par\u00e2metros da placa de controlo ARL-300 da Arkel<\/h2>\n<table style=\"height: 202px;\" width=\"711\">\n<tbody>\n<tr>\n<td width=\"213\">Marca<\/td>\n<td width=\"213\">Para Arkel<\/td>\n<\/tr>\n<tr>\n<td width=\"213\">Produtos<\/td>\n<td width=\"213\">Placa de Controlo do Elevador ARL-300<\/td>\n<\/tr>\n<tr>\n<td width=\"213\">Modelo<\/td>\n<td width=\"213\">ARL-300<\/td>\n<\/tr>\n<tr>\n<td width=\"213\">Local de origem<\/td>\n<td width=\"213\">Original<\/td>\n<\/tr>\n<\/tbody>\n<\/table>\n<h2>Porqu\u00ea escolher a Potensi?<\/h2>\n<p>A Potensi fornece Placa de Controlo de Elevador ARL-300 da Arkel de alta qualidade, concebida para proporcionar fiabilidade e desempenho excepcionais para sistemas de elevadores modernos. Como fornecedor fi\u00e1vel de PCB para elevadores, oferecemos uma vasta gama de produtos, incluindo op\u00e7\u00f5es especializadas como a PCB da Arkel, garantindo a compatibilidade com as principais marcas mundiais, tais como \u00a0<a href=\"https:\/\/potensilift.com\/pt\/categoria-produto\/pecas-de-marcas\/for-mitsubishi\/\"><u>Mitsubishi<\/u><\/a>, <a href=\"https:\/\/potensilift.com\/pt\/categoria-produto\/pecas-de-marcas\/para-otis\/\"><u>Otis<\/u><\/a>, <a href=\"https:\/\/potensilift.com\/pt\/categoria-produto\/pecas-de-marcas\/for-tke-thyssenkrupp\/\"><u>Thyssen<\/u><\/a>, <a href=\"https:\/\/potensilift.com\/pt\/categoria-produto\/pecas-de-marcas\/para-a-hyundai\/\"><u>Hyundai<\/u><\/a>e <a href=\"https:\/\/potensilift.com\/pt\/categoria-produto\/pecas-de-marcas\/pecas-de-outras-marcas\/\"><u>outros<\/u><\/a>. Com um amplo estoque e pre\u00e7os competitivos, a Potensi est\u00e1 pronta para atender \u00e0s suas necessidades. <a href=\"https:\/\/potensilift.com\/pt\/contact\/\"><u>Contacto Esther<\/u><\/a>\u00a0hoje - a Potensi espera poder ajud\u00e1-lo a melhorar os seus sistemas de elevadores!<\/p>","protected":false},"excerpt":{"rendered":"<p>Al\u00e9m da ARL-300, a Potensi tamb\u00e9m oferece outras placas de circuito impresso da Arkel. Estes modelos incluem o KM-10S, ARL-500, ARL-200S, ARL-100, ARL-700, AKUS SD, KM-10S, KM-20, ApRe, HSR e SP-16.<\/p>","protected":false},"featured_media":7355,"comment_status":"closed","ping_status":"closed","template":"","meta":{"_seopress_robots_primary_cat":"none","_seopress_titles_title":"Arkel Control Board ARL-300 | Elevator Parts Supplier in China","_seopress_titles_desc":"Get affordable Arkel Control Board ARL-300 and Elevator PCB for elevators. Contact us for more details.","_seopress_robots_index":""},"product_brand":[],"product_cat":[161,150],"product_tag":[],"class_list":{"0":"post-7354","1":"product","2":"type-product","3":"status-publish","4":"has-post-thumbnail","6":"product_cat-elevator-pcb","7":"product_cat-others-brands-parts","9":"first","10":"instock","11":"shipping-taxable","12":"purchasable","13":"product-type-simple"},"_links":{"self":[{"href":"https:\/\/potensilift.com\/pt\/wp-json\/wp\/v2\/product\/7354"}],"collection":[{"href":"https:\/\/potensilift.com\/pt\/wp-json\/wp\/v2\/product"}],"about":[{"href":"https:\/\/potensilift.com\/pt\/wp-json\/wp\/v2\/types\/product"}],"replies":[{"embeddable":true,"href":"https:\/\/potensilift.com\/pt\/wp-json\/wp\/v2\/comments?post=7354"}],"wp:featuredmedia":[{"embeddable":true,"href":"https:\/\/potensilift.com\/pt\/wp-json\/wp\/v2\/media\/7355"}],"wp:attachment":[{"href":"https:\/\/potensilift.com\/pt\/wp-json\/wp\/v2\/media?parent=7354"}],"wp:term":[{"taxonomy":"product_brand","embeddable":true,"href":"https:\/\/potensilift.com\/pt\/wp-json\/wp\/v2\/product_brand?post=7354"},{"taxonomy":"product_cat","embeddable":true,"href":"https:\/\/potensilift.com\/pt\/wp-json\/wp\/v2\/product_cat?post=7354"},{"taxonomy":"product_tag","embeddable":true,"href":"https:\/\/potensilift.com\/pt\/wp-json\/wp\/v2\/product_tag?post=7354"}],"curies":[{"name":"wp","href":"https:\/\/api.w.org\/{rel}","templated":true}]}}