{"id":7318,"date":"2026-01-13T06:32:05","date_gmt":"2026-01-13T06:32:05","guid":{"rendered":"https:\/\/potensilift.com\/?post_type=product&#038;p=7318"},"modified":"2026-01-13T07:10:09","modified_gmt":"2026-01-13T07:10:09","slug":"tke-pcb-imc-cmc4","status":"publish","type":"product","link":"https:\/\/potensilift.com\/pt\/produto\/tke-pcb-imc-cmc4\/","title":{"rendered":"PCB do elevador IMC CMC4+ para TKE"},"content":{"rendered":"<p>Al\u00e9m da IMC CMC4+, a Potensi tamb\u00e9m oferece outras placas TKE PCB. Estes modelos incluem <a href=\"https:\/\/potensilift.com\/pt\/produto\/elevator-pcb-cn_1a-for-thyssenkrupp\/\">CN_1A<\/a>, <a href=\"https:\/\/potensilift.com\/pt\/produto\/tke-elevator-pcb-743997000\/\">743997000\/743997001<\/a>UCM2 CMC4+ 2665.67MOD (222222), UCP-CMC4, CCU20-1A, BECN-05A, MHCN-1B, BCAT-3A, BCHB, DMCU-1A, DMCU-3F, HCU-34C, UCP-CMC4, etc. N\u00f3s tamb\u00e9m podemos fornecer outras pe\u00e7as de elevador TKE. Todas s\u00e3o novas e genu\u00ednas. Os nossos pre\u00e7os tamb\u00e9m s\u00e3o muito competitivos. Se tiver mais perguntas sobre as pe\u00e7as TKE, n\u00f3s podemos ajud\u00e1-lo.<\/p>\n<h2>TKE PCB IMC CMC4+ Par\u00e2metros<\/h2>\n<table style=\"height: 202px;\" width=\"711\">\n<tbody>\n<tr>\n<td width=\"213\">Marca<\/td>\n<td width=\"213\">Para TKE<\/td>\n<\/tr>\n<tr>\n<td width=\"213\">Produtos<\/td>\n<td width=\"213\">PCB do elevador IMC CMC4+<\/td>\n<\/tr>\n<tr>\n<td width=\"213\">Modelo<\/td>\n<td width=\"213\">IMC CMC4+<\/td>\n<\/tr>\n<tr>\n<td width=\"213\">Local de origem<\/td>\n<td width=\"213\">Original<\/td>\n<\/tr>\n<\/tbody>\n<\/table>\n<h2>Porqu\u00ea escolher a Potensi?<\/h2>\n<p>A Potensi fornece PCB para Elevador TKE IMC CMC4+ de alta qualidade, projetada para oferecer confiabilidade e desempenho excepcionais para sistemas de elevadores modernos. Como fornecedor fi\u00e1vel de PCB para elevadores, oferecemos uma vasta gama de produtos, incluindo op\u00e7\u00f5es especializadas como TKE PCB, garantindo a compatibilidade com as principais marcas mundiais, tais como \u00a0<a href=\"https:\/\/potensilift.com\/pt\/categoria-produto\/pecas-de-marcas\/for-mitsubishi\/\"><u>Mitsubishi<\/u><\/a>, <a href=\"https:\/\/potensilift.com\/pt\/categoria-produto\/pecas-de-marcas\/para-otis\/\"><u>Otis<\/u><\/a>, <a href=\"https:\/\/potensilift.com\/pt\/categoria-produto\/pecas-de-marcas\/for-tke-thyssenkrupp\/\"><u>Thyssen<\/u><\/a>, <a href=\"https:\/\/potensilift.com\/pt\/categoria-produto\/pecas-de-marcas\/para-a-hyundai\/\"><u>Hyundai<\/u><\/a>e <a href=\"https:\/\/potensilift.com\/pt\/categoria-produto\/pecas-de-marcas\/pecas-de-outras-marcas\/\"><u>outros<\/u><\/a>. Com um amplo estoque e pre\u00e7os competitivos, a Potensi est\u00e1 pronta para atender \u00e0s suas necessidades. <a href=\"https:\/\/potensilift.com\/pt\/contact\/\"><u>Contacto Esther<\/u><\/a>\u00a0hoje - a Potensi espera poder ajud\u00e1-lo a melhorar os seus sistemas de elevadores!<\/p>","protected":false},"excerpt":{"rendered":"<p>Al\u00e9m do IMC CMC4+, a Potensi tamb\u00e9m oferece outras placas de circuito impresso TKE. Esses modelos incluem 743997000\/743997001, CN_1A, UCM2 CMC4+ 2665.67MOD (222222), UCP-CMC4, CCU20-1A, BECN-05A, MHCN-1B, BCAT-3A, BCHB, DMCU-1A, DMCU-3F, HCU-34C, UCP-CMC4 e CMBK.<\/p>","protected":false},"featured_media":7319,"comment_status":"closed","ping_status":"closed","template":"","meta":{"_seopress_robots_primary_cat":"none","_seopress_titles_title":"TKE PCB IMC CMC4+ | Elevator Parts Supplier in China","_seopress_titles_desc":"Get affordable TKE Elevator PCB IMC CMC4+ and Elevator PCB for elevators. Contact us for more details.","_seopress_robots_index":""},"product_brand":[],"product_cat":[161,129],"product_tag":[],"class_list":{"0":"post-7318","1":"product","2":"type-product","3":"status-publish","4":"has-post-thumbnail","6":"product_cat-elevator-pcb","7":"product_cat-for-tke-thyssenkrupp","9":"first","10":"instock","11":"shipping-taxable","12":"purchasable","13":"product-type-simple"},"_links":{"self":[{"href":"https:\/\/potensilift.com\/pt\/wp-json\/wp\/v2\/product\/7318"}],"collection":[{"href":"https:\/\/potensilift.com\/pt\/wp-json\/wp\/v2\/product"}],"about":[{"href":"https:\/\/potensilift.com\/pt\/wp-json\/wp\/v2\/types\/product"}],"replies":[{"embeddable":true,"href":"https:\/\/potensilift.com\/pt\/wp-json\/wp\/v2\/comments?post=7318"}],"wp:featuredmedia":[{"embeddable":true,"href":"https:\/\/potensilift.com\/pt\/wp-json\/wp\/v2\/media\/7319"}],"wp:attachment":[{"href":"https:\/\/potensilift.com\/pt\/wp-json\/wp\/v2\/media?parent=7318"}],"wp:term":[{"taxonomy":"product_brand","embeddable":true,"href":"https:\/\/potensilift.com\/pt\/wp-json\/wp\/v2\/product_brand?post=7318"},{"taxonomy":"product_cat","embeddable":true,"href":"https:\/\/potensilift.com\/pt\/wp-json\/wp\/v2\/product_cat?post=7318"},{"taxonomy":"product_tag","embeddable":true,"href":"https:\/\/potensilift.com\/pt\/wp-json\/wp\/v2\/product_tag?post=7318"}],"curies":[{"name":"wp","href":"https:\/\/api.w.org\/{rel}","templated":true}]}}