{"id":7186,"date":"2025-10-31T11:32:07","date_gmt":"2025-10-31T11:32:07","guid":{"rendered":"https:\/\/potensilift.com\/?post_type=product&#038;p=7186"},"modified":"2025-10-31T12:00:38","modified_gmt":"2025-10-31T12:00:38","slug":"elevator-pcb-cn_1a-for-thyssenkrupp","status":"publish","type":"product","link":"https:\/\/potensilift.com\/pt\/produto\/elevator-pcb-cn_1a-for-thyssenkrupp\/","title":{"rendered":"PCB de elevador CN_1A para a Thyssenkrupp"},"content":{"rendered":"<p>A placa de circuito impresso CN_1A da Thyssenkrupp Elevator \u00e9 uma placa de controlo e comunica\u00e7\u00e3o fundamental da s\u00e9rie TAC da Thyssenkrupp, respons\u00e1vel pela gest\u00e3o da troca de sinais, l\u00f3gica de controlo e coordena\u00e7\u00e3o de seguran\u00e7a entre o controlador principal, o sistema de acionamento e a cabina do elevador. Concebida com uma arquitetura robusta e componentes electr\u00f3nicos precisos, a CN_1A assegura uma comunica\u00e7\u00e3o est\u00e1vel em todo o sistema, minimizando o tempo de inatividade e melhorando o desempenho geral do elevador.<\/p>\n<p>Concebida para uma longa vida \u00fatil e um funcionamento consistente, a placa de circuito impresso CN_1A apresenta materiais de alta qualidade, excelente resist\u00eancia a interfer\u00eancias el\u00e9ctricas e um desempenho fi\u00e1vel em condi\u00e7\u00f5es de carga e temperatura vari\u00e1veis. A sua disposi\u00e7\u00e3o de f\u00e1cil utiliza\u00e7\u00e3o simplifica a cablagem e a substitui\u00e7\u00e3o durante a manuten\u00e7\u00e3o, tornando-a uma escolha de confian\u00e7a para t\u00e9cnicos e prestadores de servi\u00e7os de manuten\u00e7\u00e3o que lidam com os sistemas de controlo TKE TAC.<\/p>\n<p>Todas as placas de circuito impresso CN_1A (s\u00e9rie TAC) fornecidas pela POTENSI s\u00e3o genu\u00ednas, novas e testadas na f\u00e1brica para atender aos rigorosos padr\u00f5es de desempenho da Thyssenkrupp. S\u00e3o totalmente compat\u00edveis com as plataformas de controlo TKE TAC, proporcionando uma integra\u00e7\u00e3o suave e um funcionamento fi\u00e1vel.<\/p>\n<p>Na POTENSI, mantemos um forte invent\u00e1rio e apoio t\u00e9cnico profissional para toda a s\u00e9rie TAC da Thyssenkrupp, incluindo CLW-1A, CLW-2A\/3A, CTCR, CMBK, CMBK-BCAT, SY503, CN1A\/1B, CN2A\/2B e CN3A\/3B - estes est\u00e3o entre os nossos produtos mais competitivos e procurados. Al\u00e9m disso, tamb\u00e9m fornecemos placas PCB para outras s\u00e9ries da Thyssenkrupp, abrangendo m\u00f3dulos de comunica\u00e7\u00e3o, acionamento e interface de porta para v\u00e1rias gera\u00e7\u00f5es de sistemas de elevadores TKE.<\/p>\n<h2>Par\u00e2metros do produto<\/h2>\n<table style=\"height: 202px;\" width=\"711\">\n<tbody>\n<tr>\n<td width=\"213\">Marca<\/td>\n<td width=\"213\">Para a Thyssenkrupp<\/td>\n<\/tr>\n<tr>\n<td width=\"213\">Produtos<\/td>\n<td width=\"213\">PCB do elevador CN_1A<\/td>\n<\/tr>\n<tr>\n<td width=\"213\">Modelo<\/td>\n<td width=\"213\">CN_1A<\/td>\n<\/tr>\n<tr>\n<td width=\"213\">Local de origem<\/td>\n<td width=\"213\">Original<\/td>\n<\/tr>\n<\/tbody>\n<\/table>\n<h2>Porqu\u00ea n\u00f3s<\/h2>\n<p>A Potensi fornece PCB para Elevador CN_1A da Thyssenkrupp de alta qualidade, projetada para oferecer confiabilidade e desempenho excepcionais para sistemas de elevadores modernos. Como fornecedor de confian\u00e7a de Placa PCB para Elevador, oferecemos uma vasta gama de produtos, incluindo op\u00e7\u00f5es especializadas como Placa PCB para Elevador Thyssenkrupp, garantindo a compatibilidade com as principais marcas globais, tais como \u00a0<a href=\"https:\/\/potensilift.com\/pt\/categoria-produto\/pecas-de-marcas\/for-mitsubishi\/\"><u>Mitsubishi<\/u><\/a>, <a href=\"https:\/\/potensilift.com\/pt\/categoria-produto\/pecas-de-marcas\/para-otis\/\"><u>Otis<\/u><\/a>, <a href=\"https:\/\/potensilift.com\/pt\/categoria-produto\/pecas-de-marcas\/for-tke-thyssenkrupp\/\"><u>Thyssen<\/u><\/a>, <a href=\"https:\/\/potensilift.com\/pt\/categoria-produto\/pecas-de-marcas\/para-a-hyundai\/\"><u>Hyundai<\/u><\/a>e <a href=\"https:\/\/potensilift.com\/pt\/categoria-produto\/pecas-de-marcas\/pecas-de-outras-marcas\/\"><u>outros<\/u><\/a>. Com um amplo estoque e pre\u00e7os competitivos, a Potensi est\u00e1 pronta para atender \u00e0s suas necessidades. <a href=\"https:\/\/potensilift.com\/pt\/contact\/\"><u>Contacto Esther<\/u><\/a>\u00a0hoje - a Potensi espera poder ajud\u00e1-lo a melhorar os seus sistemas de elevadores!<\/p>","protected":false},"excerpt":{"rendered":"<p>Thyssenkrupp Elevator PCB <strong>CN_1A<\/strong> \u00e9 uma placa de controlo TKE genu\u00edna utilizada nos sistemas de elevadores TAC, respons\u00e1vel pela comunica\u00e7\u00e3o de sinais e pela coordena\u00e7\u00e3o entre os m\u00f3dulos principais. Fornecidas pela POTENSI, todas as placas CN_1A s\u00e3o novas e testadas na f\u00e1brica quanto \u00e0 fiabilidade e compatibilidade com os controladores TAC da Thyssenkrupp. A POTENSI tamb\u00e9m fornece <strong data-start=\"374\" data-end=\"392\">Placas de circuito impresso TKE,<\/strong> incluindo CLW-1A, CLW-2A\/3A, CTCR, CMBK, CMBK-BCAT, SY503, CN1A\/1B, CN2A\/2B e CN3A\/3B - assegurando solu\u00e7\u00f5es completas para projectos de controlo, comunica\u00e7\u00e3o e moderniza\u00e7\u00e3o de elevadores.<\/p>","protected":false},"featured_media":7187,"comment_status":"open","ping_status":"closed","template":"","meta":{"_seopress_robots_primary_cat":"none","_seopress_titles_title":"Thyssenkrupp Elevator PCB Board | Affordable Elevator Parts","_seopress_titles_desc":"Get affordable Thyssenkrupp Elevator PCB Board and Elevator PCB Board for elevators. Quality parts with great value for money.","_seopress_robots_index":""},"product_brand":[],"product_cat":[161,129],"product_tag":[],"class_list":{"0":"post-7186","1":"product","2":"type-product","3":"status-publish","4":"has-post-thumbnail","6":"product_cat-elevator-pcb","7":"product_cat-for-tke-thyssenkrupp","9":"first","10":"instock","11":"shipping-taxable","12":"purchasable","13":"product-type-simple"},"_links":{"self":[{"href":"https:\/\/potensilift.com\/pt\/wp-json\/wp\/v2\/product\/7186"}],"collection":[{"href":"https:\/\/potensilift.com\/pt\/wp-json\/wp\/v2\/product"}],"about":[{"href":"https:\/\/potensilift.com\/pt\/wp-json\/wp\/v2\/types\/product"}],"replies":[{"embeddable":true,"href":"https:\/\/potensilift.com\/pt\/wp-json\/wp\/v2\/comments?post=7186"}],"wp:featuredmedia":[{"embeddable":true,"href":"https:\/\/potensilift.com\/pt\/wp-json\/wp\/v2\/media\/7187"}],"wp:attachment":[{"href":"https:\/\/potensilift.com\/pt\/wp-json\/wp\/v2\/media?parent=7186"}],"wp:term":[{"taxonomy":"product_brand","embeddable":true,"href":"https:\/\/potensilift.com\/pt\/wp-json\/wp\/v2\/product_brand?post=7186"},{"taxonomy":"product_cat","embeddable":true,"href":"https:\/\/potensilift.com\/pt\/wp-json\/wp\/v2\/product_cat?post=7186"},{"taxonomy":"product_tag","embeddable":true,"href":"https:\/\/potensilift.com\/pt\/wp-json\/wp\/v2\/product_tag?post=7186"}],"curies":[{"name":"wp","href":"https:\/\/api.w.org\/{rel}","templated":true}]}}