{"id":7111,"date":"2025-09-02T09:56:29","date_gmt":"2025-09-02T09:56:29","guid":{"rendered":"https:\/\/potensilift.com\/?post_type=product&#038;p=7111"},"modified":"2025-09-22T06:59:20","modified_gmt":"2025-09-22T06:59:20","slug":"escalator-handrail-with-cover-sce-asa00b230a-for-sigma","status":"publish","type":"product","link":"https:\/\/potensilift.com\/pt\/produto\/escalator-handrail-with-cover-sce-asa00b230a-for-sigma\/","title":{"rendered":"Corrim\u00e3o de escada rolante com cobertura SCE ASA00B230*A para Sigma"},"content":{"rendered":"<p>Melhore o conforto e a seguran\u00e7a do utilizador com o POTENSI <strong>Escalator handrail with cover<\/strong>. Este pr\u00e9mio <strong>Corrim\u00e3o de escada rolante com cobertura SCE ASA00B230*A para Sigma<\/strong>\u00a0foi concebido para uma integra\u00e7\u00e3o f\u00e1cil e um funcionamento suave. Quer esteja a melhorar o ambiente geral <strong>Escalator handrail with cover for Sigma<\/strong>\u00a0ou concentrando-se em componentes precisos, a POTENSI garante uma solu\u00e7\u00e3o fi\u00e1vel e duradoura para cada instala\u00e7\u00e3o de escada rolante.<\/p>\n<h2>Par\u00e2metros do produto<\/h2>\n<table>\n<tbody>\n<tr>\n<td width=\"355\">Marca<\/td>\n<td width=\"355\">Para Sigma<\/td>\n<\/tr>\n<tr>\n<td width=\"355\">Produtos<\/td>\n<td width=\"355\">Escalator handrail with cover SCE ASA00B230*A<\/td>\n<\/tr>\n<tr>\n<td width=\"355\">Modelo<\/td>\n<td width=\"355\">SCE ASA00B230*A<\/td>\n<\/tr>\n<tr>\n<td width=\"355\">Local de origem<\/td>\n<td width=\"355\">China<\/td>\n<\/tr>\n<\/tbody>\n<\/table>\n<h2>Porqu\u00ea n\u00f3s<\/h2>\n<p>Potensi provides high-quality Escalator handrail with cover SCE ASA00B230*A for Sigma, engineered to deliver exceptional reliability and performance for modern elevator systems. As a trusted supplier of Escalator handrail with cover, we offer a wide range of products, including specialized options like Escalator handrail with cover for Sigma, ensuring compatibility with top global brands such as \u00a0<a href=\"https:\/\/potensilift.com\/pt\/categoria-produto\/pecas-de-marcas\/for-mitsubishi\/\"><u>Mitsubishi<\/u><\/a>, <a href=\"https:\/\/potensilift.com\/pt\/categoria-produto\/pecas-de-marcas\/para-otis\/\"><u>Otis<\/u><\/a>, <a href=\"https:\/\/potensilift.com\/pt\/categoria-produto\/pecas-de-marcas\/for-tke-thyssenkrupp\/\"><u>Thyssen<\/u><\/a>, <a href=\"https:\/\/potensilift.com\/pt\/categoria-produto\/pecas-de-marcas\/para-a-hyundai\/\"><u>Hyundai<\/u><\/a>e <a href=\"https:\/\/potensilift.com\/pt\/categoria-produto\/pecas-de-marcas\/pecas-de-outras-marcas\/\"><u>outros<\/u><\/a>. Com um amplo estoque e pre\u00e7os competitivos, a Potensi est\u00e1 pronta para atender \u00e0s suas necessidades. <a href=\"https:\/\/potensilift.com\/pt\/contact\/\"><u>Contacto Esther<\/u><\/a>\u00a0hoje - a Potensi espera poder ajud\u00e1-lo a melhorar os seus sistemas de elevadores!<\/p>","protected":false},"excerpt":{"rendered":"<p>POTENSI Escalator handrail with cover SCE ASA00B230*A for Sigma offers outstanding performance and durability, engineered for smooth and reliable escalator operation. Ideal for Escalator handrail with cover.<\/p>","protected":false},"featured_media":7112,"comment_status":"open","ping_status":"closed","template":"","meta":{"_seopress_robots_primary_cat":"none","_seopress_titles_title":"Stylish handrail with cover for Modern Escalators","_seopress_titles_desc":"Enhance your escalator design with the Escalator handrail with cover for Sigma, perfect for creating a stylish and contemporary look.","_seopress_robots_index":""},"product_brand":[],"product_cat":[135,126],"product_tag":[],"class_list":{"0":"post-7111","1":"product","2":"type-product","3":"status-publish","4":"has-post-thumbnail","6":"product_cat-for-lg-sigma","7":"product_cat-others-escalator-parts","9":"first","10":"instock","11":"shipping-taxable","12":"purchasable","13":"product-type-simple"},"_links":{"self":[{"href":"https:\/\/potensilift.com\/pt\/wp-json\/wp\/v2\/product\/7111"}],"collection":[{"href":"https:\/\/potensilift.com\/pt\/wp-json\/wp\/v2\/product"}],"about":[{"href":"https:\/\/potensilift.com\/pt\/wp-json\/wp\/v2\/types\/product"}],"replies":[{"embeddable":true,"href":"https:\/\/potensilift.com\/pt\/wp-json\/wp\/v2\/comments?post=7111"}],"wp:featuredmedia":[{"embeddable":true,"href":"https:\/\/potensilift.com\/pt\/wp-json\/wp\/v2\/media\/7112"}],"wp:attachment":[{"href":"https:\/\/potensilift.com\/pt\/wp-json\/wp\/v2\/media?parent=7111"}],"wp:term":[{"taxonomy":"product_brand","embeddable":true,"href":"https:\/\/potensilift.com\/pt\/wp-json\/wp\/v2\/product_brand?post=7111"},{"taxonomy":"product_cat","embeddable":true,"href":"https:\/\/potensilift.com\/pt\/wp-json\/wp\/v2\/product_cat?post=7111"},{"taxonomy":"product_tag","embeddable":true,"href":"https:\/\/potensilift.com\/pt\/wp-json\/wp\/v2\/product_tag?post=7111"}],"curies":[{"name":"wp","href":"https:\/\/api.w.org\/{rel}","templated":true}]}}