{"id":6938,"date":"2025-07-08T08:25:46","date_gmt":"2025-07-08T08:25:46","guid":{"rendered":"https:\/\/potensilift.com\/?post_type=product&#038;p=6938"},"modified":"2025-07-08T08:45:59","modified_gmt":"2025-07-08T08:45:59","slug":"escalator-slider-for-saney","status":"publish","type":"product","link":"https:\/\/potensilift.com\/pt\/produto\/escalator-slider-for-saney\/","title":{"rendered":"Escada rolante deslizante para Saney"},"content":{"rendered":"<p>Melhore o conforto e a seguran\u00e7a do utilizador com o POTENSI <strong>Escada rolante deslizante<\/strong>. Este pr\u00e9mio <strong>Escada rolante deslizante para Saney<\/strong> foi concebido para uma integra\u00e7\u00e3o f\u00e1cil e um funcionamento suave. Quer esteja a melhorar o ambiente geral <strong>Escada rolante deslizante para Saney<\/strong>\u00a0ou concentrando-se em componentes precisos, a POTENSI garante uma solu\u00e7\u00e3o fi\u00e1vel e duradoura para cada instala\u00e7\u00e3o de escada rolante.<\/p>\n<h2>Par\u00e2metros do produto<\/h2>\n<table>\n<tbody>\n<tr>\n<td width=\"355\">Marca<\/td>\n<td width=\"355\">Para Saney<\/td>\n<\/tr>\n<tr>\n<td width=\"355\">Produtos<\/td>\n<td width=\"355\">Escada rolante deslizante<\/td>\n<\/tr>\n<tr>\n<td width=\"355\">Modelo<\/td>\n<td width=\"355\">Escada rolante deslizante<\/td>\n<\/tr>\n<tr>\n<td width=\"355\">Local de origem<\/td>\n<td width=\"355\">China<\/td>\n<\/tr>\n<\/tbody>\n<\/table>\n<h2>Porqu\u00ea n\u00f3s<\/h2>\n<p>A Potensi fornece Escalator slider para Saney de alta qualidade, concebido para proporcionar uma fiabilidade e desempenho excepcionais aos sistemas de elevadores modernos. Como fornecedor fi\u00e1vel de Escalator slider, oferecemos uma vasta gama de produtos, incluindo op\u00e7\u00f5es especializadas como Escalator slider para Saney, garantindo a compatibilidade com as principais marcas mundiais, tais como \u00a0<a href=\"https:\/\/potensilift.com\/pt\/categoria-produto\/pecas-de-marcas\/for-mitsubishi\/\"><u>Mitsubishi<\/u><\/a>, <a href=\"https:\/\/potensilift.com\/pt\/categoria-produto\/pecas-de-marcas\/para-otis\/\"><u>Otis<\/u><\/a>, <a href=\"https:\/\/potensilift.com\/pt\/categoria-produto\/pecas-de-marcas\/for-tke-thyssenkrupp\/\"><u>Thyssen<\/u><\/a>, <a href=\"https:\/\/potensilift.com\/pt\/categoria-produto\/pecas-de-marcas\/para-a-hyundai\/\"><u>Hyundai<\/u><\/a>e <a href=\"https:\/\/potensilift.com\/pt\/categoria-produto\/pecas-de-marcas\/pecas-de-outras-marcas\/\"><u>outros<\/u><\/a>. Com um amplo estoque e pre\u00e7os competitivos, a Potensi est\u00e1 pronta para atender \u00e0s suas necessidades. <a href=\"https:\/\/potensilift.com\/pt\/contact\/\"><u>Contacto Esther<\/u><\/a>\u00a0hoje - a Potensi espera poder ajud\u00e1-lo a melhorar os seus sistemas de elevadores!<\/p>","protected":false},"excerpt":{"rendered":"<p>O cursor de escada rolante POTENSI para a Saney oferece um desempenho e uma durabilidade excepcionais, concebido para um funcionamento suave e fi\u00e1vel da escada rolante. Ideal para o deslizador de escada rolante.<\/p>","protected":false},"featured_media":6940,"comment_status":"open","ping_status":"closed","template":"","meta":{"_seopress_robots_primary_cat":"none","_seopress_titles_title":"Stylish Escalator slider for Modern Escalators - POTENSI","_seopress_titles_desc":"Enhance your escalator design with the escalator slider for Saney, perfect for creating a stylish and contemporary look.","_seopress_robots_index":""},"product_brand":[],"product_cat":[126,150],"product_tag":[],"class_list":{"0":"post-6938","1":"product","2":"type-product","3":"status-publish","4":"has-post-thumbnail","6":"product_cat-others-escalator-parts","7":"product_cat-others-brands-parts","9":"first","10":"instock","11":"shipping-taxable","12":"purchasable","13":"product-type-simple"},"_links":{"self":[{"href":"https:\/\/potensilift.com\/pt\/wp-json\/wp\/v2\/product\/6938"}],"collection":[{"href":"https:\/\/potensilift.com\/pt\/wp-json\/wp\/v2\/product"}],"about":[{"href":"https:\/\/potensilift.com\/pt\/wp-json\/wp\/v2\/types\/product"}],"replies":[{"embeddable":true,"href":"https:\/\/potensilift.com\/pt\/wp-json\/wp\/v2\/comments?post=6938"}],"wp:featuredmedia":[{"embeddable":true,"href":"https:\/\/potensilift.com\/pt\/wp-json\/wp\/v2\/media\/6940"}],"wp:attachment":[{"href":"https:\/\/potensilift.com\/pt\/wp-json\/wp\/v2\/media?parent=6938"}],"wp:term":[{"taxonomy":"product_brand","embeddable":true,"href":"https:\/\/potensilift.com\/pt\/wp-json\/wp\/v2\/product_brand?post=6938"},{"taxonomy":"product_cat","embeddable":true,"href":"https:\/\/potensilift.com\/pt\/wp-json\/wp\/v2\/product_cat?post=6938"},{"taxonomy":"product_tag","embeddable":true,"href":"https:\/\/potensilift.com\/pt\/wp-json\/wp\/v2\/product_tag?post=6938"}],"curies":[{"name":"wp","href":"https:\/\/api.w.org\/{rel}","templated":true}]}}