{"id":6899,"date":"2025-07-08T06:10:22","date_gmt":"2025-07-08T06:10:22","guid":{"rendered":"https:\/\/potensilift.com\/?post_type=product&#038;p=6899"},"modified":"2025-07-08T06:17:56","modified_gmt":"2025-07-08T06:17:56","slug":"escalator-monitor-mctc-pes-e1-for-monarch","status":"publish","type":"product","link":"https:\/\/potensilift.com\/pt\/produto\/escalator-monitor-mctc-pes-e1-for-monarch\/","title":{"rendered":"Monitor de escada rolante MCTC-PES-E1 para Monarch"},"content":{"rendered":"<p>POTENSI elegante e duradouro <strong>Escalator monitor for Monarch<\/strong> combina um design moderno com carater\u00edsticas de seguran\u00e7a inigual\u00e1veis. Ideal para atualizar um <strong>escalator monitor<\/strong>\u00a0ou introduzindo componentes especializados como o <strong>escalator monitor MCTC-PES-E1 for Monarch<\/strong>, Esta solu\u00e7\u00e3o \u00e9 t\u00e3o funcional como visualmente apelativa. Eleve o estilo e a seguran\u00e7a com a POTENSI hoje mesmo.<\/p>\n<h2>Par\u00e2metros do produto<\/h2>\n<table style=\"height: 245px;\" width=\"726\">\n<tbody>\n<tr>\n<td width=\"213\">Marca<\/td>\n<td width=\"213\">Para a Monarch<\/td>\n<\/tr>\n<tr>\n<td width=\"213\">Produtos<\/td>\n<td width=\"213\">Escalator monitor MCTC-PES-E1<\/td>\n<\/tr>\n<tr>\n<td width=\"213\">Modelo<\/td>\n<td width=\"213\">MCTC-PES-E1<\/td>\n<\/tr>\n<tr>\n<td width=\"213\">Local de origem<\/td>\n<td width=\"213\">China<\/td>\n<\/tr>\n<\/tbody>\n<\/table>\n<h2>Porqu\u00ea n\u00f3s<\/h2>\n<p>Potensi provides high-quality Escalator monitor MCTC-PES-E1 for Monarch, engineered to deliver exceptional reliability and performance for modern elevator systems. As a trusted supplier of Escalator monitor, we offer a wide range of products, including specialized options like Escalator monitor for Monarch, ensuring compatibility with top global brands such as \u00a0<a href=\"https:\/\/potensilift.com\/pt\/categoria-produto\/pecas-de-marcas\/for-mitsubishi\/\"><u>Mitsubishi<\/u><\/a>, <a href=\"https:\/\/potensilift.com\/pt\/categoria-produto\/pecas-de-marcas\/para-otis\/\"><u>Otis<\/u><\/a>, <a href=\"https:\/\/potensilift.com\/pt\/categoria-produto\/pecas-de-marcas\/for-tke-thyssenkrupp\/\"><u>Thyssen<\/u><\/a>, <a href=\"https:\/\/potensilift.com\/pt\/categoria-produto\/pecas-de-marcas\/para-a-hyundai\/\"><u>Hyundai<\/u><\/a>e <a href=\"https:\/\/potensilift.com\/pt\/categoria-produto\/pecas-de-marcas\/pecas-de-outras-marcas\/\"><u>outros<\/u><\/a>. Com um amplo estoque e pre\u00e7os competitivos, a Potensi est\u00e1 pronta para atender \u00e0s suas necessidades. <a href=\"https:\/\/potensilift.com\/pt\/contact\/\"><u>Contacto Esther<\/u><\/a>\u00a0hoje - a Potensi espera poder ajud\u00e1-lo a melhorar os seus sistemas de elevadores!<\/p>","protected":false},"excerpt":{"rendered":"<p>Designed for long-term use, POTENSI\u00a0escalator monitor ensures superior quality and consistent performance. Our\u00a0escalator monitor MCTC-PES-E1 for Monarch is ideal for lasting durability.<\/p>","protected":false},"featured_media":6903,"comment_status":"open","ping_status":"closed","template":"","meta":{"_seopress_robots_primary_cat":"none","_seopress_titles_title":"Escalator monitor MCTC-PES-E1 for Monarch | High-Quality","_seopress_titles_desc":"Discover Escalator monitor MCTC-PES-E1 for Monarch, designed for durability and performance. Our premium parts ensure safety and reliability in every installation.","_seopress_robots_index":""},"product_brand":[],"product_cat":[140,126],"product_tag":[],"class_list":{"0":"post-6899","1":"product","2":"type-product","3":"status-publish","4":"has-post-thumbnail","6":"product_cat-for-monarch","7":"product_cat-others-escalator-parts","9":"first","10":"instock","11":"shipping-taxable","12":"purchasable","13":"product-type-simple"},"_links":{"self":[{"href":"https:\/\/potensilift.com\/pt\/wp-json\/wp\/v2\/product\/6899"}],"collection":[{"href":"https:\/\/potensilift.com\/pt\/wp-json\/wp\/v2\/product"}],"about":[{"href":"https:\/\/potensilift.com\/pt\/wp-json\/wp\/v2\/types\/product"}],"replies":[{"embeddable":true,"href":"https:\/\/potensilift.com\/pt\/wp-json\/wp\/v2\/comments?post=6899"}],"wp:featuredmedia":[{"embeddable":true,"href":"https:\/\/potensilift.com\/pt\/wp-json\/wp\/v2\/media\/6903"}],"wp:attachment":[{"href":"https:\/\/potensilift.com\/pt\/wp-json\/wp\/v2\/media?parent=6899"}],"wp:term":[{"taxonomy":"product_brand","embeddable":true,"href":"https:\/\/potensilift.com\/pt\/wp-json\/wp\/v2\/product_brand?post=6899"},{"taxonomy":"product_cat","embeddable":true,"href":"https:\/\/potensilift.com\/pt\/wp-json\/wp\/v2\/product_cat?post=6899"},{"taxonomy":"product_tag","embeddable":true,"href":"https:\/\/potensilift.com\/pt\/wp-json\/wp\/v2\/product_tag?post=6899"}],"curies":[{"name":"wp","href":"https:\/\/api.w.org\/{rel}","templated":true}]}}