{"id":6854,"date":"2025-07-08T03:12:11","date_gmt":"2025-07-08T03:12:11","guid":{"rendered":"https:\/\/potensilift.com\/?post_type=product&#038;p=6854"},"modified":"2025-07-08T03:17:12","modified_gmt":"2025-07-08T03:17:12","slug":"elevator-flash-light-xvr3b05-12v-for-schneider","status":"publish","type":"product","link":"https:\/\/potensilift.com\/pt\/produto\/elevator-flash-light-xvr3b05-12v-for-schneider\/","title":{"rendered":"Luz intermitente de elevador XVR3B05 12V para Schneider"},"content":{"rendered":"<p>POTENCIAL <strong>Luz intermitente de elevador XVR3B05 12V para Schneider<\/strong> \u00e9 a chave para manter uma experi\u00eancia de elevador suave e est\u00e1vel. Concebida com precis\u00e3o e fabricada com materiais de alta qualidade, esta solu\u00e7\u00e3o integra-se perfeitamente no seu sistema, garantindo fiabilidade e desempenho a longo prazo. Quer esteja a atualizar <strong>Luz de flash do elevador<\/strong> ou \u00e0 procura de melhorias espec\u00edficas como <strong>Lanterna de elevador para Schneider<\/strong>A POTENSI oferece solu\u00e7\u00f5es fi\u00e1veis e f\u00e1ceis de instalar. Eleve a estabilidade com confian\u00e7a hoje mesmo.<\/p>\n<h2>Par\u00e2metros do produto<\/h2>\n<table style=\"height: 220px;\" width=\"741\">\n<tbody>\n<tr>\n<td width=\"213\">Marca<\/td>\n<td width=\"213\">Para a Schneider<\/td>\n<\/tr>\n<tr>\n<td width=\"213\">Produtos<\/td>\n<td width=\"213\">Luz intermitente do elevador XVR3B05 12V<\/td>\n<\/tr>\n<tr>\n<td width=\"213\">Modelo<\/td>\n<td width=\"213\">XVR3B05<\/td>\n<\/tr>\n<tr>\n<td width=\"213\">Local de origem<\/td>\n<td width=\"213\">China<\/td>\n<\/tr>\n<\/tbody>\n<\/table>\n<h2>Porqu\u00ea n\u00f3s<\/h2>\n<p>A Potensi fornece luz de flash para elevador XVR3B05 12V para Schneider de alta qualidade, concebida para proporcionar fiabilidade e desempenho excepcionais aos sistemas de elevadores modernos. Enquanto fornecedor de confian\u00e7a de Luz de flash para elevador, oferecemos uma vasta gama de produtos, incluindo op\u00e7\u00f5es especializadas como Luz de flash para elevador para Schneider, garantindo a compatibilidade com as principais marcas mundiais, tais como \u00a0<a href=\"https:\/\/potensilift.com\/pt\/categoria-produto\/pecas-de-marcas\/for-mitsubishi\/\"><u>Mitsubishi<\/u><\/a>, <a href=\"https:\/\/potensilift.com\/pt\/categoria-produto\/pecas-de-marcas\/para-otis\/\"><u>Otis<\/u><\/a>, <a href=\"https:\/\/potensilift.com\/pt\/categoria-produto\/pecas-de-marcas\/for-tke-thyssenkrupp\/\"><u>Thyssen<\/u><\/a>, <a href=\"https:\/\/potensilift.com\/pt\/categoria-produto\/pecas-de-marcas\/para-a-hyundai\/\"><u>Hyundai<\/u><\/a>e <a href=\"https:\/\/potensilift.com\/pt\/categoria-produto\/pecas-de-marcas\/pecas-de-outras-marcas\/\"><u>outros<\/u><\/a>. Com um amplo estoque e pre\u00e7os competitivos, a Potensi est\u00e1 pronta para atender \u00e0s suas necessidades. <a href=\"https:\/\/potensilift.com\/pt\/contact\/\"><u>Contacto Esther<\/u><\/a>\u00a0hoje - a Potensi espera poder ajud\u00e1-lo a melhorar os seus sistemas de elevadores!<\/p>","protected":false},"excerpt":{"rendered":"<p>A luz de flash para elevadores POTENSI para Schneider proporciona fiabilidade e precis\u00e3o duradouras, tornando-a uma solu\u00e7\u00e3o ideal para o bom funcionamento do elevador. Perfeita para aplica\u00e7\u00f5es como a luz de flash de elevador XVR3B05 12V para Schneider.<\/p>","protected":false},"featured_media":6858,"comment_status":"open","ping_status":"closed","template":"","meta":{"_seopress_robots_primary_cat":"none","_seopress_titles_title":"Elevator flash light XVR3B05 12V for Schneider | Elevator Solutions","_seopress_titles_desc":"Explore our wide range of Elevator flash light and Elevator flash light XVR3B05 12V for Schneider for elevators. Ideal for maintenance and upgrades.","_seopress_robots_index":""},"product_brand":[],"product_cat":[109,150],"product_tag":[],"class_list":{"0":"post-6854","1":"product","2":"type-product","3":"status-publish","4":"has-post-thumbnail","6":"product_cat-others-elevator-parts","7":"product_cat-others-brands-parts","9":"first","10":"instock","11":"shipping-taxable","12":"purchasable","13":"product-type-simple"},"_links":{"self":[{"href":"https:\/\/potensilift.com\/pt\/wp-json\/wp\/v2\/product\/6854"}],"collection":[{"href":"https:\/\/potensilift.com\/pt\/wp-json\/wp\/v2\/product"}],"about":[{"href":"https:\/\/potensilift.com\/pt\/wp-json\/wp\/v2\/types\/product"}],"replies":[{"embeddable":true,"href":"https:\/\/potensilift.com\/pt\/wp-json\/wp\/v2\/comments?post=6854"}],"wp:featuredmedia":[{"embeddable":true,"href":"https:\/\/potensilift.com\/pt\/wp-json\/wp\/v2\/media\/6858"}],"wp:attachment":[{"href":"https:\/\/potensilift.com\/pt\/wp-json\/wp\/v2\/media?parent=6854"}],"wp:term":[{"taxonomy":"product_brand","embeddable":true,"href":"https:\/\/potensilift.com\/pt\/wp-json\/wp\/v2\/product_brand?post=6854"},{"taxonomy":"product_cat","embeddable":true,"href":"https:\/\/potensilift.com\/pt\/wp-json\/wp\/v2\/product_cat?post=6854"},{"taxonomy":"product_tag","embeddable":true,"href":"https:\/\/potensilift.com\/pt\/wp-json\/wp\/v2\/product_tag?post=6854"}],"curies":[{"name":"wp","href":"https:\/\/api.w.org\/{rel}","templated":true}]}}