{"id":6802,"date":"2025-07-08T01:08:14","date_gmt":"2025-07-08T01:08:14","guid":{"rendered":"https:\/\/potensilift.com\/?post_type=product&#038;p=6802"},"modified":"2025-07-08T01:31:02","modified_gmt":"2025-07-08T01:31:02","slug":"elevator-proximity-sensor-rms12-ph-c60","status":"publish","type":"product","link":"https:\/\/potensilift.com\/pt\/produto\/elevator-proximity-sensor-rms12-ph-c60\/","title":{"rendered":"Sensor de proximidade para elevadores RMS12-PH-C60"},"content":{"rendered":"<p>Experimente seguran\u00e7a e efici\u00eancia inigual\u00e1veis com POTENSI <strong>Elevator Proximity Sensor<\/strong>. Concebida com materiais de primeira qualidade, esta <strong>Sensor de proximidade para elevadores RMS12-PH-C60<\/strong> garante um funcionamento preciso e uma integra\u00e7\u00e3o sem esfor\u00e7o no seu sistema de elevadores. Quer necessite de um elevador fi\u00e1vel <strong>Potensi Elevator Proximity Sensor<\/strong> Para ambientes de elevada exig\u00eancia ou para uma melhoria da seguran\u00e7a \u00e0 medida, confie na POTENSI para obter uma qualidade e um desempenho excepcionais.<\/p>\n<h2>Par\u00e2metros do produto<\/h2>\n<table>\n<tbody>\n<tr>\n<td width=\"284\">Marca<\/td>\n<td width=\"284\">Potensi<\/td>\n<\/tr>\n<tr>\n<td width=\"284\">Produtos<\/td>\n<td width=\"284\">Sensor de proximidade para elevadores RMS12-PH-C60<\/td>\n<\/tr>\n<tr>\n<td width=\"284\">Modelo<\/td>\n<td width=\"284\">RMS12-PH-C60<\/td>\n<\/tr>\n<tr>\n<td width=\"284\">Local de origem<\/td>\n<td width=\"284\">Original<\/td>\n<\/tr>\n<\/tbody>\n<\/table>\n<h2>Porqu\u00ea n\u00f3s<\/h2>\n<p>Potensi provides high-quality Elevator Proximity Sensor RMS12-PH-C60, engineered to deliver exceptional reliability and performance for modern elevator systems. As a trusted supplier of Elevator sensor, we offer a wide range of products, including specialized options like Elevator Proximity Sensor, ensuring compatibility with top global brands such as \u00a0<a href=\"https:\/\/potensilift.com\/pt\/categoria-produto\/pecas-de-marcas\/for-mitsubishi\/\"><u>Mitsubishi<\/u><\/a>, <a href=\"https:\/\/potensilift.com\/pt\/categoria-produto\/pecas-de-marcas\/para-otis\/\"><u>Otis<\/u><\/a>, <a href=\"https:\/\/potensilift.com\/pt\/categoria-produto\/pecas-de-marcas\/for-tke-thyssenkrupp\/\"><u>Thyssen<\/u><\/a>, <a href=\"https:\/\/potensilift.com\/pt\/categoria-produto\/pecas-de-marcas\/para-a-hyundai\/\"><u>Hyundai<\/u><\/a>e <a href=\"https:\/\/potensilift.com\/pt\/categoria-produto\/pecas-de-marcas\/pecas-de-outras-marcas\/\"><u>outros<\/u><\/a>. Com um amplo estoque e pre\u00e7os competitivos, a Potensi est\u00e1 pronta para atender \u00e0s suas necessidades. <a href=\"https:\/\/potensilift.com\/pt\/contact\/\"><u>Contacto Esther<\/u><\/a>\u00a0hoje - a Potensi espera poder ajud\u00e1-lo a melhorar os seus sistemas de elevadores!<\/p>","protected":false},"excerpt":{"rendered":"<p>Ensure smooth and safe operation with POTENSI Elevator sensor, crafted for precise compatibility with your system. Our Elevator Proximity Sensor RMS12-PH-C60 offers reliable performance.<\/p>","protected":false},"featured_media":6805,"comment_status":"open","ping_status":"closed","template":"","meta":{"_seopress_robots_primary_cat":"none","_seopress_titles_title":"Elevator Proximity Sensor RMS12-PH-C60 | Elevator Components","_seopress_titles_desc":"Find the best Elevator Proximity Sensor RMS12-PH-C60 for your elevator needs. Elevator Proximity Sensor options available for specific applications.","_seopress_robots_index":""},"product_brand":[],"product_cat":[159,150],"product_tag":[],"class_list":{"0":"post-6802","1":"product","2":"type-product","3":"status-publish","4":"has-post-thumbnail","6":"product_cat-elevator-door-sensor","7":"product_cat-others-brands-parts","9":"first","10":"instock","11":"shipping-taxable","12":"purchasable","13":"product-type-simple"},"_links":{"self":[{"href":"https:\/\/potensilift.com\/pt\/wp-json\/wp\/v2\/product\/6802"}],"collection":[{"href":"https:\/\/potensilift.com\/pt\/wp-json\/wp\/v2\/product"}],"about":[{"href":"https:\/\/potensilift.com\/pt\/wp-json\/wp\/v2\/types\/product"}],"replies":[{"embeddable":true,"href":"https:\/\/potensilift.com\/pt\/wp-json\/wp\/v2\/comments?post=6802"}],"wp:featuredmedia":[{"embeddable":true,"href":"https:\/\/potensilift.com\/pt\/wp-json\/wp\/v2\/media\/6805"}],"wp:attachment":[{"href":"https:\/\/potensilift.com\/pt\/wp-json\/wp\/v2\/media?parent=6802"}],"wp:term":[{"taxonomy":"product_brand","embeddable":true,"href":"https:\/\/potensilift.com\/pt\/wp-json\/wp\/v2\/product_brand?post=6802"},{"taxonomy":"product_cat","embeddable":true,"href":"https:\/\/potensilift.com\/pt\/wp-json\/wp\/v2\/product_cat?post=6802"},{"taxonomy":"product_tag","embeddable":true,"href":"https:\/\/potensilift.com\/pt\/wp-json\/wp\/v2\/product_tag?post=6802"}],"curies":[{"name":"wp","href":"https:\/\/api.w.org\/{rel}","templated":true}]}}