{"id":6750,"date":"2025-06-13T10:03:31","date_gmt":"2025-06-13T10:03:31","guid":{"rendered":"https:\/\/potensilift.com\/?post_type=product&#038;p=6750"},"modified":"2025-06-13T10:06:20","modified_gmt":"2025-06-13T10:06:20","slug":"elevator-contactor-lc1dt40md-4-pol-ac1-40a-220vdc-for-schneider","status":"publish","type":"product","link":"https:\/\/potensilift.com\/pt\/produto\/elevator-contactor-lc1dt40md-4-pol-ac1-40a-220vdc-for-schneider\/","title":{"rendered":"Contactor de elevador LC1DT40MD 4 POL. AC1 40A 220VDC para Schneider"},"content":{"rendered":"<p>POTENCIAL <strong>Contactor de elevador Schneider LC1DT40MD 4 POL. AC1 40A 220VDC<\/strong> \u00e9 a chave para manter uma experi\u00eancia de elevador suave e est\u00e1vel. Concebida com precis\u00e3o e fabricada com materiais de alta qualidade, esta solu\u00e7\u00e3o integra-se perfeitamente no seu sistema, garantindo fiabilidade e desempenho a longo prazo. Quer esteja a atualizar <strong>contactor do elevador<\/strong> ou \u00e0 procura de melhorias espec\u00edficas como <strong>Contactor de elevador Schneider<\/strong>A POTENSI oferece solu\u00e7\u00f5es fi\u00e1veis e f\u00e1ceis de instalar. Eleve a estabilidade com confian\u00e7a hoje mesmo.<\/p>\n<h2>Par\u00e2metros do produto<\/h2>\n<table style=\"height: 220px;\" width=\"741\">\n<tbody>\n<tr>\n<td width=\"213\">Marca<\/td>\n<td width=\"213\">Para a Schneider<\/td>\n<\/tr>\n<tr>\n<td width=\"213\">Produtos<\/td>\n<td width=\"213\">Contactor de elevador LC1DT40MD 4 POL. AC1 40A 220VDC<\/td>\n<\/tr>\n<tr>\n<td width=\"213\">Modelo<\/td>\n<td width=\"213\">LC1DT40MD 4 POL. AC1 40A 220VDC<\/td>\n<\/tr>\n<tr>\n<td width=\"213\">Local de origem<\/td>\n<td width=\"213\">China<\/td>\n<\/tr>\n<\/tbody>\n<\/table>\n<h2>Porqu\u00ea n\u00f3s<\/h2>\n<p>A Potensi fornece um contactor de elevador Schneider de alta qualidade LC1DT40MD 4 POL. AC1 40A 220VDC, concebido para proporcionar uma fiabilidade e desempenho excepcionais para sistemas de elevadores modernos. Como fornecedor de confian\u00e7a de contactor de elevador, oferecemos uma vasta gama de produtos, incluindo op\u00e7\u00f5es especializadas como o contactor de elevador Schneider, garantindo a compatibilidade com as principais marcas globais, tais como \u00a0<a href=\"https:\/\/potensilift.com\/pt\/categoria-produto\/pecas-de-marcas\/for-mitsubishi\/\"><u>Mitsubishi<\/u><\/a>, <a href=\"https:\/\/potensilift.com\/pt\/categoria-produto\/pecas-de-marcas\/para-otis\/\"><u>Otis<\/u><\/a>, <a href=\"https:\/\/potensilift.com\/pt\/categoria-produto\/pecas-de-marcas\/for-tke-thyssenkrupp\/\"><u>Thyssen<\/u><\/a>, <a href=\"https:\/\/potensilift.com\/pt\/categoria-produto\/pecas-de-marcas\/para-a-hyundai\/\"><u>Hyundai<\/u><\/a>e <a href=\"https:\/\/potensilift.com\/pt\/categoria-produto\/pecas-de-marcas\/pecas-de-outras-marcas\/\"><u>outros<\/u><\/a>. Com um amplo estoque e pre\u00e7os competitivos, a Potensi est\u00e1 pronta para atender \u00e0s suas necessidades. <a href=\"https:\/\/potensilift.com\/pt\/contact\/\"><u>Contacto Esther<\/u><\/a>\u00a0hoje - a Potensi espera poder ajud\u00e1-lo a melhorar os seus sistemas de elevadores!<\/p>","protected":false},"excerpt":{"rendered":"<p>O contactor de elevador POTENSI proporciona fiabilidade e precis\u00e3o duradouras, tornando-o a solu\u00e7\u00e3o ideal para o bom funcionamento do elevador. Perfeito para aplica\u00e7\u00f5es como o contactor de elevador Schneider LC1DT40MD 4 POL. AC1 40A 220VDC.<\/p>","protected":false},"featured_media":6753,"comment_status":"open","ping_status":"closed","template":"","meta":{"_seopress_robots_primary_cat":"none","_seopress_titles_title":"Schneider elevator contactor LC1DT40MD 4 POL. AC1 40A 220VDC | Elevator Solutions","_seopress_titles_desc":"Explore our wide range of elevator contactor and Schneider elevator contactor LC1DT40MD 4 POL. AC1 40A 220VDC for elevators. Ideal for maintenance and upgrades.","_seopress_robots_index":""},"product_brand":[],"product_cat":[109,150],"product_tag":[],"class_list":{"0":"post-6750","1":"product","2":"type-product","3":"status-publish","4":"has-post-thumbnail","6":"product_cat-others-elevator-parts","7":"product_cat-others-brands-parts","9":"first","10":"instock","11":"shipping-taxable","12":"purchasable","13":"product-type-simple"},"_links":{"self":[{"href":"https:\/\/potensilift.com\/pt\/wp-json\/wp\/v2\/product\/6750"}],"collection":[{"href":"https:\/\/potensilift.com\/pt\/wp-json\/wp\/v2\/product"}],"about":[{"href":"https:\/\/potensilift.com\/pt\/wp-json\/wp\/v2\/types\/product"}],"replies":[{"embeddable":true,"href":"https:\/\/potensilift.com\/pt\/wp-json\/wp\/v2\/comments?post=6750"}],"wp:featuredmedia":[{"embeddable":true,"href":"https:\/\/potensilift.com\/pt\/wp-json\/wp\/v2\/media\/6753"}],"wp:attachment":[{"href":"https:\/\/potensilift.com\/pt\/wp-json\/wp\/v2\/media?parent=6750"}],"wp:term":[{"taxonomy":"product_brand","embeddable":true,"href":"https:\/\/potensilift.com\/pt\/wp-json\/wp\/v2\/product_brand?post=6750"},{"taxonomy":"product_cat","embeddable":true,"href":"https:\/\/potensilift.com\/pt\/wp-json\/wp\/v2\/product_cat?post=6750"},{"taxonomy":"product_tag","embeddable":true,"href":"https:\/\/potensilift.com\/pt\/wp-json\/wp\/v2\/product_tag?post=6750"}],"curies":[{"name":"wp","href":"https:\/\/api.w.org\/{rel}","templated":true}]}}