{"id":6698,"date":"2025-06-11T09:48:32","date_gmt":"2025-06-11T09:48:32","guid":{"rendered":"https:\/\/potensilift.com\/?post_type=product&#038;p=6698"},"modified":"2025-06-11T09:55:35","modified_gmt":"2025-06-11T09:55:35","slug":"elevator-resistor-fuse-1alf-for-hyundai","status":"publish","type":"product","link":"https:\/\/potensilift.com\/pt\/produto\/elevator-resistor-fuse-1alf-for-hyundai\/","title":{"rendered":"Fus\u00edvel da resist\u00eancia do elevador 1ALF para Hyundai"},"content":{"rendered":"<p>Pretende melhorar o desempenho da sua porta de elevador? <strong>Fus\u00edvel da resist\u00eancia do elevador para Hyundai<\/strong> combina componentes duradouros e engenharia inovadora para garantir opera\u00e7\u00f5es suaves e precisas. Se precisa de uma m\u00e1quina fi\u00e1vel <strong>Fus\u00edvel da resist\u00eancia do elevador<\/strong>\u00a0para uso geral ou avan\u00e7ado <strong>Fus\u00edvel da resist\u00eancia do elevador 1ALF para a interface Hyundai PCB 20400068<\/strong>\u00a0para sistemas especializados, a POTENSI oferece o equil\u00edbrio perfeito entre seguran\u00e7a e fiabilidade.<\/p>\n<h2>Par\u00e2metros do produto<\/h2>\n<table style=\"height: 223px;\" width=\"752\">\n<tbody>\n<tr>\n<td width=\"213\">Marca<\/td>\n<td width=\"213\">Para a Hyundai<\/td>\n<\/tr>\n<tr>\n<td width=\"213\">Produtos<\/td>\n<td width=\"213\">Fus\u00edvel da resist\u00eancia do elevador 1ALF para a interface Hyundai PCB 20400068<\/td>\n<\/tr>\n<tr>\n<td width=\"213\">Modelo<\/td>\n<td width=\"213\">1ALF<\/td>\n<\/tr>\n<tr>\n<td width=\"213\">Local de origem<\/td>\n<td width=\"213\">China<\/td>\n<\/tr>\n<\/tbody>\n<\/table>\n<h2>Porqu\u00ea n\u00f3s<\/h2>\n<p>A Potensi fornece fus\u00edvel de resistor de elevador 1ALF de alta qualidade para PCB de interface Hyundai 20400068, projetado para fornecer confiabilidade e desempenho excepcionais para sistemas de elevadores modernos. Como um fornecedor confi\u00e1vel de fus\u00edvel de resist\u00eancia para elevador, oferecemos uma ampla gama de produtos, incluindo op\u00e7\u00f5es especializadas como fus\u00edvel de resist\u00eancia para elevador para Hyundai, garantindo a compatibilidade com as principais marcas globais, como \u00a0<a href=\"https:\/\/potensilift.com\/pt\/categoria-produto\/pecas-de-marcas\/for-mitsubishi\/\"><u>Mitsubishi<\/u><\/a>, <a href=\"https:\/\/potensilift.com\/pt\/categoria-produto\/pecas-de-marcas\/para-otis\/\"><u>Otis<\/u><\/a>, <a href=\"https:\/\/potensilift.com\/pt\/categoria-produto\/pecas-de-marcas\/for-tke-thyssenkrupp\/\"><u>Thyssen<\/u><\/a>, <a href=\"https:\/\/potensilift.com\/pt\/categoria-produto\/pecas-de-marcas\/para-a-hyundai\/\"><u>Hyundai<\/u><\/a>e <a href=\"https:\/\/potensilift.com\/pt\/categoria-produto\/pecas-de-marcas\/pecas-de-outras-marcas\/\"><u>outros<\/u><\/a>. Com um amplo estoque e pre\u00e7os competitivos, a Potensi est\u00e1 pronta para atender \u00e0s suas necessidades. <a href=\"https:\/\/potensilift.com\/pt\/contact\/\"><u>Contacto Esther<\/u><\/a>\u00a0hoje - a Potensi espera poder ajud\u00e1-lo a melhorar os seus sistemas de elevadores!<\/p>","protected":false},"excerpt":{"rendered":"<p>Actualize o seu sistema de elevador com o fus\u00edvel de resist\u00eancia para elevador da Hyundai, concebido para uma integra\u00e7\u00e3o perfeita e um desempenho excecional. O nosso fus\u00edvel de resist\u00eancia de elevador garante uma efici\u00eancia a longo prazo.<\/p>","protected":false},"featured_media":6699,"comment_status":"open","ping_status":"closed","template":"","meta":{"_seopress_robots_primary_cat":"none","_seopress_titles_title":"Elevator resistor fuse for Hyundai| Affordable Elevator Parts","_seopress_titles_desc":"Get affordable Elevator resistor fuse for Hyundai and Elevator resistor fuse for elevators. Quality parts with great value for money.","_seopress_robots_index":""},"product_brand":[],"product_cat":[134,109],"product_tag":[],"class_list":{"0":"post-6698","1":"product","2":"type-product","3":"status-publish","4":"has-post-thumbnail","6":"product_cat-for-hyundai","7":"product_cat-others-elevator-parts","9":"first","10":"instock","11":"shipping-taxable","12":"purchasable","13":"product-type-simple"},"_links":{"self":[{"href":"https:\/\/potensilift.com\/pt\/wp-json\/wp\/v2\/product\/6698"}],"collection":[{"href":"https:\/\/potensilift.com\/pt\/wp-json\/wp\/v2\/product"}],"about":[{"href":"https:\/\/potensilift.com\/pt\/wp-json\/wp\/v2\/types\/product"}],"replies":[{"embeddable":true,"href":"https:\/\/potensilift.com\/pt\/wp-json\/wp\/v2\/comments?post=6698"}],"wp:featuredmedia":[{"embeddable":true,"href":"https:\/\/potensilift.com\/pt\/wp-json\/wp\/v2\/media\/6699"}],"wp:attachment":[{"href":"https:\/\/potensilift.com\/pt\/wp-json\/wp\/v2\/media?parent=6698"}],"wp:term":[{"taxonomy":"product_brand","embeddable":true,"href":"https:\/\/potensilift.com\/pt\/wp-json\/wp\/v2\/product_brand?post=6698"},{"taxonomy":"product_cat","embeddable":true,"href":"https:\/\/potensilift.com\/pt\/wp-json\/wp\/v2\/product_cat?post=6698"},{"taxonomy":"product_tag","embeddable":true,"href":"https:\/\/potensilift.com\/pt\/wp-json\/wp\/v2\/product_tag?post=6698"}],"curies":[{"name":"wp","href":"https:\/\/api.w.org\/{rel}","templated":true}]}}