{"id":6687,"date":"2025-06-11T08:03:05","date_gmt":"2025-06-11T08:03:05","guid":{"rendered":"https:\/\/potensilift.com\/?post_type=product&#038;p=6687"},"modified":"2025-06-11T08:08:40","modified_gmt":"2025-06-11T08:08:40","slug":"codificador-c50-h-1024-zcu-410-l2-para-lika","status":"publish","type":"product","link":"https:\/\/potensilift.com\/pt\/produto\/codificador-c50-h-1024-zcu-410-l2-para-lika\/","title":{"rendered":"Codificador C50-H-1024 ZCU 410 L2 para Lika"},"content":{"rendered":"<p>POTENCIAL <strong>Codificador C50-H-1024 ZCU 410 L2 para Lika<\/strong>\u00a0redefine a seguran\u00e7a nas opera\u00e7\u00f5es de elevador. Fabricado com materiais de qualidade superior e um trabalho artesanal meticuloso, integra-se perfeitamente no seu <strong>Codificador de elevador para Lika<\/strong>\u00a0para garantir a fiabilidade a longo prazo. De geral <strong>Codificador do elevador<\/strong> Actualizadas para aplica\u00e7\u00f5es de seguran\u00e7a espec\u00edficas, as solu\u00e7\u00f5es POTENSI s\u00e3o constru\u00eddas para satisfazer e exceder as normas mais rigorosas.<\/p>\n<h2>Par\u00e2metros do produto<\/h2>\n<table style=\"height: 254px;\" width=\"761\">\n<tbody>\n<tr>\n<td width=\"213\">Marca<\/td>\n<td width=\"213\">Para Lika<\/td>\n<\/tr>\n<tr>\n<td width=\"213\">Produtos<\/td>\n<td width=\"213\">Codificador C50-H-1024 ZCU 410 L2<\/td>\n<\/tr>\n<tr>\n<td width=\"213\">Modelo<\/td>\n<td width=\"213\">C50-H-1024 ZCU 410 L2<\/td>\n<\/tr>\n<tr>\n<td width=\"213\">Local de origem<\/td>\n<td width=\"213\">China<\/td>\n<\/tr>\n<\/tbody>\n<\/table>\n<h2>Porqu\u00ea n\u00f3s<\/h2>\n<p>Potensi fornece alta qualidade Codificador C50-H-1024 ZCU 410 L2 Para Lika , projetado para oferecer confiabilidade e desempenho excepcionais para sistemas modernos de elevadores. Como um fornecedor confi\u00e1vel de codificador de elevador, oferecemos uma ampla gama de produtos, incluindo op\u00e7\u00f5es especializadas como codificador de elevador para Lika, garantindo a compatibilidade com as principais marcas globais, como \u00a0<a href=\"https:\/\/potensilift.com\/pt\/categoria-produto\/pecas-de-marcas\/for-mitsubishi\/\"><u>Mitsubishi<\/u><\/a>, <a href=\"https:\/\/potensilift.com\/pt\/categoria-produto\/pecas-de-marcas\/para-otis\/\"><u>Otis<\/u><\/a>, <a href=\"https:\/\/potensilift.com\/pt\/categoria-produto\/pecas-de-marcas\/for-tke-thyssenkrupp\/\"><u>Thyssen<\/u><\/a>, <a href=\"https:\/\/potensilift.com\/pt\/categoria-produto\/pecas-de-marcas\/para-a-hyundai\/\"><u>Hyundai<\/u><\/a>e <a href=\"https:\/\/potensilift.com\/pt\/categoria-produto\/pecas-de-marcas\/pecas-de-outras-marcas\/\"><u>outros<\/u><\/a>. Com um amplo estoque e pre\u00e7os competitivos, a Potensi est\u00e1 pronta para atender \u00e0s suas necessidades. <a href=\"https:\/\/potensilift.com\/pt\/contact\/\"><u>Contacto Esther<\/u><\/a>\u00a0hoje - a Potensi espera poder ajud\u00e1-lo a melhorar os seus sistemas de elevadores!<\/p>","protected":false},"excerpt":{"rendered":"<p>Para obter o m\u00e1ximo desempenho, escolha o codificador de elevador POTENSI, concebido para satisfazer os mais elevados padr\u00f5es da ind\u00fastria. Perfeito para componentes cr\u00edticos de seguran\u00e7a, como o codificador C50-H-1024 ZCU 410 L2 para Lika.<\/p>","protected":false},"featured_media":6688,"comment_status":"open","ping_status":"closed","template":"","meta":{"_seopress_robots_primary_cat":"none","_seopress_titles_title":"Encoder C50-H-1024 ZCU 410 L2 For Lika | Elevator Solutions","_seopress_titles_desc":"Explore our wide range of Encoder C50-H-1024 ZCU 410 L2 For Lika for elevators. Ideal for maintenance and upgrades.","_seopress_robots_index":""},"product_brand":[],"product_cat":[170,150],"product_tag":[],"class_list":{"0":"post-6687","1":"product","2":"type-product","3":"status-publish","4":"has-post-thumbnail","6":"product_cat-elevator-encoder","7":"product_cat-others-brands-parts","9":"first","10":"instock","11":"shipping-taxable","12":"purchasable","13":"product-type-simple"},"_links":{"self":[{"href":"https:\/\/potensilift.com\/pt\/wp-json\/wp\/v2\/product\/6687"}],"collection":[{"href":"https:\/\/potensilift.com\/pt\/wp-json\/wp\/v2\/product"}],"about":[{"href":"https:\/\/potensilift.com\/pt\/wp-json\/wp\/v2\/types\/product"}],"replies":[{"embeddable":true,"href":"https:\/\/potensilift.com\/pt\/wp-json\/wp\/v2\/comments?post=6687"}],"wp:featuredmedia":[{"embeddable":true,"href":"https:\/\/potensilift.com\/pt\/wp-json\/wp\/v2\/media\/6688"}],"wp:attachment":[{"href":"https:\/\/potensilift.com\/pt\/wp-json\/wp\/v2\/media?parent=6687"}],"wp:term":[{"taxonomy":"product_brand","embeddable":true,"href":"https:\/\/potensilift.com\/pt\/wp-json\/wp\/v2\/product_brand?post=6687"},{"taxonomy":"product_cat","embeddable":true,"href":"https:\/\/potensilift.com\/pt\/wp-json\/wp\/v2\/product_cat?post=6687"},{"taxonomy":"product_tag","embeddable":true,"href":"https:\/\/potensilift.com\/pt\/wp-json\/wp\/v2\/product_tag?post=6687"}],"curies":[{"name":"wp","href":"https:\/\/api.w.org\/{rel}","templated":true}]}}