{"id":6657,"date":"2025-06-11T07:12:19","date_gmt":"2025-06-11T07:12:19","guid":{"rendered":"https:\/\/potensilift.com\/?post_type=product&#038;p=6657"},"modified":"2025-06-11T07:15:02","modified_gmt":"2025-06-11T07:15:02","slug":"elevator-encoder-eqn-1325-048%e2%80%912048-id-655251%e2%80%9101-for-heidenhain","status":"publish","type":"product","link":"https:\/\/potensilift.com\/pt\/produto\/elevator-encoder-eqn-1325-048%e2%80%912048-id-655251%e2%80%9101-for-heidenhain\/","title":{"rendered":"Codificador de elevador EQN 1325.048-2048 ID 655251-01 para Heidenhain"},"content":{"rendered":"<p>POTENCIAL <strong>Codificador de elevador EQN 1325.048-2048 ID 655251-01 para Heidenhain<\/strong> \u00e9 a chave para manter uma experi\u00eancia de elevador suave e est\u00e1vel. Concebida com precis\u00e3o e fabricada com materiais de alta qualidade, esta solu\u00e7\u00e3o integra-se perfeitamente no seu sistema, garantindo um desempenho a longo prazo. Quer esteja a atualizar <strong>Codificador do elevador<\/strong> ou \u00e0 procura de melhorias espec\u00edficas como <strong>Heidenhain Elevator Encoder<\/strong>A POTENSI oferece solu\u00e7\u00f5es fi\u00e1veis e f\u00e1ceis de instalar. Eleve a estabilidade com confian\u00e7a hoje mesmo.<\/p>\n<h2>Par\u00e2metros do produto<\/h2>\n<table style=\"height: 245px;\" width=\"895\">\n<tbody>\n<tr>\n<td width=\"284\">Marca<\/td>\n<td width=\"284\">For Heidenhain<\/td>\n<\/tr>\n<tr>\n<td width=\"284\">Produtos<\/td>\n<td width=\"284\">Elevator Encoder EQN 1325.048\u20112048 ID\u202f655251\u201101<\/td>\n<\/tr>\n<tr>\n<td width=\"284\">Modelo<\/td>\n<td width=\"284\">EQN 1325.048\u20112048 ID\u202f655251\u201101<\/td>\n<\/tr>\n<tr>\n<td width=\"284\">Local de origem<\/td>\n<td width=\"284\">China<\/td>\n<\/tr>\n<\/tbody>\n<\/table>\n<h2>Porqu\u00ea n\u00f3s<\/h2>\n<p>Potensi provides high-quality Elevator Encoder EQN 1325.048\u20112048 ID\u202f655251\u201101 for Heidenhain, engineered to deliver exceptional reliability and performance for modern elevator systems. As a trusted supplier of Elevator Encoder, we offer a wide range of products, including specialized options like Heidenhain Elevator Encoder, ensuring compatibility with top global brands such as \u00a0<a href=\"https:\/\/potensilift.com\/pt\/categoria-produto\/pecas-de-marcas\/for-mitsubishi\/\"><u>Mitsubishi<\/u><\/a>, <a href=\"https:\/\/potensilift.com\/pt\/categoria-produto\/pecas-de-marcas\/para-otis\/\"><u>Otis<\/u><\/a>, <a href=\"https:\/\/potensilift.com\/pt\/categoria-produto\/pecas-de-marcas\/for-tke-thyssenkrupp\/\"><u>Thyssen<\/u><\/a>, <a href=\"https:\/\/potensilift.com\/pt\/categoria-produto\/pecas-de-marcas\/para-a-hyundai\/\"><u>Hyundai<\/u><\/a>e <a href=\"https:\/\/potensilift.com\/pt\/categoria-produto\/pecas-de-marcas\/pecas-de-outras-marcas\/\"><u>outros<\/u><\/a>. Com um amplo estoque e pre\u00e7os competitivos, a Potensi est\u00e1 pronta para atender \u00e0s suas necessidades. <a href=\"https:\/\/potensilift.com\/pt\/contact\/\"><u>Contacto Esther<\/u><\/a>\u00a0hoje - a Potensi espera poder ajud\u00e1-lo a melhorar os seus sistemas de elevadores!<\/p>","protected":false},"excerpt":{"rendered":"<p>Ensure smooth and safe operation with POTENSI Elevator Encoder, crafted for precise compatibility with your system. Our Elevator Encoder EQN 1325.048\u20112048 ID\u202f655251\u201101 for Heidenhain offers reliable performance.<\/p>","protected":false},"featured_media":6660,"comment_status":"open","ping_status":"closed","template":"","meta":{"_seopress_robots_primary_cat":"none","_seopress_titles_title":"Elevator Encoder | Elevator Encoder EQN 1325.048\u20112048 ID\u202f655251\u201101 for Heidenhain | Elevator Solutions - POTENSI","_seopress_titles_desc":"Explore our wide range of Elevator Encoder and Elevator Encoder EQN 1325.048\u20112048 ID\u202f655251\u201101 for Heidenhain for elevators. Ideal for maintenance and upgrades.","_seopress_robots_index":""},"product_brand":[],"product_cat":[170,150],"product_tag":[],"class_list":{"0":"post-6657","1":"product","2":"type-product","3":"status-publish","4":"has-post-thumbnail","6":"product_cat-elevator-encoder","7":"product_cat-others-brands-parts","9":"first","10":"instock","11":"shipping-taxable","12":"purchasable","13":"product-type-simple"},"_links":{"self":[{"href":"https:\/\/potensilift.com\/pt\/wp-json\/wp\/v2\/product\/6657"}],"collection":[{"href":"https:\/\/potensilift.com\/pt\/wp-json\/wp\/v2\/product"}],"about":[{"href":"https:\/\/potensilift.com\/pt\/wp-json\/wp\/v2\/types\/product"}],"replies":[{"embeddable":true,"href":"https:\/\/potensilift.com\/pt\/wp-json\/wp\/v2\/comments?post=6657"}],"wp:featuredmedia":[{"embeddable":true,"href":"https:\/\/potensilift.com\/pt\/wp-json\/wp\/v2\/media\/6660"}],"wp:attachment":[{"href":"https:\/\/potensilift.com\/pt\/wp-json\/wp\/v2\/media?parent=6657"}],"wp:term":[{"taxonomy":"product_brand","embeddable":true,"href":"https:\/\/potensilift.com\/pt\/wp-json\/wp\/v2\/product_brand?post=6657"},{"taxonomy":"product_cat","embeddable":true,"href":"https:\/\/potensilift.com\/pt\/wp-json\/wp\/v2\/product_cat?post=6657"},{"taxonomy":"product_tag","embeddable":true,"href":"https:\/\/potensilift.com\/pt\/wp-json\/wp\/v2\/product_tag?post=6657"}],"curies":[{"name":"wp","href":"https:\/\/api.w.org\/{rel}","templated":true}]}}