{"id":6578,"date":"2025-06-10T13:55:43","date_gmt":"2025-06-10T13:55:43","guid":{"rendered":"https:\/\/potensilift.com\/?post_type=product&#038;p=6578"},"modified":"2025-06-10T13:59:50","modified_gmt":"2025-06-10T13:59:50","slug":"elevator-igbt-module-mg75q2ys40-for-toshiba","status":"publish","type":"product","link":"https:\/\/potensilift.com\/pt\/produto\/elevator-igbt-module-mg75q2ys40-for-toshiba\/","title":{"rendered":"M\u00f3dulo IGBT de elevador MG75Q2YS40 para Toshiba"},"content":{"rendered":"<p>POTENCIAL <strong>M\u00f3dulo IGBT de elevador MG75Q2YS40 para Toshiba<\/strong>\u00a0redefine a seguran\u00e7a nas opera\u00e7\u00f5es de elevador. Fabricado com materiais de qualidade superior e um trabalho artesanal meticuloso, integra-se perfeitamente no seu <strong>Elevator IGBT module for Toshiba<\/strong>\u00a0para garantir a fiabilidade a longo prazo. De geral <strong>Elevator IGBT module<\/strong>\u00a0Actualizadas para aplica\u00e7\u00f5es de seguran\u00e7a espec\u00edficas, as solu\u00e7\u00f5es POTENSI s\u00e3o constru\u00eddas para satisfazer e exceder as normas mais rigorosas.<\/p>\n<h2>Par\u00e2metros do produto<\/h2>\n<table style=\"height: 226px;\" width=\"726\">\n<tbody>\n<tr>\n<td width=\"213\">Marca<\/td>\n<td width=\"213\">Para a Toshiba<\/td>\n<\/tr>\n<tr>\n<td width=\"213\">Produtos<\/td>\n<td width=\"213\">Elevator IGBT module MG75Q2YS40<\/td>\n<\/tr>\n<tr>\n<td width=\"213\">Modelo<\/td>\n<td width=\"213\">MG75Q2YS40<\/td>\n<\/tr>\n<tr>\n<td width=\"213\">Local de origem<\/td>\n<td width=\"213\">Original<\/td>\n<\/tr>\n<\/tbody>\n<\/table>\n<h2>Porqu\u00ea n\u00f3s<\/h2>\n<p>Potensi provides high-quality Elevator IGBT module MG75Q2YS40 for Toshiba, engineered to deliver exceptional reliability and performance for modern elevator systems. As a trusted supplier of Elevator IGBT module, we offer a wide range of products, including specialized options like Elevator IGBT module for Toshiba, ensuring compatibility with top global brands such as \u00a0<a href=\"https:\/\/potensilift.com\/pt\/categoria-produto\/pecas-de-marcas\/for-mitsubishi\/\"><u>Mitsubishi<\/u><\/a>, <a href=\"https:\/\/potensilift.com\/pt\/categoria-produto\/pecas-de-marcas\/para-otis\/\"><u>Otis<\/u><\/a>, <a href=\"https:\/\/potensilift.com\/pt\/categoria-produto\/pecas-de-marcas\/for-tke-thyssenkrupp\/\"><u>Thyssen<\/u><\/a>, <a href=\"https:\/\/potensilift.com\/pt\/categoria-produto\/pecas-de-marcas\/para-a-hyundai\/\"><u>Hyundai<\/u><\/a>e <a href=\"https:\/\/potensilift.com\/pt\/categoria-produto\/pecas-de-marcas\/pecas-de-outras-marcas\/\"><u>outros<\/u><\/a>. Com um amplo estoque e pre\u00e7os competitivos, a Potensi est\u00e1 pronta para atender \u00e0s suas necessidades. <a href=\"https:\/\/potensilift.com\/pt\/contact\/\"><u>CONTACTO <\/u><u>Esther<\/u><\/a>\u00a0hoje - a Potensi espera poder ajud\u00e1-lo a melhorar os seus sistemas de elevadores!<\/p>","protected":false},"excerpt":{"rendered":"<p>POTENSI Elevator IGBT module for Toshiba ensures the highest quality and reliability, perfect for demanding applications. Rely on our Elevator IGBT module for long-term service.<\/p>","protected":false},"featured_media":6579,"comment_status":"open","ping_status":"closed","template":"","meta":{"_seopress_robots_primary_cat":"none","_seopress_titles_title":"Elevator IGBT module For Toshiba | Elevator Components","_seopress_titles_desc":"Find the best Elevator IGBT module MG75Q2YS40 for Toshiba for your elevator needs. Elevator IGBT module for Toshiba options available for specific applications.","_seopress_robots_index":""},"product_brand":[],"product_cat":[131,109],"product_tag":[],"class_list":{"0":"post-6578","1":"product","2":"type-product","3":"status-publish","4":"has-post-thumbnail","6":"product_cat-for-toshiba","7":"product_cat-others-elevator-parts","9":"first","10":"instock","11":"shipping-taxable","12":"purchasable","13":"product-type-simple"},"_links":{"self":[{"href":"https:\/\/potensilift.com\/pt\/wp-json\/wp\/v2\/product\/6578"}],"collection":[{"href":"https:\/\/potensilift.com\/pt\/wp-json\/wp\/v2\/product"}],"about":[{"href":"https:\/\/potensilift.com\/pt\/wp-json\/wp\/v2\/types\/product"}],"replies":[{"embeddable":true,"href":"https:\/\/potensilift.com\/pt\/wp-json\/wp\/v2\/comments?post=6578"}],"wp:featuredmedia":[{"embeddable":true,"href":"https:\/\/potensilift.com\/pt\/wp-json\/wp\/v2\/media\/6579"}],"wp:attachment":[{"href":"https:\/\/potensilift.com\/pt\/wp-json\/wp\/v2\/media?parent=6578"}],"wp:term":[{"taxonomy":"product_brand","embeddable":true,"href":"https:\/\/potensilift.com\/pt\/wp-json\/wp\/v2\/product_brand?post=6578"},{"taxonomy":"product_cat","embeddable":true,"href":"https:\/\/potensilift.com\/pt\/wp-json\/wp\/v2\/product_cat?post=6578"},{"taxonomy":"product_tag","embeddable":true,"href":"https:\/\/potensilift.com\/pt\/wp-json\/wp\/v2\/product_tag?post=6578"}],"curies":[{"name":"wp","href":"https:\/\/api.w.org\/{rel}","templated":true}]}}