{"id":6437,"date":"2025-05-26T12:17:08","date_gmt":"2025-05-26T12:17:08","guid":{"rendered":"https:\/\/potensilift.com\/?post_type=product&#038;p=6437"},"modified":"2025-05-26T12:22:32","modified_gmt":"2025-05-26T12:22:32","slug":"elevator-intercom-km896546g04-for-kone","status":"publish","type":"product","link":"https:\/\/potensilift.com\/pt\/produto\/elevator-intercom-km896546g04-for-kone\/","title":{"rendered":"Elevator Intercom KM896546G04 for KONE"},"content":{"rendered":"<p>POTENSI avan\u00e7ado <strong>Elevator Intercom for Kone<\/strong>\u00a0foi concebido para otimizar o desempenho do elevador. Constru\u00eddo com tecnologia de ponta e constru\u00e7\u00e3o robusta, este <strong>Elevator Intercom KM896546G04 for KONE<\/strong>\u00a0assegura uma compatibilidade perfeita e a m\u00e1xima efici\u00eancia operacional. Desde a melhoria da gest\u00e3o global do sistema at\u00e9 ao aperfei\u00e7oamento de <strong>Elevator Intercom<\/strong>As solu\u00e7\u00f5es POTENSI s\u00e3o dur\u00e1veis, f\u00e1ceis de utilizar e constru\u00eddas para o futuro.<\/p>\n<h2>Par\u00e2metros do produto<\/h2>\n<table style=\"height: 234px;\" width=\"680\">\n<tbody>\n<tr>\n<td width=\"213\">Marca<\/td>\n<td width=\"213\">Para Kone<\/td>\n<\/tr>\n<tr>\n<td width=\"213\">Produtos<\/td>\n<td width=\"213\">Elevator Intercom KM896546G04<\/td>\n<\/tr>\n<tr>\n<td width=\"213\">Modelo<\/td>\n<td width=\"213\">KM896546G04<\/td>\n<\/tr>\n<tr>\n<td width=\"213\">Local de origem<\/td>\n<td width=\"213\">Original<\/td>\n<\/tr>\n<\/tbody>\n<\/table>\n<h2>Porqu\u00ea n\u00f3s<\/h2>\n<p>Potensi provides high-quality Elevator Intercom KM896546G04 for KONE, engineered to deliver exceptional reliability and performance for modern elevator systems. As a trusted supplier of Elevator Intercom, we offer a wide range of products, including specialized options like Elevator Intercom for Kone, ensuring compatibility with top global brands such as \u00a0<a href=\"https:\/\/potensilift.com\/pt\/categoria-produto\/pecas-de-marcas\/for-mitsubishi\/\"><u>Mitsubishi<\/u><\/a>, <a href=\"https:\/\/potensilift.com\/pt\/categoria-produto\/pecas-de-marcas\/para-otis\/\"><u>Otis<\/u><\/a>, <a href=\"https:\/\/potensilift.com\/pt\/categoria-produto\/pecas-de-marcas\/for-tke-thyssenkrupp\/\"><u>Thyssen<\/u><\/a>, <a href=\"https:\/\/potensilift.com\/pt\/categoria-produto\/pecas-de-marcas\/para-a-hyundai\/\"><u>Hyundai<\/u><\/a>e <a href=\"https:\/\/potensilift.com\/pt\/categoria-produto\/pecas-de-marcas\/pecas-de-outras-marcas\/\"><u>outros<\/u><\/a>. Com um amplo estoque e pre\u00e7os competitivos, a Potensi est\u00e1 pronta para atender \u00e0s suas necessidades. <a href=\"https:\/\/potensilift.com\/pt\/contact\/\"><u>Contacto Esther<\/u><\/a>\u00a0hoje - a Potensi espera poder ajud\u00e1-lo a melhorar os seus sistemas de elevadores!<\/p>","protected":false},"excerpt":{"rendered":"<p>Upgrade your elevator system with POTENSI Elevator Intercom for Kone, engineered for seamless integration and exceptional performance. Our Elevator Intercom ensures long-term efficiency.<\/p>","protected":false},"featured_media":6438,"comment_status":"open","ping_status":"closed","template":"","meta":{"_seopress_robots_primary_cat":"none","_seopress_titles_title":"Elevator Intercom KM896546G04 for KONE | Quality Elevator Parts","_seopress_titles_desc":"Explore a range of Elevator Intercom with high-quality Elevator Intercom for Kone. Perfect for maintaining peak elevator performance.","_seopress_robots_index":""},"product_brand":[],"product_cat":[128,109],"product_tag":[],"class_list":{"0":"post-6437","1":"product","2":"type-product","3":"status-publish","4":"has-post-thumbnail","6":"product_cat-for-kone","7":"product_cat-others-elevator-parts","9":"first","10":"instock","11":"shipping-taxable","12":"purchasable","13":"product-type-simple"},"_links":{"self":[{"href":"https:\/\/potensilift.com\/pt\/wp-json\/wp\/v2\/product\/6437"}],"collection":[{"href":"https:\/\/potensilift.com\/pt\/wp-json\/wp\/v2\/product"}],"about":[{"href":"https:\/\/potensilift.com\/pt\/wp-json\/wp\/v2\/types\/product"}],"replies":[{"embeddable":true,"href":"https:\/\/potensilift.com\/pt\/wp-json\/wp\/v2\/comments?post=6437"}],"wp:featuredmedia":[{"embeddable":true,"href":"https:\/\/potensilift.com\/pt\/wp-json\/wp\/v2\/media\/6438"}],"wp:attachment":[{"href":"https:\/\/potensilift.com\/pt\/wp-json\/wp\/v2\/media?parent=6437"}],"wp:term":[{"taxonomy":"product_brand","embeddable":true,"href":"https:\/\/potensilift.com\/pt\/wp-json\/wp\/v2\/product_brand?post=6437"},{"taxonomy":"product_cat","embeddable":true,"href":"https:\/\/potensilift.com\/pt\/wp-json\/wp\/v2\/product_cat?post=6437"},{"taxonomy":"product_tag","embeddable":true,"href":"https:\/\/potensilift.com\/pt\/wp-json\/wp\/v2\/product_tag?post=6437"}],"curies":[{"name":"wp","href":"https:\/\/api.w.org\/{rel}","templated":true}]}}