{"id":6311,"date":"2025-05-26T02:49:47","date_gmt":"2025-05-26T02:49:47","guid":{"rendered":"https:\/\/potensilift.com\/?post_type=product&#038;p=6311"},"modified":"2025-05-26T02:58:26","modified_gmt":"2025-05-26T02:58:26","slug":"elevator-module-km51329023g03-for-kone","status":"publish","type":"product","link":"https:\/\/potensilift.com\/pt\/produto\/elevator-module-km51329023g03-for-kone\/","title":{"rendered":"M\u00f3dulo para elevadores KM51329023G03 Para KONE"},"content":{"rendered":"<p>POTENCIAL <strong>M\u00f3dulo para elevadores KM51329023G03 Para KONE<\/strong>\u00a0redefine a seguran\u00e7a nas opera\u00e7\u00f5es de elevador. Fabricado com materiais de qualidade superior e um trabalho artesanal meticuloso, integra-se perfeitamente no seu <strong>M\u00f3dulo de elevador para a Kone<\/strong>\u00a0para garantir a fiabilidade a longo prazo. De geral <strong>M\u00f3dulo do elevador<\/strong> Actualizadas para aplica\u00e7\u00f5es de seguran\u00e7a espec\u00edficas, as solu\u00e7\u00f5es POTENSI s\u00e3o constru\u00eddas para satisfazer e exceder as normas mais rigorosas.<\/p>\n<h2>Par\u00e2metros do produto<\/h2>\n<table style=\"height: 226px;\" width=\"726\">\n<tbody>\n<tr>\n<td width=\"213\">Marca<\/td>\n<td width=\"213\">Para Kone<\/td>\n<\/tr>\n<tr>\n<td width=\"213\">Produtos<\/td>\n<td width=\"213\">M\u00f3dulo do elevador KM51329023G03<\/td>\n<\/tr>\n<tr>\n<td width=\"213\">Modelo<\/td>\n<td width=\"213\">KM51329023G03<\/td>\n<\/tr>\n<tr>\n<td width=\"213\">Local de origem<\/td>\n<td width=\"213\">Original<\/td>\n<\/tr>\n<\/tbody>\n<\/table>\n<h2>Porqu\u00ea n\u00f3s<\/h2>\n<p>A Potensi fornece M\u00f3dulo de elevador KM51329023G03 para KONE de alta qualidade, concebido para proporcionar fiabilidade e desempenho excepcionais aos sistemas de elevadores modernos. Como fornecedor fi\u00e1vel de M\u00f3dulo de elevador, oferecemos uma vasta gama de produtos, incluindo op\u00e7\u00f5es especializadas como M\u00f3dulo de elevador para Kone, garantindo a compatibilidade com as principais marcas mundiais, tais como \u00a0<a href=\"https:\/\/potensilift.com\/pt\/categoria-produto\/pecas-de-marcas\/for-mitsubishi\/\"><u>Mitsubishi<\/u><\/a>, <a href=\"https:\/\/potensilift.com\/pt\/categoria-produto\/pecas-de-marcas\/para-otis\/\"><u>Otis<\/u><\/a>, <a href=\"https:\/\/potensilift.com\/pt\/categoria-produto\/pecas-de-marcas\/for-tke-thyssenkrupp\/\"><u>Thyssen<\/u><\/a>, <a href=\"https:\/\/potensilift.com\/pt\/categoria-produto\/pecas-de-marcas\/para-a-hyundai\/\"><u>Hyundai<\/u><\/a>e <a href=\"https:\/\/potensilift.com\/pt\/categoria-produto\/pecas-de-marcas\/pecas-de-outras-marcas\/\"><u>outros<\/u><\/a>. Com um amplo estoque e pre\u00e7os competitivos, a Potensi est\u00e1 pronta para atender \u00e0s suas necessidades. <a href=\"https:\/\/potensilift.com\/pt\/contact\/\"><u>CONTACTO <\/u><u>Esther<\/u><\/a>\u00a0hoje - a Potensi espera poder ajud\u00e1-lo a melhorar os seus sistemas de elevadores!<\/p>","protected":false},"excerpt":{"rendered":"<p>O m\u00f3dulo elevador POTENSI para Kone garante a mais alta qualidade e fiabilidade, perfeito para aplica\u00e7\u00f5es exigentes. Confie no nosso m\u00f3dulo de elevador para um servi\u00e7o de longa dura\u00e7\u00e3o.<\/p>","protected":false},"featured_media":6314,"comment_status":"open","ping_status":"closed","template":"","meta":{"_seopress_robots_primary_cat":"none","_seopress_titles_title":"Elevator module For Kone | Elevator Components","_seopress_titles_desc":"Find the best Elevator module KM51329023G03 For KONE for your elevator needs. Elevator module for Kone options available for specific applications.","_seopress_robots_index":""},"product_brand":[],"product_cat":[128,109],"product_tag":[],"class_list":{"0":"post-6311","1":"product","2":"type-product","3":"status-publish","4":"has-post-thumbnail","6":"product_cat-for-kone","7":"product_cat-others-elevator-parts","9":"first","10":"instock","11":"shipping-taxable","12":"purchasable","13":"product-type-simple"},"_links":{"self":[{"href":"https:\/\/potensilift.com\/pt\/wp-json\/wp\/v2\/product\/6311"}],"collection":[{"href":"https:\/\/potensilift.com\/pt\/wp-json\/wp\/v2\/product"}],"about":[{"href":"https:\/\/potensilift.com\/pt\/wp-json\/wp\/v2\/types\/product"}],"replies":[{"embeddable":true,"href":"https:\/\/potensilift.com\/pt\/wp-json\/wp\/v2\/comments?post=6311"}],"wp:featuredmedia":[{"embeddable":true,"href":"https:\/\/potensilift.com\/pt\/wp-json\/wp\/v2\/media\/6314"}],"wp:attachment":[{"href":"https:\/\/potensilift.com\/pt\/wp-json\/wp\/v2\/media?parent=6311"}],"wp:term":[{"taxonomy":"product_brand","embeddable":true,"href":"https:\/\/potensilift.com\/pt\/wp-json\/wp\/v2\/product_brand?post=6311"},{"taxonomy":"product_cat","embeddable":true,"href":"https:\/\/potensilift.com\/pt\/wp-json\/wp\/v2\/product_cat?post=6311"},{"taxonomy":"product_tag","embeddable":true,"href":"https:\/\/potensilift.com\/pt\/wp-json\/wp\/v2\/product_tag?post=6311"}],"curies":[{"name":"wp","href":"https:\/\/api.w.org\/{rel}","templated":true}]}}