{"id":6287,"date":"2025-05-26T02:15:14","date_gmt":"2025-05-26T02:15:14","guid":{"rendered":"https:\/\/potensilift.com\/?post_type=product&#038;p=6287"},"modified":"2025-05-26T02:19:04","modified_gmt":"2025-05-26T02:19:04","slug":"elevator-button-0255936-for-dongyang","status":"publish","type":"product","link":"https:\/\/potensilift.com\/pt\/produto\/elevator-button-0255936-for-dongyang\/","title":{"rendered":"Bot\u00e3o de elevador 0255936 para DongYang"},"content":{"rendered":"<p>Est\u00e1 interessado em melhorar o desempenho da sua porta de elevador? POTENSI <strong>Bot\u00e3o do elevador para DongYang<\/strong>\u00a0combina componentes duradouros e engenharia inovadora para garantir opera\u00e7\u00f5es suaves e precisas. Se precisa de uma m\u00e1quina fi\u00e1vel <strong>Bot\u00e3o do elevador<\/strong> para uso geral ou avan\u00e7ado <strong>Bot\u00e3o de elevador 0255936 para DongYang<\/strong>\u00a0para sistemas especializados, a POTENSI oferece o equil\u00edbrio perfeito entre seguran\u00e7a e fiabilidade.<\/p>\n<h2>Par\u00e2metros do produto<\/h2>\n<table style=\"height: 210px;\" width=\"677\">\n<tbody>\n<tr>\n<td width=\"213\">Marca<\/td>\n<td width=\"213\">Para DongYang<\/td>\n<\/tr>\n<tr>\n<td width=\"213\">Produtos<\/td>\n<td width=\"213\">Bot\u00e3o do elevador 0255936<\/td>\n<\/tr>\n<tr>\n<td width=\"213\">Modelo<\/td>\n<td width=\"213\">0255936<\/td>\n<\/tr>\n<tr>\n<td width=\"213\">Local de origem<\/td>\n<td width=\"213\">Original<\/td>\n<\/tr>\n<\/tbody>\n<\/table>\n<h2>Porqu\u00ea n\u00f3s<\/h2>\n<p>A Potensi fornece Bot\u00e3o de elevador 0255936 para DongYang de alta qualidade, concebido para proporcionar fiabilidade e desempenho excepcionais aos sistemas de elevadores modernos. Como fornecedor fi\u00e1vel de Bot\u00e3o de elevador, oferecemos uma vasta gama de produtos, incluindo op\u00e7\u00f5es especializadas como Bot\u00e3o de elevador para DongYang, garantindo a compatibilidade com as principais marcas mundiais, tais como \u00a0<a href=\"https:\/\/potensilift.com\/pt\/categoria-produto\/pecas-de-marcas\/for-mitsubishi\/\"><u>Mitsubishi<\/u><\/a>, <a href=\"https:\/\/potensilift.com\/pt\/categoria-produto\/pecas-de-marcas\/para-otis\/\"><u>Otis<\/u><\/a>, <a href=\"https:\/\/potensilift.com\/pt\/categoria-produto\/pecas-de-marcas\/for-tke-thyssenkrupp\/\"><u>Thyssen<\/u><\/a>, <a href=\"https:\/\/potensilift.com\/pt\/categoria-produto\/pecas-de-marcas\/para-a-hyundai\/\"><u>Hyundai<\/u><\/a>e <a href=\"https:\/\/potensilift.com\/pt\/categoria-produto\/pecas-de-marcas\/pecas-de-outras-marcas\/\"><u>outros<\/u><\/a>. Com um amplo estoque e pre\u00e7os competitivos, a Potensi est\u00e1 pronta para atender \u00e0s suas necessidades. <a href=\"https:\/\/potensilift.com\/pt\/contact\/\"><u>Contacto Esther<\/u><\/a>\u00a0hoje - a Potensi espera poder ajud\u00e1-lo a melhorar os seus sistemas de elevadores!<\/p>","protected":false},"excerpt":{"rendered":"<p>Certifique-se de que o bot\u00e3o de elevador POTENSI \u00e9 utilizado de forma suave e segura e que foi concebido para uma compatibilidade precisa com o seu sistema. O nosso bot\u00e3o de elevador 0255936 para DongYang oferece um desempenho fi\u00e1vel.<\/p>","protected":false},"featured_media":6290,"comment_status":"open","ping_status":"closed","template":"","meta":{"_seopress_robots_primary_cat":"none","_seopress_titles_title":"Elevator Button | Elevator Solutions - POTENSI","_seopress_titles_desc":"Explore our wide range of Elevator button 0255936 for DongYang. Ideal for maintenance and upgrades.","_seopress_robots_index":""},"product_brand":[],"product_cat":[162,150],"product_tag":[],"class_list":{"0":"post-6287","1":"product","2":"type-product","3":"status-publish","4":"has-post-thumbnail","6":"product_cat-elevator-cop-lop-buttons","7":"product_cat-others-brands-parts","9":"first","10":"instock","11":"shipping-taxable","12":"purchasable","13":"product-type-simple"},"_links":{"self":[{"href":"https:\/\/potensilift.com\/pt\/wp-json\/wp\/v2\/product\/6287"}],"collection":[{"href":"https:\/\/potensilift.com\/pt\/wp-json\/wp\/v2\/product"}],"about":[{"href":"https:\/\/potensilift.com\/pt\/wp-json\/wp\/v2\/types\/product"}],"replies":[{"embeddable":true,"href":"https:\/\/potensilift.com\/pt\/wp-json\/wp\/v2\/comments?post=6287"}],"wp:featuredmedia":[{"embeddable":true,"href":"https:\/\/potensilift.com\/pt\/wp-json\/wp\/v2\/media\/6290"}],"wp:attachment":[{"href":"https:\/\/potensilift.com\/pt\/wp-json\/wp\/v2\/media?parent=6287"}],"wp:term":[{"taxonomy":"product_brand","embeddable":true,"href":"https:\/\/potensilift.com\/pt\/wp-json\/wp\/v2\/product_brand?post=6287"},{"taxonomy":"product_cat","embeddable":true,"href":"https:\/\/potensilift.com\/pt\/wp-json\/wp\/v2\/product_cat?post=6287"},{"taxonomy":"product_tag","embeddable":true,"href":"https:\/\/potensilift.com\/pt\/wp-json\/wp\/v2\/product_tag?post=6287"}],"curies":[{"name":"wp","href":"https:\/\/api.w.org\/{rel}","templated":true}]}}