{"id":6146,"date":"2025-04-24T02:41:53","date_gmt":"2025-04-24T02:41:53","guid":{"rendered":"https:\/\/potensilift.com\/?post_type=product&#038;p=6146"},"modified":"2025-04-24T02:50:00","modified_gmt":"2025-04-24T02:50:00","slug":"escalator-step-roller-80256204-2rs-for-sjec","status":"publish","type":"product","link":"https:\/\/potensilift.com\/pt\/produto\/escalator-step-roller-80256204-2rs-for-sjec\/","title":{"rendered":"Rolo de degrau de escada rolante 80*25*6204-2RS para SJEC"},"content":{"rendered":"<p>POTENCIAL <strong>Escalator step roller for SJEC<\/strong> sleek and durable blends modern design with unmatched safety features. Ideal for upgrading <strong>escalator step roller<\/strong> ou introduzindo componentes especializados como <strong>Rolo de degrau de escada rolante 80*25*6204-2RS para SJEC<\/strong>, Esta solu\u00e7\u00e3o \u00e9 t\u00e3o funcional como visualmente apelativa. Eleve o estilo e a seguran\u00e7a com a POTENSI hoje mesmo.<\/p>\n<h2>Par\u00e2metros do produto<\/h2>\n<table>\n<tbody>\n<tr>\n<td width=\"284\">Marca<\/td>\n<td width=\"284\">For SJEC<\/td>\n<\/tr>\n<tr>\n<td width=\"284\">Produtos<\/td>\n<td width=\"284\">Escalator step roller 80*25*6204-2RS<\/td>\n<\/tr>\n<tr>\n<td width=\"284\">Modelo<\/td>\n<td width=\"284\">80*25*6204-2RS<\/td>\n<\/tr>\n<tr>\n<td width=\"284\">Local de origem<\/td>\n<td width=\"284\">China<\/td>\n<\/tr>\n<\/tbody>\n<\/table>\n<h2>Porqu\u00ea n\u00f3s<\/h2>\n<p>Potensi provides high-quality Escalator step roller 80*25*6204-2RS for SJEC , engineered to deliver exceptional reliability and performance for modern elevator systems. As a trusted supplier of step roller, we offer a wide range of products, including specialized options like step roller for SJEC, ensuring compatibility with top global brands such as \u00a0<a href=\"https:\/\/potensilift.com\/pt\/categoria-produto\/pecas-de-marcas\/for-mitsubishi\/\"><u>Mitsubishi<\/u><\/a>, <a href=\"https:\/\/potensilift.com\/pt\/categoria-produto\/pecas-de-marcas\/para-otis\/\"><u>Otis<\/u><\/a>, <a href=\"https:\/\/potensilift.com\/pt\/categoria-produto\/pecas-de-marcas\/for-tke-thyssenkrupp\/\"><u>Thyssen<\/u><\/a>, <a href=\"https:\/\/potensilift.com\/pt\/categoria-produto\/pecas-de-marcas\/para-a-hyundai\/\"><u>Hyundai<\/u><\/a>e <a href=\"https:\/\/potensilift.com\/pt\/categoria-produto\/pecas-de-marcas\/pecas-de-outras-marcas\/\"><u>outros<\/u><\/a>. Com um amplo estoque e pre\u00e7os competitivos, a Potensi est\u00e1 pronta para atender \u00e0s suas necessidades. <a href=\"https:\/\/potensilift.com\/pt\/contact\/\"><u>Contacto Esther<\/u><\/a>\u00a0hoje - a Potensi espera poder ajud\u00e1-lo a melhorar os seus sistemas de elevadores!<\/p>","protected":false},"excerpt":{"rendered":"<p>For long-lasting reliability, choose POTENSI Escalator step roller 80*25*6204-2RS for SJEC. Crafted for precise fitting and smooth functionality, perfect for a step roller.<\/p>","protected":false},"featured_media":6147,"comment_status":"open","ping_status":"closed","template":"","meta":{"_seopress_robots_primary_cat":"none","_seopress_titles_title":"Escalator step roller 80*25*6204-2RS for SJEC | High-Quality step roller","_seopress_titles_desc":"Discover Escalator step roller 80*25*6204-2RS for SJEC, designed for durability and performance. Our premium step roller ensures safety and reliability in every installation.","_seopress_robots_index":""},"product_brand":[],"product_cat":[119,150],"product_tag":[],"class_list":{"0":"post-6146","1":"product","2":"type-product","3":"status-publish","4":"has-post-thumbnail","6":"product_cat-escalator-step-roller","7":"product_cat-others-brands-parts","9":"first","10":"instock","11":"shipping-taxable","12":"purchasable","13":"product-type-simple"},"_links":{"self":[{"href":"https:\/\/potensilift.com\/pt\/wp-json\/wp\/v2\/product\/6146"}],"collection":[{"href":"https:\/\/potensilift.com\/pt\/wp-json\/wp\/v2\/product"}],"about":[{"href":"https:\/\/potensilift.com\/pt\/wp-json\/wp\/v2\/types\/product"}],"replies":[{"embeddable":true,"href":"https:\/\/potensilift.com\/pt\/wp-json\/wp\/v2\/comments?post=6146"}],"wp:featuredmedia":[{"embeddable":true,"href":"https:\/\/potensilift.com\/pt\/wp-json\/wp\/v2\/media\/6147"}],"wp:attachment":[{"href":"https:\/\/potensilift.com\/pt\/wp-json\/wp\/v2\/media?parent=6146"}],"wp:term":[{"taxonomy":"product_brand","embeddable":true,"href":"https:\/\/potensilift.com\/pt\/wp-json\/wp\/v2\/product_brand?post=6146"},{"taxonomy":"product_cat","embeddable":true,"href":"https:\/\/potensilift.com\/pt\/wp-json\/wp\/v2\/product_cat?post=6146"},{"taxonomy":"product_tag","embeddable":true,"href":"https:\/\/potensilift.com\/pt\/wp-json\/wp\/v2\/product_tag?post=6146"}],"curies":[{"name":"wp","href":"https:\/\/api.w.org\/{rel}","templated":true}]}}