{"id":6089,"date":"2025-04-24T01:01:10","date_gmt":"2025-04-24T01:01:10","guid":{"rendered":"https:\/\/potensilift.com\/?post_type=product&#038;p=6089"},"modified":"2025-04-24T01:07:50","modified_gmt":"2025-04-24T01:07:50","slug":"emergency-lighting-power-yd12-x2-car-roof-light-power-supply","status":"publish","type":"product","link":"https:\/\/potensilift.com\/pt\/produto\/emergency-lighting-power-yd12-x2-car-roof-light-power-supply\/","title":{"rendered":"Fonte de alimenta\u00e7\u00e3o para luzes de emerg\u00eancia YD12-X2 para luzes de tejadilho de autom\u00f3vel"},"content":{"rendered":"<p>POTENCIAL <strong>Fonte de alimenta\u00e7\u00e3o para luzes de emerg\u00eancia YD12-X2 para luzes de tejadilho de autom\u00f3vel<\/strong> \u00e9 a chave para manter uma experi\u00eancia de elevador suave e est\u00e1vel. Concebida com precis\u00e3o e fabricada com materiais de alta qualidade, esta solu\u00e7\u00e3o integra-se perfeitamente no seu sistema, garantindo um desempenho a longo prazo. Quer se trate de atualizar <strong>Pot\u00eancia da ilumina\u00e7\u00e3o de emerg\u00eancia<\/strong> ou \u00e0 procura de melhorias espec\u00edficas como <strong>Fonte de alimenta\u00e7\u00e3o para luzes de tejadilho de autom\u00f3veis<\/strong>A POTENSI oferece solu\u00e7\u00f5es fi\u00e1veis e f\u00e1ceis de instalar. Eleve a estabilidade com confian\u00e7a hoje mesmo.<\/p>\n<h2>Par\u00e2metros do produto<\/h2>\n<table style=\"height: 184px;\" width=\"702\">\n<tbody>\n<tr>\n<td width=\"213\">Marca<\/td>\n<td width=\"213\">Potensi<\/td>\n<\/tr>\n<tr>\n<td width=\"213\">Produtos<\/td>\n<td width=\"213\">Fonte de alimenta\u00e7\u00e3o para luzes de emerg\u00eancia YD12-X2 para luzes de tejadilho de autom\u00f3vel<\/td>\n<\/tr>\n<tr>\n<td width=\"213\">Modelo<\/td>\n<td width=\"213\">YD12-X2<\/td>\n<\/tr>\n<tr>\n<td width=\"213\">Local de origem<\/td>\n<td width=\"213\">China<\/td>\n<\/tr>\n<\/tbody>\n<\/table>\n<h2>Porqu\u00ea n\u00f3s<\/h2>\n<p>A Potensi fornece Alimenta\u00e7\u00e3o de Luz de Emerg\u00eancia YD12-X2 para Luz de Tejadilho de Autom\u00f3vel de alta qualidade, concebida para proporcionar uma fiabilidade e desempenho excepcionais aos sistemas de elevadores modernos. Como fornecedor fi\u00e1vel de Alimenta\u00e7\u00e3o de Luz de Emerg\u00eancia, oferecemos uma vasta gama de produtos, incluindo op\u00e7\u00f5es especializadas como Alimenta\u00e7\u00e3o de Luz de Teto de Autom\u00f3vel, garantindo a compatibilidade com as principais marcas globais, tais como \u00a0<a href=\"https:\/\/potensilift.com\/pt\/categoria-produto\/pecas-de-marcas\/for-mitsubishi\/\"><u>Mitsubishi<\/u><\/a>, <a href=\"https:\/\/potensilift.com\/pt\/categoria-produto\/pecas-de-marcas\/para-otis\/\"><u>Otis<\/u><\/a>, <a href=\"https:\/\/potensilift.com\/pt\/categoria-produto\/pecas-de-marcas\/for-tke-thyssenkrupp\/\"><u>Thyssen<\/u><\/a>, <a href=\"https:\/\/potensilift.com\/pt\/categoria-produto\/pecas-de-marcas\/para-a-hyundai\/\"><u>Hyundai<\/u><\/a>e <a href=\"https:\/\/potensilift.com\/pt\/categoria-produto\/pecas-de-marcas\/pecas-de-outras-marcas\/\"><u>outros<\/u><\/a>. Com um amplo estoque e pre\u00e7os competitivos, a Potensi est\u00e1 pronta para atender \u00e0s suas necessidades. <a href=\"https:\/\/potensilift.com\/pt\/contact\/\"><u>Contacto Esther<\/u><\/a>\u00a0hoje - a Potensi espera poder ajud\u00e1-lo a melhorar os seus sistemas de elevadores!<\/p>","protected":false},"excerpt":{"rendered":"<p>A alimenta\u00e7\u00e3o da ilumina\u00e7\u00e3o de emerg\u00eancia POTENSI proporciona fiabilidade e precis\u00e3o duradouras, tornando-a a solu\u00e7\u00e3o ideal para o bom funcionamento do elevador. Perfeita para aplica\u00e7\u00f5es como a fonte de alimenta\u00e7\u00e3o para luzes de emerg\u00eancia YD12-X2 para luzes de tejadilho de autom\u00f3veis.<\/p>","protected":false},"featured_media":6090,"comment_status":"open","ping_status":"closed","template":"","meta":{"_seopress_robots_primary_cat":"none","_seopress_titles_title":"Emergency Lighting Power YD12-X2 | Elevator Components","_seopress_titles_desc":"Find the best Emergency Lighting Power YD12-X2 for your elevator needs. Car Roof Light Power Supply, options available for specific applications.","_seopress_robots_index":""},"product_brand":[],"product_cat":[109,150],"product_tag":[],"class_list":{"0":"post-6089","1":"product","2":"type-product","3":"status-publish","4":"has-post-thumbnail","6":"product_cat-others-elevator-parts","7":"product_cat-others-brands-parts","9":"first","10":"instock","11":"shipping-taxable","12":"purchasable","13":"product-type-simple"},"_links":{"self":[{"href":"https:\/\/potensilift.com\/pt\/wp-json\/wp\/v2\/product\/6089"}],"collection":[{"href":"https:\/\/potensilift.com\/pt\/wp-json\/wp\/v2\/product"}],"about":[{"href":"https:\/\/potensilift.com\/pt\/wp-json\/wp\/v2\/types\/product"}],"replies":[{"embeddable":true,"href":"https:\/\/potensilift.com\/pt\/wp-json\/wp\/v2\/comments?post=6089"}],"wp:featuredmedia":[{"embeddable":true,"href":"https:\/\/potensilift.com\/pt\/wp-json\/wp\/v2\/media\/6090"}],"wp:attachment":[{"href":"https:\/\/potensilift.com\/pt\/wp-json\/wp\/v2\/media?parent=6089"}],"wp:term":[{"taxonomy":"product_brand","embeddable":true,"href":"https:\/\/potensilift.com\/pt\/wp-json\/wp\/v2\/product_brand?post=6089"},{"taxonomy":"product_cat","embeddable":true,"href":"https:\/\/potensilift.com\/pt\/wp-json\/wp\/v2\/product_cat?post=6089"},{"taxonomy":"product_tag","embeddable":true,"href":"https:\/\/potensilift.com\/pt\/wp-json\/wp\/v2\/product_tag?post=6089"}],"curies":[{"name":"wp","href":"https:\/\/api.w.org\/{rel}","templated":true}]}}