{"id":6047,"date":"2025-04-17T06:54:59","date_gmt":"2025-04-17T06:54:59","guid":{"rendered":"https:\/\/potensilift.com\/?post_type=product&#038;p=6047"},"modified":"2025-04-17T07:00:27","modified_gmt":"2025-04-17T07:00:27","slug":"elevator-switch-di-101-s3-b1370-for-lg-sigma","status":"publish","type":"product","link":"https:\/\/potensilift.com\/pt\/produto\/elevator-switch-di-101-s3-b1370-for-lg-sigma\/","title":{"rendered":"Interruptor do elevador DI-101 (S3-B1370) para LG Sigma"},"content":{"rendered":"<p>Experimente seguran\u00e7a e efici\u00eancia inigual\u00e1veis com POTENSI <strong>Interruptor do elevador<\/strong>. Concebida com materiais de primeira qualidade, esta <strong>Interruptor do elevador DI-101 (S3-B1370) para LG Sigma<\/strong>\u00a0garante um funcionamento preciso e uma integra\u00e7\u00e3o sem esfor\u00e7o no seu sistema de elevadores. Quer necessite de um elevador fi\u00e1vel <strong>Elevator switch for LG Sigma<\/strong>\u00a0Para ambientes de elevada exig\u00eancia ou para uma melhoria da seguran\u00e7a \u00e0 medida, confie na POTENSI para obter uma qualidade e um desempenho excepcionais.<\/p>\n<h2>Par\u00e2metros do produto<\/h2>\n<table>\n<tbody>\n<tr>\n<td width=\"284\">Marca<\/td>\n<td width=\"284\">For LG Sigma<\/td>\n<\/tr>\n<tr>\n<td width=\"284\">Produtos<\/td>\n<td width=\"284\">Elevator switch DI-101 (S3-B1370)<\/td>\n<\/tr>\n<tr>\n<td width=\"284\">Modelo<\/td>\n<td width=\"284\">DI-101 (S3-B1370)<\/td>\n<\/tr>\n<tr>\n<td width=\"284\">Local de origem<\/td>\n<td width=\"284\">China<\/td>\n<\/tr>\n<\/tbody>\n<\/table>\n<h2>Porqu\u00ea n\u00f3s<\/h2>\n<p>Potensi provides high-quality Elevator switch DI-101 (S3-B1370) for LG Sigma, engineered to deliver exceptional reliability and performance for modern elevator systems. As a trusted supplier of Elevator switch, we offer a wide range of products, including specialized options like Elevator switch for LG Sigma, ensuring compatibility with top global brands such as \u00a0<a href=\"https:\/\/potensilift.com\/pt\/categoria-produto\/pecas-de-marcas\/for-mitsubishi\/\"><u>Mitsubishi<\/u><\/a>, <a href=\"https:\/\/potensilift.com\/pt\/categoria-produto\/pecas-de-marcas\/para-otis\/\"><u>Otis<\/u><\/a>, <a href=\"https:\/\/potensilift.com\/pt\/categoria-produto\/pecas-de-marcas\/for-tke-thyssenkrupp\/\"><u>Thyssen<\/u><\/a>, <a href=\"https:\/\/potensilift.com\/pt\/categoria-produto\/pecas-de-marcas\/para-a-hyundai\/\"><u>Hyundai<\/u><\/a>e <a href=\"https:\/\/potensilift.com\/pt\/categoria-produto\/pecas-de-marcas\/pecas-de-outras-marcas\/\"><u>outros<\/u><\/a>. Com um amplo estoque e pre\u00e7os competitivos, a Potensi est\u00e1 pronta para atender \u00e0s suas necessidades. <a href=\"https:\/\/potensilift.com\/pt\/contact\/\"><u>Contacto Esther<\/u><\/a>\u00a0hoje - a Potensi espera poder ajud\u00e1-lo a melhorar os seus sistemas de elevadores!<\/p>","protected":false},"excerpt":{"rendered":"<p>For ultimate performance, choose POTENSI Elevator switch, designed to meet the highest industry standards. Perfect for safety-critical components like Elevator switch DI-101 (S3-B1370) for LG Sigma.<\/p>","protected":false},"featured_media":6050,"comment_status":"open","ping_status":"closed","template":"","meta":{"_seopress_robots_primary_cat":"none","_seopress_titles_title":"Elevator switch for LG Sigma Best Elevator Components","_seopress_titles_desc":"Find high-quality Elevator switch parts and Elevator switch for LG Sigma. Reliable, long-lasting components.","_seopress_robots_index":""},"product_brand":[],"product_cat":[135,109],"product_tag":[],"class_list":{"0":"post-6047","1":"product","2":"type-product","3":"status-publish","4":"has-post-thumbnail","6":"product_cat-for-lg-sigma","7":"product_cat-others-elevator-parts","9":"first","10":"instock","11":"shipping-taxable","12":"purchasable","13":"product-type-simple"},"_links":{"self":[{"href":"https:\/\/potensilift.com\/pt\/wp-json\/wp\/v2\/product\/6047"}],"collection":[{"href":"https:\/\/potensilift.com\/pt\/wp-json\/wp\/v2\/product"}],"about":[{"href":"https:\/\/potensilift.com\/pt\/wp-json\/wp\/v2\/types\/product"}],"replies":[{"embeddable":true,"href":"https:\/\/potensilift.com\/pt\/wp-json\/wp\/v2\/comments?post=6047"}],"wp:featuredmedia":[{"embeddable":true,"href":"https:\/\/potensilift.com\/pt\/wp-json\/wp\/v2\/media\/6050"}],"wp:attachment":[{"href":"https:\/\/potensilift.com\/pt\/wp-json\/wp\/v2\/media?parent=6047"}],"wp:term":[{"taxonomy":"product_brand","embeddable":true,"href":"https:\/\/potensilift.com\/pt\/wp-json\/wp\/v2\/product_brand?post=6047"},{"taxonomy":"product_cat","embeddable":true,"href":"https:\/\/potensilift.com\/pt\/wp-json\/wp\/v2\/product_cat?post=6047"},{"taxonomy":"product_tag","embeddable":true,"href":"https:\/\/potensilift.com\/pt\/wp-json\/wp\/v2\/product_tag?post=6047"}],"curies":[{"name":"wp","href":"https:\/\/api.w.org\/{rel}","templated":true}]}}