{"id":6028,"date":"2025-04-17T06:11:46","date_gmt":"2025-04-17T06:11:46","guid":{"rendered":"https:\/\/potensilift.com\/?post_type=product&#038;p=6028"},"modified":"2025-04-17T06:16:57","modified_gmt":"2025-04-17T06:16:57","slug":"elevator-door-motor-faa24350dj1-for-otis","status":"publish","type":"product","link":"https:\/\/potensilift.com\/pt\/produto\/elevator-door-motor-faa24350dj1-for-otis\/","title":{"rendered":"Motor de porta de elevador FAA24350DJ1 para Otis"},"content":{"rendered":"<p>Pretende melhorar o desempenho da sua porta de elevador? POTENSI <strong>Elevator door motor for Otis<\/strong> combina componentes duradouros e engenharia inovadora para garantir opera\u00e7\u00f5es suaves e precisas. Se precisa de uma m\u00e1quina fi\u00e1vel <strong>motor da porta<\/strong> para uso geral ou avan\u00e7ado <strong>Motor de porta de elevador FAA24350DJ1 para Otis<\/strong> para sistemas especializados, a POTENSI oferece o equil\u00edbrio perfeito entre seguran\u00e7a e fiabilidade.<\/p>\n<h2>Par\u00e2metros do produto<\/h2>\n<table>\n<tbody>\n<tr>\n<td width=\"284\">Marca<\/td>\n<td width=\"284\">Para Otis<\/td>\n<\/tr>\n<tr>\n<td width=\"284\">Produtos<\/td>\n<td width=\"284\">Elevator Door motor FAA24350DJ1<\/td>\n<\/tr>\n<tr>\n<td width=\"284\">Modelo<\/td>\n<td width=\"284\">FAA24350DJ1<\/td>\n<\/tr>\n<tr>\n<td width=\"284\">Local de origem<\/td>\n<td width=\"284\">China<\/td>\n<\/tr>\n<\/tbody>\n<\/table>\n<h2>Porqu\u00ea n\u00f3s<\/h2>\n<p>Potensi provides high-quality Elevator Door motor FAA24350DJ1 for Otis, engineered to deliver exceptional reliability and performance for modern elevator systems. As a trusted supplier of door motor, we offer a wide range of products, including specialized options like Elevator door motor for Otis, ensuring compatibility with top global brands such as \u00a0<a href=\"https:\/\/potensilift.com\/pt\/categoria-produto\/pecas-de-marcas\/for-mitsubishi\/\"><u>Mitsubishi<\/u><\/a>, <a href=\"https:\/\/potensilift.com\/pt\/categoria-produto\/pecas-de-marcas\/para-otis\/\"><u>Otis<\/u><\/a>, <a href=\"https:\/\/potensilift.com\/pt\/categoria-produto\/pecas-de-marcas\/for-tke-thyssenkrupp\/\"><u>Thyssen<\/u><\/a>, <a href=\"https:\/\/potensilift.com\/pt\/categoria-produto\/pecas-de-marcas\/para-a-hyundai\/\"><u>Hyundai<\/u><\/a>e <a href=\"https:\/\/potensilift.com\/pt\/categoria-produto\/pecas-de-marcas\/pecas-de-outras-marcas\/\"><u>outros<\/u><\/a>. Com um amplo estoque e pre\u00e7os competitivos, a Potensi est\u00e1 pronta para atender \u00e0s suas necessidades. <a href=\"https:\/\/potensilift.com\/pt\/contact\/\"><u>Contacto Esther<\/u><\/a>\u00a0hoje - a Potensi espera poder ajud\u00e1-lo a melhorar os seus sistemas de elevadores!<\/p>","protected":false},"excerpt":{"rendered":"<p>Ensure smooth and safe operation with POTENSI door motor, crafted for precise compatibility with your system. Our Elevator Door motor FAA24350DJ1 for Otis offers reliable performance.<\/p>","protected":false},"featured_media":6029,"comment_status":"open","ping_status":"closed","template":"","meta":{"_seopress_robots_primary_cat":"none","_seopress_titles_title":"door motor | for otis door motor | Elevator Parts with Discounts - POTENSI","_seopress_titles_desc":"Shop door motor and get discounts on for otis door motor. Ideal for large-scale elevator projects.","_seopress_robots_index":""},"product_brand":[],"product_cat":[168,127],"product_tag":[],"class_list":{"0":"post-6028","1":"product","2":"type-product","3":"status-publish","4":"has-post-thumbnail","6":"product_cat-elevator-door-motor","7":"product_cat-for-otis","9":"first","10":"instock","11":"shipping-taxable","12":"purchasable","13":"product-type-simple"},"_links":{"self":[{"href":"https:\/\/potensilift.com\/pt\/wp-json\/wp\/v2\/product\/6028"}],"collection":[{"href":"https:\/\/potensilift.com\/pt\/wp-json\/wp\/v2\/product"}],"about":[{"href":"https:\/\/potensilift.com\/pt\/wp-json\/wp\/v2\/types\/product"}],"replies":[{"embeddable":true,"href":"https:\/\/potensilift.com\/pt\/wp-json\/wp\/v2\/comments?post=6028"}],"wp:featuredmedia":[{"embeddable":true,"href":"https:\/\/potensilift.com\/pt\/wp-json\/wp\/v2\/media\/6029"}],"wp:attachment":[{"href":"https:\/\/potensilift.com\/pt\/wp-json\/wp\/v2\/media?parent=6028"}],"wp:term":[{"taxonomy":"product_brand","embeddable":true,"href":"https:\/\/potensilift.com\/pt\/wp-json\/wp\/v2\/product_brand?post=6028"},{"taxonomy":"product_cat","embeddable":true,"href":"https:\/\/potensilift.com\/pt\/wp-json\/wp\/v2\/product_cat?post=6028"},{"taxonomy":"product_tag","embeddable":true,"href":"https:\/\/potensilift.com\/pt\/wp-json\/wp\/v2\/product_tag?post=6028"}],"curies":[{"name":"wp","href":"https:\/\/api.w.org\/{rel}","templated":true}]}}