{"id":6012,"date":"2025-04-17T05:45:06","date_gmt":"2025-04-17T05:45:06","guid":{"rendered":"https:\/\/potensilift.com\/?post_type=product&#038;p=6012"},"modified":"2025-04-17T05:50:10","modified_gmt":"2025-04-17T05:50:10","slug":"elevator-button-lhb-005b-for-mitsubishi","status":"publish","type":"product","link":"https:\/\/potensilift.com\/pt\/produto\/elevator-button-lhb-005b-for-mitsubishi\/","title":{"rendered":"Bot\u00e3o do elevador LHB-005B para Mitsubishi"},"content":{"rendered":"<p>Est\u00e1 interessado em melhorar o desempenho da sua porta de elevador? POTENSI <strong>Elevator Button For Mitsubishi<\/strong>\u00a0combina componentes duradouros e engenharia inovadora para garantir opera\u00e7\u00f5es suaves e precisas. Se precisa de uma m\u00e1quina fi\u00e1vel <strong>Bot\u00e3o do elevador<\/strong> para uso geral ou avan\u00e7ado <strong>Bot\u00e3o do elevador LHB-005B para Mitsubishi<\/strong>\u00a0para sistemas especializados, a POTENSI oferece o equil\u00edbrio perfeito entre seguran\u00e7a e fiabilidade.<\/p>\n<h2>Par\u00e2metros do produto<\/h2>\n<table style=\"height: 210px;\" width=\"677\">\n<tbody>\n<tr>\n<td width=\"213\">Marca<\/td>\n<td width=\"213\">Para Mitsubishi<\/td>\n<\/tr>\n<tr>\n<td width=\"213\">Produtos<\/td>\n<td width=\"213\">Elevator button LHB-005B<\/td>\n<\/tr>\n<tr>\n<td width=\"213\">Modelo<\/td>\n<td width=\"213\">LHB-005B<\/td>\n<\/tr>\n<tr>\n<td width=\"213\">Local de origem<\/td>\n<td width=\"213\">China<\/td>\n<\/tr>\n<\/tbody>\n<\/table>\n<h2>Porqu\u00ea n\u00f3s<\/h2>\n<p>Potensi provides high-quality Elevator button LHB-005B for Mitsubishi, engineered to deliver exceptional reliability and performance for modern elevator systems. As a trusted supplier of Elevator Button, we offer a wide range of products, including specialized options like Elevator Button For Mitsubishi, ensuring compatibility with top global brands such as \u00a0<a href=\"https:\/\/potensilift.com\/pt\/categoria-produto\/pecas-de-marcas\/for-mitsubishi\/\"><u>Mitsubishi<\/u><\/a>, <a href=\"https:\/\/potensilift.com\/pt\/categoria-produto\/pecas-de-marcas\/para-otis\/\"><u>Otis<\/u><\/a>, <a href=\"https:\/\/potensilift.com\/pt\/categoria-produto\/pecas-de-marcas\/for-tke-thyssenkrupp\/\"><u>Thyssen<\/u><\/a>, <a href=\"https:\/\/potensilift.com\/pt\/categoria-produto\/pecas-de-marcas\/para-a-hyundai\/\"><u>Hyundai<\/u><\/a>e <a href=\"https:\/\/potensilift.com\/pt\/categoria-produto\/pecas-de-marcas\/pecas-de-outras-marcas\/\"><u>outros<\/u><\/a>. Com um amplo estoque e pre\u00e7os competitivos, a Potensi est\u00e1 pronta para atender \u00e0s suas necessidades. <a href=\"https:\/\/potensilift.com\/pt\/contact\/\"><u>Contacto Esther<\/u><\/a>\u00a0hoje - a Potensi espera poder ajud\u00e1-lo a melhorar os seus sistemas de elevadores!<\/p>","protected":false},"excerpt":{"rendered":"<p>Please make sure that the POTENSI Elevator Button is smoothly and safely operated and crafted for precise compatibility with your system. Our Elevator button LHB-005B for Mitsubishi offers reliable performance.<\/p>","protected":false},"featured_media":6015,"comment_status":"open","ping_status":"closed","template":"","meta":{"_seopress_robots_primary_cat":"none","_seopress_titles_title":"Elevator Button | Elevator Solutions - POTENSI","_seopress_titles_desc":"Explore our wide range of Elevator Button and Elevator button LHB-005B for Mitsubishi elevators. Ideal for maintenance and upgrades.","_seopress_robots_index":""},"product_brand":[],"product_cat":[162,130],"product_tag":[],"class_list":{"0":"post-6012","1":"product","2":"type-product","3":"status-publish","4":"has-post-thumbnail","6":"product_cat-elevator-cop-lop-buttons","7":"product_cat-for-mitsubishi","9":"first","10":"instock","11":"shipping-taxable","12":"purchasable","13":"product-type-simple"},"_links":{"self":[{"href":"https:\/\/potensilift.com\/pt\/wp-json\/wp\/v2\/product\/6012"}],"collection":[{"href":"https:\/\/potensilift.com\/pt\/wp-json\/wp\/v2\/product"}],"about":[{"href":"https:\/\/potensilift.com\/pt\/wp-json\/wp\/v2\/types\/product"}],"replies":[{"embeddable":true,"href":"https:\/\/potensilift.com\/pt\/wp-json\/wp\/v2\/comments?post=6012"}],"wp:featuredmedia":[{"embeddable":true,"href":"https:\/\/potensilift.com\/pt\/wp-json\/wp\/v2\/media\/6015"}],"wp:attachment":[{"href":"https:\/\/potensilift.com\/pt\/wp-json\/wp\/v2\/media?parent=6012"}],"wp:term":[{"taxonomy":"product_brand","embeddable":true,"href":"https:\/\/potensilift.com\/pt\/wp-json\/wp\/v2\/product_brand?post=6012"},{"taxonomy":"product_cat","embeddable":true,"href":"https:\/\/potensilift.com\/pt\/wp-json\/wp\/v2\/product_cat?post=6012"},{"taxonomy":"product_tag","embeddable":true,"href":"https:\/\/potensilift.com\/pt\/wp-json\/wp\/v2\/product_tag?post=6012"}],"curies":[{"name":"wp","href":"https:\/\/api.w.org\/{rel}","templated":true}]}}