{"id":5989,"date":"2025-04-17T03:13:32","date_gmt":"2025-04-17T03:13:32","guid":{"rendered":"https:\/\/potensilift.com\/?post_type=product&#038;p=5989"},"modified":"2025-09-01T05:24:26","modified_gmt":"2025-09-01T05:24:26","slug":"placa-principal-do-inversor-de-elevador-tmi2-para-thyssenkrupp","status":"publish","type":"product","link":"https:\/\/potensilift.com\/pt\/produto\/placa-principal-do-inversor-de-elevador-tmi2-para-thyssenkrupp\/","title":{"rendered":"Placa principal do inversor de elevador TMI2 Vers\u00e3o coreana para Thyssenkrupp"},"content":{"rendered":"<p data-start=\"74\" data-end=\"470\">POTENCIAL <strong data-start=\"108\" data-end=\"144\">Thyssenkrupp inverter main board<\/strong> proporciona um desempenho est\u00e1vel, uma instala\u00e7\u00e3o f\u00e1cil e uma longa vida \u00fatil. O <strong data-start=\"220\" data-end=\"270\">Thyssenkrupp elevator inverter main board TMI2<\/strong> (Korean version) ensures smooth operation and reliable compatibility. We also supply the <a href=\"https:\/\/potensilift.com\/pt\/produto\/placa-de-acionamento-de-elevador-tmi2-66200006435-versao-alema-para-thyssenkrupp\/\">German version<\/a> deste <strong data-start=\"383\" data-end=\"406\" data-is-only-node=\"\">inverter main board<\/strong> juntamente com uma gama completa de pe\u00e7as sobresselentes originais da Thyssenkrupp.<\/p>\n<h2>Par\u00e2metros do produto<\/h2>\n<table style=\"height: 205px;\" width=\"643\">\n<tbody>\n<tr>\n<td width=\"213\">Marca<\/td>\n<td width=\"213\">Para a Thyssenkrupp<\/td>\n<\/tr>\n<tr>\n<td width=\"213\">Produtos<\/td>\n<td width=\"213\">Elevator inverter main board TMI2<\/td>\n<\/tr>\n<tr>\n<td width=\"213\">Modelo<\/td>\n<td width=\"213\">TMI2<\/td>\n<\/tr>\n<tr>\n<td width=\"213\">Local de origem<\/td>\n<td width=\"213\">Korean<\/td>\n<\/tr>\n<\/tbody>\n<\/table>\n<h2>Porqu\u00ea n\u00f3s<\/h2>\n<p>Potensi provides high-quality Thyssenkrupp elevator inverter main board TMI2, engineered to deliver exceptional reliability and performance for modern elevator systems. As a trusted supplier of elevator inverter main board, we offer a wide range of products, including specialized options like Thyssenkrupp elevator inverter main board, ensuring compatibility with top global brands such as \u00a0<a href=\"https:\/\/potensilift.com\/pt\/categoria-produto\/pecas-de-marcas\/for-mitsubishi\/\"><u>Mitsubishi<\/u><\/a>, <a href=\"https:\/\/potensilift.com\/pt\/categoria-produto\/pecas-de-marcas\/para-otis\/\"><u>Otis<\/u><\/a>, <a href=\"https:\/\/potensilift.com\/pt\/categoria-produto\/pecas-de-marcas\/for-tke-thyssenkrupp\/\"><u>Thyssen<\/u><\/a>, <a href=\"https:\/\/potensilift.com\/pt\/categoria-produto\/pecas-de-marcas\/para-a-hyundai\/\"><u>Hyundai<\/u><\/a>e <a href=\"https:\/\/potensilift.com\/pt\/categoria-produto\/pecas-de-marcas\/pecas-de-outras-marcas\/\"><u>outros<\/u><\/a>. Com um amplo estoque e pre\u00e7os competitivos, a Potensi est\u00e1 pronta para atender \u00e0s suas necessidades. <a href=\"https:\/\/potensilift.com\/pt\/contact\/\"><u>Contacto Esther<\/u><\/a>\u00a0hoje - a Potensi espera poder ajud\u00e1-lo a melhorar os seus sistemas de elevadores!<\/p>","protected":false},"excerpt":{"rendered":"<p>Upgrade your elevator system with POTENSI Thyssenkrupp elevator inverter main board, engineered for seamless integration and exceptional performance. Our elevator inverter main board ensures long-term efficiency.<\/p>","protected":false},"featured_media":5992,"comment_status":"open","ping_status":"closed","template":"","meta":{"_seopress_robots_primary_cat":"none","_seopress_titles_title":"Thyssenkrupp elevator inverter main board | Quality Elevator Parts","_seopress_titles_desc":"Explore a range of elevator inverter main board with high-quality Thyssenkrupp elevator inverter main board. Perfect for maintaining peak elevator performance.","_seopress_robots_index":""},"product_brand":[],"product_cat":[161,129],"product_tag":[],"class_list":{"0":"post-5989","1":"product","2":"type-product","3":"status-publish","4":"has-post-thumbnail","6":"product_cat-elevator-pcb","7":"product_cat-for-tke-thyssenkrupp","9":"first","10":"instock","11":"shipping-taxable","12":"purchasable","13":"product-type-simple"},"_links":{"self":[{"href":"https:\/\/potensilift.com\/pt\/wp-json\/wp\/v2\/product\/5989"}],"collection":[{"href":"https:\/\/potensilift.com\/pt\/wp-json\/wp\/v2\/product"}],"about":[{"href":"https:\/\/potensilift.com\/pt\/wp-json\/wp\/v2\/types\/product"}],"replies":[{"embeddable":true,"href":"https:\/\/potensilift.com\/pt\/wp-json\/wp\/v2\/comments?post=5989"}],"wp:featuredmedia":[{"embeddable":true,"href":"https:\/\/potensilift.com\/pt\/wp-json\/wp\/v2\/media\/5992"}],"wp:attachment":[{"href":"https:\/\/potensilift.com\/pt\/wp-json\/wp\/v2\/media?parent=5989"}],"wp:term":[{"taxonomy":"product_brand","embeddable":true,"href":"https:\/\/potensilift.com\/pt\/wp-json\/wp\/v2\/product_brand?post=5989"},{"taxonomy":"product_cat","embeddable":true,"href":"https:\/\/potensilift.com\/pt\/wp-json\/wp\/v2\/product_cat?post=5989"},{"taxonomy":"product_tag","embeddable":true,"href":"https:\/\/potensilift.com\/pt\/wp-json\/wp\/v2\/product_tag?post=5989"}],"curies":[{"name":"wp","href":"https:\/\/api.w.org\/{rel}","templated":true}]}}