{"id":5866,"date":"2025-04-10T08:49:07","date_gmt":"2025-04-10T08:49:07","guid":{"rendered":"https:\/\/potensilift.com\/?post_type=product&#038;p=5866"},"modified":"2025-04-10T09:00:52","modified_gmt":"2025-04-10T09:00:52","slug":"escalator-button-switch-i88-suiz-w-10a-500v-ac-km258453-manual-for-kone","status":"publish","type":"product","link":"https:\/\/potensilift.com\/pt\/produto\/escalator-button-switch-i88-suiz-w-10a-500v-ac-km258453-manual-for-kone\/","title":{"rendered":"Interruptor de bot\u00e3o de escada rolante I88-SUIZ W 10A\/ 500V AC KM258453 Manual para Kone"},"content":{"rendered":"<p>POTENSI elegante e duradouro <strong>Escalator Button switch for Kone<\/strong>\u00a0combina um design moderno com carater\u00edsticas de seguran\u00e7a inigual\u00e1veis. Ideal para atualizar <strong>Escalator Button switch<\/strong>\u00a0ou introduzindo componentes especializados como <strong>Interruptor de bot\u00e3o de escada rolante I88-SUIZ W 10A\/ 500V AC KM258453 Manual para Kone<\/strong>, Esta solu\u00e7\u00e3o \u00e9 t\u00e3o funcional como visualmente apelativa. Eleve o estilo e a seguran\u00e7a com a POTENSI hoje mesmo.<\/p>\n<h2>Par\u00e2metros do produto<\/h2>\n<table style=\"height: 245px;\" width=\"726\">\n<tbody>\n<tr>\n<td width=\"213\">Marca<\/td>\n<td width=\"213\">Para Kone<\/td>\n<\/tr>\n<tr>\n<td width=\"213\">Produtos<\/td>\n<td width=\"213\">Escalator Button switch I88-SUIZ W 10A\/ 500V AC KM258453 Manual<\/td>\n<\/tr>\n<tr>\n<td width=\"213\">Modelo<\/td>\n<td width=\"213\">KM258453<\/td>\n<\/tr>\n<tr>\n<td width=\"213\">Local de origem<\/td>\n<td width=\"213\">China<\/td>\n<\/tr>\n<\/tbody>\n<\/table>\n<h2>Porqu\u00ea n\u00f3s<\/h2>\n<p>Potensi provides high-quality Escalator Button switch I88-SUIZ W 10A\/ 500V AC KM258453 Manual for Kone , engineered to deliver exceptional reliability and performance for modern elevator systems. As a trusted supplier of Escalator Button switch, we offer a wide range of products, including specialized options like Escalator Button switch for Kone , ensuring compatibility with top global brands such as \u00a0<a href=\"https:\/\/potensilift.com\/pt\/categoria-produto\/pecas-de-marcas\/for-mitsubishi\/\"><u>Mitsubishi<\/u><\/a>, <a href=\"https:\/\/potensilift.com\/pt\/categoria-produto\/pecas-de-marcas\/para-otis\/\"><u>Otis<\/u><\/a>, <a href=\"https:\/\/potensilift.com\/pt\/categoria-produto\/pecas-de-marcas\/for-tke-thyssenkrupp\/\"><u>Thyssen<\/u><\/a>, <a href=\"https:\/\/potensilift.com\/pt\/categoria-produto\/pecas-de-marcas\/para-a-hyundai\/\"><u>Hyundai<\/u><\/a>e <a href=\"https:\/\/potensilift.com\/pt\/categoria-produto\/pecas-de-marcas\/pecas-de-outras-marcas\/\"><u>outros<\/u><\/a>. Com um amplo estoque e pre\u00e7os competitivos, a Potensi est\u00e1 pronta para atender \u00e0s suas necessidades. <a href=\"https:\/\/potensilift.com\/pt\/contact\/\"><u>Contacto Esther<\/u><\/a>\u00a0hoje - a Potensi espera poder ajud\u00e1-lo a melhorar os seus sistemas de elevadores!<\/p>","protected":false},"excerpt":{"rendered":"<p>Designed for long-term use, POTENSI Escalator Button switch ensures superior quality and consistent performance. Our Escalator Button switch I88-SUIZ W 10A\/ 500V AC KM258453 Manual for Kone is ideal for lasting durability.<\/p>","protected":false},"featured_media":5867,"comment_status":"open","ping_status":"closed","template":"","meta":{"_seopress_robots_primary_cat":"none","_seopress_titles_title":"Escalator Button switch for Kone | High-Quality","_seopress_titles_desc":"Discover Escalator Button Switch for Kone, designed for durability and performance. Our premium parts ensure safety and reliability in every installation.","_seopress_robots_index":""},"product_brand":[],"product_cat":[128,126],"product_tag":[],"class_list":{"0":"post-5866","1":"product","2":"type-product","3":"status-publish","4":"has-post-thumbnail","6":"product_cat-for-kone","7":"product_cat-others-escalator-parts","9":"first","10":"instock","11":"shipping-taxable","12":"purchasable","13":"product-type-simple"},"_links":{"self":[{"href":"https:\/\/potensilift.com\/pt\/wp-json\/wp\/v2\/product\/5866"}],"collection":[{"href":"https:\/\/potensilift.com\/pt\/wp-json\/wp\/v2\/product"}],"about":[{"href":"https:\/\/potensilift.com\/pt\/wp-json\/wp\/v2\/types\/product"}],"replies":[{"embeddable":true,"href":"https:\/\/potensilift.com\/pt\/wp-json\/wp\/v2\/comments?post=5866"}],"wp:featuredmedia":[{"embeddable":true,"href":"https:\/\/potensilift.com\/pt\/wp-json\/wp\/v2\/media\/5867"}],"wp:attachment":[{"href":"https:\/\/potensilift.com\/pt\/wp-json\/wp\/v2\/media?parent=5866"}],"wp:term":[{"taxonomy":"product_brand","embeddable":true,"href":"https:\/\/potensilift.com\/pt\/wp-json\/wp\/v2\/product_brand?post=5866"},{"taxonomy":"product_cat","embeddable":true,"href":"https:\/\/potensilift.com\/pt\/wp-json\/wp\/v2\/product_cat?post=5866"},{"taxonomy":"product_tag","embeddable":true,"href":"https:\/\/potensilift.com\/pt\/wp-json\/wp\/v2\/product_tag?post=5866"}],"curies":[{"name":"wp","href":"https:\/\/api.w.org\/{rel}","templated":true}]}}