{"id":5790,"date":"2025-04-03T07:31:52","date_gmt":"2025-04-03T07:31:52","guid":{"rendered":"https:\/\/potensilift.com\/?post_type=product&#038;p=5790"},"modified":"2025-04-03T07:36:38","modified_gmt":"2025-04-03T07:36:38","slug":"elevator-button-a4n59852-for-otis-white-light-without-braille","status":"publish","type":"product","link":"https:\/\/potensilift.com\/pt\/produto\/elevator-button-a4n59852-for-otis-white-light-without-braille\/","title":{"rendered":"Bot\u00e3o de elevador A4N59852 para luz branca Otis sem Braille"},"content":{"rendered":"<p>Est\u00e1 interessado em melhorar o desempenho da sua porta de elevador? POTENSI <strong>Elevator Button For Otis<\/strong>\u00a0combina componentes duradouros e engenharia inovadora para garantir opera\u00e7\u00f5es suaves e precisas. Se precisa de uma m\u00e1quina fi\u00e1vel <strong>Bot\u00e3o do elevador<\/strong> para uso geral ou avan\u00e7ado <strong>Bot\u00e3o de elevador A4N59852 para luz branca Otis sem Braille<\/strong>\u00a0para sistemas especializados, a POTENSI oferece o equil\u00edbrio perfeito entre seguran\u00e7a e fiabilidade.<\/p>\n<h2>Par\u00e2metros do produto<\/h2>\n<table style=\"height: 210px;\" width=\"677\">\n<tbody>\n<tr>\n<td width=\"213\">Marca<\/td>\n<td width=\"213\">Para Otis<\/td>\n<\/tr>\n<tr>\n<td width=\"213\">Produtos<\/td>\n<td width=\"213\">Bot\u00e3o de elevador A4N59852 para luz branca Otis sem Braille<\/td>\n<\/tr>\n<tr>\n<td width=\"213\">Modelo<\/td>\n<td width=\"213\">A4N59852<\/td>\n<\/tr>\n<tr>\n<td width=\"213\">Local de origem<\/td>\n<td width=\"213\">China<\/td>\n<\/tr>\n<\/tbody>\n<\/table>\n<h2>Porqu\u00ea n\u00f3s<\/h2>\n<p>Potensi provides high-quality Elevator button A4N59852 for Otis white light without Braille, engineered to deliver exceptional reliability and performance for modern elevator systems. As a trusted supplier of Elevator Button, we offer a wide range of products, including specialized options like Elevator Button For Otis, ensuring compatibility with top global brands such as \u00a0<a href=\"https:\/\/potensilift.com\/pt\/categoria-produto\/pecas-de-marcas\/for-mitsubishi\/\"><u>Mitsubishi<\/u><\/a>, <a href=\"https:\/\/potensilift.com\/pt\/categoria-produto\/pecas-de-marcas\/para-otis\/\"><u>Otis<\/u><\/a>, <a href=\"https:\/\/potensilift.com\/pt\/categoria-produto\/pecas-de-marcas\/for-tke-thyssenkrupp\/\"><u>Thyssen<\/u><\/a>, <a href=\"https:\/\/potensilift.com\/pt\/categoria-produto\/pecas-de-marcas\/para-a-hyundai\/\"><u>Hyundai<\/u><\/a>e <a href=\"https:\/\/potensilift.com\/pt\/categoria-produto\/pecas-de-marcas\/pecas-de-outras-marcas\/\"><u>outros<\/u><\/a>. Com um amplo estoque e pre\u00e7os competitivos, a Potensi est\u00e1 pronta para atender \u00e0s suas necessidades. <a href=\"https:\/\/potensilift.com\/pt\/contact\/\"><u>Contacto Esther<\/u><\/a>\u00a0hoje - a Potensi espera poder ajud\u00e1-lo a melhorar os seus sistemas de elevadores!<\/p>","protected":false},"excerpt":{"rendered":"<p>Please make sure that the POTENSI Elevator Button is smoothly and safely operated and crafted for precise compatibility with your system. Our Elevator button A4N59852 for Otis white light without Braille offers reliable performance.<\/p>","protected":false},"featured_media":5793,"comment_status":"open","ping_status":"closed","template":"","meta":{"_seopress_robots_primary_cat":"none","_seopress_titles_title":"Elevator Button | Elevator Solutions - POTENSI","_seopress_titles_desc":"Explore our wide range of Elevator Button and Elevator button A4N59852 for Otis white light without Braille for elevators. Ideal for maintenance and upgrades.","_seopress_robots_index":""},"product_brand":[],"product_cat":[162,127],"product_tag":[],"class_list":{"0":"post-5790","1":"product","2":"type-product","3":"status-publish","4":"has-post-thumbnail","6":"product_cat-elevator-cop-lop-buttons","7":"product_cat-for-otis","9":"first","10":"instock","11":"shipping-taxable","12":"purchasable","13":"product-type-simple"},"_links":{"self":[{"href":"https:\/\/potensilift.com\/pt\/wp-json\/wp\/v2\/product\/5790"}],"collection":[{"href":"https:\/\/potensilift.com\/pt\/wp-json\/wp\/v2\/product"}],"about":[{"href":"https:\/\/potensilift.com\/pt\/wp-json\/wp\/v2\/types\/product"}],"replies":[{"embeddable":true,"href":"https:\/\/potensilift.com\/pt\/wp-json\/wp\/v2\/comments?post=5790"}],"wp:featuredmedia":[{"embeddable":true,"href":"https:\/\/potensilift.com\/pt\/wp-json\/wp\/v2\/media\/5793"}],"wp:attachment":[{"href":"https:\/\/potensilift.com\/pt\/wp-json\/wp\/v2\/media?parent=5790"}],"wp:term":[{"taxonomy":"product_brand","embeddable":true,"href":"https:\/\/potensilift.com\/pt\/wp-json\/wp\/v2\/product_brand?post=5790"},{"taxonomy":"product_cat","embeddable":true,"href":"https:\/\/potensilift.com\/pt\/wp-json\/wp\/v2\/product_cat?post=5790"},{"taxonomy":"product_tag","embeddable":true,"href":"https:\/\/potensilift.com\/pt\/wp-json\/wp\/v2\/product_tag?post=5790"}],"curies":[{"name":"wp","href":"https:\/\/api.w.org\/{rel}","templated":true}]}}