{"id":5661,"date":"2025-03-27T07:57:48","date_gmt":"2025-03-27T07:57:48","guid":{"rendered":"https:\/\/potensilift.com\/?post_type=product&#038;p=5661"},"modified":"2025-03-29T11:29:45","modified_gmt":"2025-03-29T11:29:45","slug":"elevator-contactor-3rh2911-2da11-for-siemens","status":"publish","type":"product","link":"https:\/\/potensilift.com\/pt\/produto\/elevator-contactor-3rh2911-2da11-for-siemens\/","title":{"rendered":"Contactor de elevador 3RH2911-2DA11 para SIEMENS"},"content":{"rendered":"<p>POTENCIAL <strong>SIEMENS elevator contactor 3RH2911-2DA11<\/strong>\u00a0\u00e9 a chave para manter uma experi\u00eancia de elevador suave e est\u00e1vel. Concebida com precis\u00e3o e fabricada com materiais de alta qualidade, esta solu\u00e7\u00e3o integra-se perfeitamente no seu sistema, garantindo um desempenho a longo prazo. Quer esteja a atualizar\u00a0<strong>contactor do elevador<\/strong> ou \u00e0 procura de melhorias espec\u00edficas como <strong>Contactor de elevador SIEMENS<\/strong>A POTENSI oferece solu\u00e7\u00f5es fi\u00e1veis e f\u00e1ceis de instalar. Eleve a estabilidade com confian\u00e7a hoje mesmo.<\/p>\n<h2>Par\u00e2metros do produto<\/h2>\n<table style=\"height: 220px;\" width=\"741\">\n<tbody>\n<tr>\n<td width=\"213\">Marca<\/td>\n<td width=\"213\">Para SIEMENS<\/td>\n<\/tr>\n<tr>\n<td width=\"213\">Produtos<\/td>\n<td width=\"213\">elevator contactor 3RH2911-2DA11<\/td>\n<\/tr>\n<tr>\n<td width=\"213\">Modelo<\/td>\n<td width=\"213\">3RH2911-2DA11<\/td>\n<\/tr>\n<tr>\n<td width=\"213\">Local de origem<\/td>\n<td width=\"213\">China<\/td>\n<\/tr>\n<\/tbody>\n<\/table>\n<h2>Porqu\u00ea n\u00f3s<\/h2>\n<p>Potensi provides high-quality SIEMENS elevator contactor 3RH2911-2DA11, engineered to deliver exceptional reliability and performance for modern elevator systems. As a trusted supplier of elevator contactor, we offer a wide range of products, including specialized options like SIEMENS elevator contactor, ensuring compatibility with top global brands such as \u00a0<a href=\"https:\/\/potensilift.com\/pt\/categoria-produto\/pecas-de-marcas\/for-mitsubishi\/\"><u>Mitsubishi<\/u><\/a>, <a href=\"https:\/\/potensilift.com\/pt\/categoria-produto\/pecas-de-marcas\/para-otis\/\"><u>Otis<\/u><\/a>, <a href=\"https:\/\/potensilift.com\/pt\/categoria-produto\/pecas-de-marcas\/for-tke-thyssenkrupp\/\"><u>Thyssen<\/u><\/a>, <a href=\"https:\/\/potensilift.com\/pt\/categoria-produto\/pecas-de-marcas\/para-a-hyundai\/\"><u>Hyundai<\/u><\/a>e <a href=\"https:\/\/potensilift.com\/pt\/categoria-produto\/pecas-de-marcas\/pecas-de-outras-marcas\/\"><u>outros<\/u><\/a>. Com um amplo estoque e pre\u00e7os competitivos, a Potensi est\u00e1 pronta para atender \u00e0s suas necessidades. <a href=\"https:\/\/potensilift.com\/pt\/contact\/\"><u>Contacto Esther<\/u><\/a>\u00a0hoje - a Potensi espera poder ajud\u00e1-lo a melhorar os seus sistemas de elevadores!<\/p>","protected":false},"excerpt":{"rendered":"<p>POTENSI elevator contactor provides long-lasting reliability and precision, making it an ideal solution for smooth elevator operation. Perfect for applications such as SIEMENS elevator contactor 3RH2911-2DA11.<\/p>","protected":false},"featured_media":5664,"comment_status":"open","ping_status":"closed","template":"","meta":{"_seopress_robots_primary_cat":"none","_seopress_titles_title":"SIEMENS elevator contactor 3RH2911-2DA11 | Elevator Solutions","_seopress_titles_desc":"Explore our wide range of elevator contactor and SIEMENS elevator contactor 3RH2911-2DA11 for elevators. Ideal for maintenance and upgrades.","_seopress_robots_index":""},"product_brand":[],"product_cat":[109,150],"product_tag":[],"class_list":{"0":"post-5661","1":"product","2":"type-product","3":"status-publish","4":"has-post-thumbnail","6":"product_cat-others-elevator-parts","7":"product_cat-others-brands-parts","9":"first","10":"instock","11":"shipping-taxable","12":"purchasable","13":"product-type-simple"},"_links":{"self":[{"href":"https:\/\/potensilift.com\/pt\/wp-json\/wp\/v2\/product\/5661"}],"collection":[{"href":"https:\/\/potensilift.com\/pt\/wp-json\/wp\/v2\/product"}],"about":[{"href":"https:\/\/potensilift.com\/pt\/wp-json\/wp\/v2\/types\/product"}],"replies":[{"embeddable":true,"href":"https:\/\/potensilift.com\/pt\/wp-json\/wp\/v2\/comments?post=5661"}],"wp:featuredmedia":[{"embeddable":true,"href":"https:\/\/potensilift.com\/pt\/wp-json\/wp\/v2\/media\/5664"}],"wp:attachment":[{"href":"https:\/\/potensilift.com\/pt\/wp-json\/wp\/v2\/media?parent=5661"}],"wp:term":[{"taxonomy":"product_brand","embeddable":true,"href":"https:\/\/potensilift.com\/pt\/wp-json\/wp\/v2\/product_brand?post=5661"},{"taxonomy":"product_cat","embeddable":true,"href":"https:\/\/potensilift.com\/pt\/wp-json\/wp\/v2\/product_cat?post=5661"},{"taxonomy":"product_tag","embeddable":true,"href":"https:\/\/potensilift.com\/pt\/wp-json\/wp\/v2\/product_tag?post=5661"}],"curies":[{"name":"wp","href":"https:\/\/api.w.org\/{rel}","templated":true}]}}