{"id":5595,"date":"2025-03-22T14:37:52","date_gmt":"2025-03-22T14:37:52","guid":{"rendered":"https:\/\/potensilift.com\/?post_type=product&#038;p=5595"},"modified":"2025-03-26T12:49:28","modified_gmt":"2025-03-26T12:49:28","slug":"elevator-guide-lining-10%d0%bc%d0%bc-l-120%d0%bc%d0%bc-bfk10-xaa380n2-km996488-for-otis-kone","status":"publish","type":"product","link":"https:\/\/potensilift.com\/pt\/produto\/elevator-guide-lining-10%d0%bc%d0%bc-l-120%d0%bc%d0%bc-bfk10-xaa380n2-km996488-for-otis-kone\/","title":{"rendered":"Revestimento da guia do elevador 10\u043c\u043c L-120\u043c\u043c BFK10 XAA380N2 KM996488 para Otis Kone"},"content":{"rendered":"<p>POTENCIAL <strong>Forro de sapata guia de elevador 10\u043c\u043c L-120\u043c\u043c BFK10 XAA380N2 KM996488 para Otis Kone<\/strong> \u00e9 a chave para manter uma experi\u00eancia de elevador suave e est\u00e1vel. Concebida com precis\u00e3o e fabricada com materiais de alta qualidade, esta solu\u00e7\u00e3o integra-se perfeitamente no seu sistema, garantindo um desempenho a longo prazo. Quer esteja a atualizar o <strong>Revestimento de sapata guia de elevador para Otis Kone<\/strong> ou \u00e0 procura de melhorias espec\u00edficas como a <strong>Forro do sapato guia do elevador<\/strong>A POTENSI oferece solu\u00e7\u00f5es fi\u00e1veis e f\u00e1ceis de instalar. Eleve a estabilidade com confian\u00e7a hoje mesmo.<\/p>\n<h2>Par\u00e2metros do produto<\/h2>\n<table style=\"height: 184px;\" width=\"702\">\n<tbody>\n<tr>\n<td width=\"213\">Marca<\/td>\n<td width=\"213\">Para Otis Kone<\/td>\n<\/tr>\n<tr>\n<td width=\"213\">Produtos<\/td>\n<td width=\"213\">Forro de sapato guia de elevador 10\u043c\u043c L-120\u043c\u043c BFK10 XAA380N2 KM996488<\/td>\n<\/tr>\n<tr>\n<td width=\"213\">Modelo<\/td>\n<td width=\"213\">10\u043c\u043c L-120\u043c\u043c BFK10 XAA380N2 KM996488<\/td>\n<\/tr>\n<tr>\n<td width=\"213\">Local de origem<\/td>\n<td width=\"213\">China<\/td>\n<\/tr>\n<\/tbody>\n<\/table>\n<h2>Porqu\u00ea n\u00f3s<\/h2>\n<p>A Potensi fornece alta qualidade de Elevator guide shoe lining 10\u043c\u043c L-120\u043c\u043c BFK10 XAA380N2 KM996488 for Otis Kone, concebido para proporcionar uma fiabilidade e desempenho excepcionais para sistemas de elevadores modernos. Como fornecedor de confian\u00e7a de Revestimento de sapatas-guia de elevador, oferecemos uma vasta gama de produtos, incluindo op\u00e7\u00f5es especializadas como Revestimento de sapatas-guia de elevador para Otis Kone, garantindo a compatibilidade com as principais marcas mundiais, tais como \u00a0<a href=\"https:\/\/potensilift.com\/pt\/categoria-produto\/pecas-de-marcas\/for-mitsubishi\/\"><u>Mitsubishi<\/u><\/a>, <a href=\"https:\/\/potensilift.com\/pt\/categoria-produto\/pecas-de-marcas\/para-otis\/\"><u>Otis<\/u><\/a>, <a href=\"https:\/\/potensilift.com\/pt\/categoria-produto\/pecas-de-marcas\/for-tke-thyssenkrupp\/\"><u>Thyssen<\/u><\/a>, <a href=\"https:\/\/potensilift.com\/pt\/categoria-produto\/pecas-de-marcas\/para-a-hyundai\/\"><u>Hyundai<\/u><\/a>e <a href=\"https:\/\/potensilift.com\/pt\/categoria-produto\/pecas-de-marcas\/pecas-de-outras-marcas\/\"><u>outros<\/u><\/a>. Com um amplo estoque e pre\u00e7os competitivos, a Potensi est\u00e1 pronta para atender \u00e0s suas necessidades. <a href=\"https:\/\/potensilift.com\/pt\/contact\/\"><u>Contacto Esther<\/u><\/a>\u00a0hoje - a Potensi espera poder ajud\u00e1-lo a melhorar os seus sistemas de elevadores!<\/p>","protected":false},"excerpt":{"rendered":"<p>O revestimento das sapatas-guia para elevadores da POTENSI proporciona fiabilidade e precis\u00e3o duradouras, tornando-o a solu\u00e7\u00e3o ideal para o bom funcionamento do elevador. Perfeito para aplica\u00e7\u00f5es como o revestimento de sapatas-guia de elevador para Otis Kone.<\/p>","protected":false},"featured_media":5598,"comment_status":"open","ping_status":"closed","template":"","meta":{"_seopress_robots_primary_cat":"none","_seopress_titles_title":"Elevator guide shoe lining | Elevator Components - POTENSI","_seopress_titles_desc":"Find the best Elevator guide shoe lining for your elevator needs. Elevator guide shoe lining for Otis Kone, options available for specific applications.","_seopress_robots_index":""},"product_brand":[],"product_cat":[164,128,127],"product_tag":[],"class_list":{"0":"post-5595","1":"product","2":"type-product","3":"status-publish","4":"has-post-thumbnail","6":"product_cat-elevator-guide-shoe-shoe-liner","7":"product_cat-for-kone","8":"product_cat-for-otis","10":"first","11":"instock","12":"shipping-taxable","13":"purchasable","14":"product-type-simple"},"_links":{"self":[{"href":"https:\/\/potensilift.com\/pt\/wp-json\/wp\/v2\/product\/5595"}],"collection":[{"href":"https:\/\/potensilift.com\/pt\/wp-json\/wp\/v2\/product"}],"about":[{"href":"https:\/\/potensilift.com\/pt\/wp-json\/wp\/v2\/types\/product"}],"replies":[{"embeddable":true,"href":"https:\/\/potensilift.com\/pt\/wp-json\/wp\/v2\/comments?post=5595"}],"wp:featuredmedia":[{"embeddable":true,"href":"https:\/\/potensilift.com\/pt\/wp-json\/wp\/v2\/media\/5598"}],"wp:attachment":[{"href":"https:\/\/potensilift.com\/pt\/wp-json\/wp\/v2\/media?parent=5595"}],"wp:term":[{"taxonomy":"product_brand","embeddable":true,"href":"https:\/\/potensilift.com\/pt\/wp-json\/wp\/v2\/product_brand?post=5595"},{"taxonomy":"product_cat","embeddable":true,"href":"https:\/\/potensilift.com\/pt\/wp-json\/wp\/v2\/product_cat?post=5595"},{"taxonomy":"product_tag","embeddable":true,"href":"https:\/\/potensilift.com\/pt\/wp-json\/wp\/v2\/product_tag?post=5595"}],"curies":[{"name":"wp","href":"https:\/\/api.w.org\/{rel}","templated":true}]}}