{"id":5586,"date":"2025-03-22T14:20:13","date_gmt":"2025-03-22T14:20:13","guid":{"rendered":"https:\/\/potensilift.com\/?post_type=product&#038;p=5586"},"modified":"2025-03-28T01:34:30","modified_gmt":"2025-03-28T01:34:30","slug":"car-right-door-vane-amd01l-r1-km900650g14-l400mm-for-kone","status":"publish","type":"product","link":"https:\/\/potensilift.com\/pt\/produto\/car-right-door-vane-amd01l-r1-km900650g14-l400mm-for-kone\/","title":{"rendered":"Palheta da porta direita do autom\u00f3vel AMD01L-R1' KM900650G14 L=400mm para Kone"},"content":{"rendered":"<p>POTENCIAL <strong>Palheta da porta direita do autom\u00f3vel AMD01L-R1' AMD01L-R1' KM900650G14 L=400mm para Kone<\/strong>\u00a0redefine a seguran\u00e7a nas opera\u00e7\u00f5es de elevador. Fabricado com materiais de qualidade superior e um trabalho artesanal meticuloso, integra-se perfeitamente no seu <strong>elevador Cata-vento da porta direita<\/strong><strong> para Kone<\/strong>\u00a0para garantir a fiabilidade a longo prazo. De geral <strong>elevador Cata-vento da porta direita<\/strong>\u00a0Actualizadas para aplica\u00e7\u00f5es de seguran\u00e7a espec\u00edficas, as solu\u00e7\u00f5es POTENSI s\u00e3o constru\u00eddas para satisfazer e exceder as normas mais rigorosas.<\/p>\n<h2>Par\u00e2metros do produto<\/h2>\n<table style=\"height: 226px;\" width=\"726\">\n<tbody>\n<tr>\n<td width=\"213\">Marca<\/td>\n<td width=\"213\">Para Kone<\/td>\n<\/tr>\n<tr>\n<td width=\"213\">Produtos<\/td>\n<td width=\"213\">Palheta da porta direita da cabina do elevador AMD01L-R1' KM900650G14 L=400mm<\/td>\n<\/tr>\n<tr>\n<td width=\"213\">Modelo<\/td>\n<td width=\"213\">AMD01L-R1' KM900650G14 L=400mm<\/td>\n<\/tr>\n<tr>\n<td width=\"213\">Local de origem<\/td>\n<td width=\"213\">China<\/td>\n<\/tr>\n<\/tbody>\n<\/table>\n<h2>Porqu\u00ea n\u00f3s<\/h2>\n<p>A Potensi fornece alta qualidade de palhetas para porta direita de cabina de elevador AMD01L-R1' KM900650G14 L=400mm para Kone, concebidas para proporcionar uma fiabilidade e desempenho excepcionais aos sistemas de elevadores modernos. Como fornecedor fi\u00e1vel de palhetas para porta direita de cabina de elevador, oferecemos uma vasta gama de produtos, incluindo op\u00e7\u00f5es especializadas como palhetas para porta direita de cabina de elevador para Kone, garantindo a compatibilidade com as principais marcas mundiais, tais como \u00a0<a href=\"https:\/\/potensilift.com\/pt\/categoria-produto\/pecas-de-marcas\/for-mitsubishi\/\"><u>Mitsubishi<\/u><\/a>, <a href=\"https:\/\/potensilift.com\/pt\/categoria-produto\/pecas-de-marcas\/para-otis\/\"><u>Otis<\/u><\/a>, <a href=\"https:\/\/potensilift.com\/pt\/categoria-produto\/pecas-de-marcas\/for-tke-thyssenkrupp\/\"><u>Thyssen<\/u><\/a>, <a href=\"https:\/\/potensilift.com\/pt\/categoria-produto\/pecas-de-marcas\/para-a-hyundai\/\"><u>Hyundai<\/u><\/a>e <a href=\"https:\/\/potensilift.com\/pt\/categoria-produto\/pecas-de-marcas\/pecas-de-outras-marcas\/\"><u>outros<\/u><\/a>. Com um amplo estoque e pre\u00e7os competitivos, a Potensi est\u00e1 pronta para atender \u00e0s suas necessidades. <a href=\"https:\/\/potensilift.com\/pt\/contact\/\"><u>CONTACTO <\/u><u>Esther<\/u><\/a>\u00a0hoje - a Potensi espera poder ajud\u00e1-lo a melhorar os seus sistemas de elevadores!<\/p>","protected":false},"excerpt":{"rendered":"<p>As palhetas da porta direita da cabina de elevador POTENSI para a Kone garantem a mais elevada qualidade e fiabilidade, perfeitas para aplica\u00e7\u00f5es exigentes. Confie nas nossas palhetas da porta direita do carro de elevador para um servi\u00e7o de longa dura\u00e7\u00e3o.<\/p>","protected":false},"featured_media":5587,"comment_status":"open","ping_status":"closed","template":"","meta":{"_seopress_robots_primary_cat":"none","_seopress_titles_title":"Elevator Car right Door vane | Elevator Components","_seopress_titles_desc":"Find the best elevator Car right Door vane for Kone for your elevator needs. Elevator Car right Door vane options available for specific applications.","_seopress_robots_index":""},"product_brand":[],"product_cat":[128,109],"product_tag":[],"class_list":{"0":"post-5586","1":"product","2":"type-product","3":"status-publish","4":"has-post-thumbnail","6":"product_cat-for-kone","7":"product_cat-others-elevator-parts","9":"first","10":"instock","11":"shipping-taxable","12":"purchasable","13":"product-type-simple"},"_links":{"self":[{"href":"https:\/\/potensilift.com\/pt\/wp-json\/wp\/v2\/product\/5586"}],"collection":[{"href":"https:\/\/potensilift.com\/pt\/wp-json\/wp\/v2\/product"}],"about":[{"href":"https:\/\/potensilift.com\/pt\/wp-json\/wp\/v2\/types\/product"}],"replies":[{"embeddable":true,"href":"https:\/\/potensilift.com\/pt\/wp-json\/wp\/v2\/comments?post=5586"}],"wp:featuredmedia":[{"embeddable":true,"href":"https:\/\/potensilift.com\/pt\/wp-json\/wp\/v2\/media\/5587"}],"wp:attachment":[{"href":"https:\/\/potensilift.com\/pt\/wp-json\/wp\/v2\/media?parent=5586"}],"wp:term":[{"taxonomy":"product_brand","embeddable":true,"href":"https:\/\/potensilift.com\/pt\/wp-json\/wp\/v2\/product_brand?post=5586"},{"taxonomy":"product_cat","embeddable":true,"href":"https:\/\/potensilift.com\/pt\/wp-json\/wp\/v2\/product_cat?post=5586"},{"taxonomy":"product_tag","embeddable":true,"href":"https:\/\/potensilift.com\/pt\/wp-json\/wp\/v2\/product_tag?post=5586"}],"curies":[{"name":"wp","href":"https:\/\/api.w.org\/{rel}","templated":true}]}}