{"id":5523,"date":"2025-03-22T11:54:51","date_gmt":"2025-03-22T11:54:51","guid":{"rendered":"https:\/\/potensilift.com\/?post_type=product&#038;p=5523"},"modified":"2025-03-26T12:49:18","modified_gmt":"2025-03-26T12:49:18","slug":"elevator-limited-switch-kf-9074-6400-00-001kf-9075-6400-00-002-for-wittur","status":"publish","type":"product","link":"https:\/\/potensilift.com\/pt\/produto\/elevator-limited-switch-kf-9074-6400-00-001kf-9075-6400-00-002-for-wittur\/","title":{"rendered":"Interruptor limitado do elevador KF-9074 6400.00.001+KF-9075 6400.00.002 para Wittur"},"content":{"rendered":"<p>Gostaria de melhorar o desempenho da sua porta de elevador? A POTENSI <strong>Interruptor limitado do elevador Wittur<\/strong>\u00a0combina componentes duradouros e engenharia inovadora para garantir opera\u00e7\u00f5es suaves e precisas. Se precisa de uma m\u00e1quina fi\u00e1vel <strong>interrutor limitado do elevador<\/strong> para uso geral ou avan\u00e7ado <strong>Interruptor limitado do elevador Wittur KF-9074 6400.00.001+KF-9075 6400.00.002<\/strong>\u00a0para sistemas especializados, a POTENSI oferece o equil\u00edbrio perfeito entre seguran\u00e7a e fiabilidade.<\/p>\n<h2>Par\u00e2metros do produto<\/h2>\n<table style=\"height: 223px;\" width=\"752\">\n<tbody>\n<tr>\n<td width=\"213\">Marca<\/td>\n<td width=\"213\">Para Wittur<\/td>\n<\/tr>\n<tr>\n<td width=\"213\">Produtos<\/td>\n<td width=\"213\">Interruptor limitado Wittur Elevator KF-9074 6400.00.001+KF-9075 6400.00.002<\/td>\n<\/tr>\n<tr>\n<td width=\"213\">Modelo<\/td>\n<td width=\"213\">KF-9074 6400.00.001+KF-9075 6400.00.002<\/td>\n<\/tr>\n<tr>\n<td width=\"213\">Local de origem<\/td>\n<td width=\"213\">China<\/td>\n<\/tr>\n<\/tbody>\n<\/table>\n<h2>Porqu\u00ea n\u00f3s<\/h2>\n<p>A Potensi fornece interrutor limitado Wittur Elevator de alta qualidade KF-9074 6400.00.001+KF-9075 6400.00.002, concebido para proporcionar uma fiabilidade e desempenho excepcionais aos sistemas de elevadores modernos. Como fornecedor fi\u00e1vel de interrutor limitado de elevador, oferecemos uma vasta gama de produtos, incluindo op\u00e7\u00f5es especializadas como o interrutor limitado de elevador Wittur, garantindo a compatibilidade com as principais marcas mundiais, tais como \u00a0<a href=\"https:\/\/potensilift.com\/pt\/categoria-produto\/pecas-de-marcas\/for-mitsubishi\/\"><u>Mitsubishi<\/u><\/a>, <a href=\"https:\/\/potensilift.com\/pt\/categoria-produto\/pecas-de-marcas\/para-otis\/\"><u>Otis<\/u><\/a>, <a href=\"https:\/\/potensilift.com\/pt\/categoria-produto\/pecas-de-marcas\/for-tke-thyssenkrupp\/\"><u>Thyssen<\/u><\/a>, <a href=\"https:\/\/potensilift.com\/pt\/categoria-produto\/pecas-de-marcas\/para-a-hyundai\/\"><u>Hyundai<\/u><\/a>e <a href=\"https:\/\/potensilift.com\/pt\/categoria-produto\/pecas-de-marcas\/pecas-de-outras-marcas\/\"><u>outros<\/u><\/a>. Com um amplo estoque e pre\u00e7os competitivos, a Potensi est\u00e1 pronta para atender \u00e0s suas necessidades. <a href=\"https:\/\/potensilift.com\/pt\/contact\/\"><u>Contacto Esther<\/u><\/a>\u00a0hoje - a Potensi espera poder ajud\u00e1-lo a melhorar os seus sistemas de elevadores!<\/p>","protected":false},"excerpt":{"rendered":"<p>Actualize o seu sistema de elevadores com o interrutor de fim de curso para elevadores da POTENSI Wittur, concebido para uma integra\u00e7\u00e3o perfeita e um desempenho excecional. O nosso interrutor de fim de curso para elevadores garante uma efici\u00eancia a longo prazo.<\/p>","protected":false},"featured_media":5527,"comment_status":"open","ping_status":"closed","template":"","meta":{"_seopress_robots_primary_cat":"none","_seopress_titles_title":"Wittur Elevator limited switch | Affordable Elevator Parts","_seopress_titles_desc":"Get affordable Wittur Elevator limited switch and elevator limited switch for elevators. Quality parts with great value for money.","_seopress_robots_index":""},"product_brand":[],"product_cat":[143,109],"product_tag":[],"class_list":{"0":"post-5523","1":"product","2":"type-product","3":"status-publish","4":"has-post-thumbnail","6":"product_cat-for-wittur","7":"product_cat-others-elevator-parts","9":"first","10":"instock","11":"shipping-taxable","12":"purchasable","13":"product-type-simple"},"_links":{"self":[{"href":"https:\/\/potensilift.com\/pt\/wp-json\/wp\/v2\/product\/5523"}],"collection":[{"href":"https:\/\/potensilift.com\/pt\/wp-json\/wp\/v2\/product"}],"about":[{"href":"https:\/\/potensilift.com\/pt\/wp-json\/wp\/v2\/types\/product"}],"replies":[{"embeddable":true,"href":"https:\/\/potensilift.com\/pt\/wp-json\/wp\/v2\/comments?post=5523"}],"wp:featuredmedia":[{"embeddable":true,"href":"https:\/\/potensilift.com\/pt\/wp-json\/wp\/v2\/media\/5527"}],"wp:attachment":[{"href":"https:\/\/potensilift.com\/pt\/wp-json\/wp\/v2\/media?parent=5523"}],"wp:term":[{"taxonomy":"product_brand","embeddable":true,"href":"https:\/\/potensilift.com\/pt\/wp-json\/wp\/v2\/product_brand?post=5523"},{"taxonomy":"product_cat","embeddable":true,"href":"https:\/\/potensilift.com\/pt\/wp-json\/wp\/v2\/product_cat?post=5523"},{"taxonomy":"product_tag","embeddable":true,"href":"https:\/\/potensilift.com\/pt\/wp-json\/wp\/v2\/product_tag?post=5523"}],"curies":[{"name":"wp","href":"https:\/\/api.w.org\/{rel}","templated":true}]}}