{"id":5335,"date":"2025-03-07T09:24:34","date_gmt":"2025-03-07T09:24:34","guid":{"rendered":"https:\/\/potensilift.com\/?post_type=product&#038;p=5335"},"modified":"2025-03-26T13:08:11","modified_gmt":"2025-03-26T13:08:11","slug":"elevator-pcb-som-daa26800cl3-for-xizi-otis","status":"publish","type":"product","link":"https:\/\/potensilift.com\/pt\/produto\/elevator-pcb-som-daa26800cl3-for-xizi-otis\/","title":{"rendered":"Elevador PCB SOM DAA26800CL3 Para XIZI OTIS"},"content":{"rendered":"<p>POTENSI avan\u00e7ado <strong>XIZI OTIS Elevador PCB SOM<\/strong> foi concebido para otimizar o desempenho do elevador. Constru\u00eddo com tecnologia de ponta e constru\u00e7\u00e3o robusta, este <strong>XIZI OTIS Elevador PCB SOM DAA26800CL3<\/strong> assegura uma compatibilidade perfeita e a m\u00e1xima efici\u00eancia operacional. Desde a melhoria da gest\u00e3o global do sistema at\u00e9 ao aperfei\u00e7oamento de <strong>PCB de elevador<\/strong>As solu\u00e7\u00f5es POTENSI s\u00e3o dur\u00e1veis, f\u00e1ceis de utilizar e constru\u00eddas para o futuro.<\/p>\n<h2>Par\u00e2metros do produto<\/h2>\n<table style=\"height: 222px;\" width=\"665\">\n<tbody>\n<tr>\n<td width=\"213\">Marca<\/td>\n<td width=\"213\">Para XIZI OTIS<\/td>\n<\/tr>\n<tr>\n<td width=\"213\">Produtos<\/td>\n<td width=\"213\">XIZI OTIS Elevador PCB SOM DAA26800CL3<\/td>\n<\/tr>\n<tr>\n<td width=\"213\">Modelo<\/td>\n<td width=\"213\">DAA26800CL3<\/td>\n<\/tr>\n<tr>\n<td width=\"213\">Local de origem<\/td>\n<td width=\"213\">China<\/td>\n<\/tr>\n<\/tbody>\n<\/table>\n<h2>Porqu\u00ea n\u00f3s<\/h2>\n<p>A Potensi fornece PCB para Elevador XIZI OTIS SOM DAA26800CL3 de alta qualidade, projetada para oferecer confiabilidade e desempenho excepcionais para sistemas de elevadores modernos. Como fornecedor fi\u00e1vel de PCB para elevadores, oferecemos uma vasta gama de produtos, incluindo op\u00e7\u00f5es especializadas como XIZI OTIS Elevator PCB SOM, garantindo a compatibilidade com as principais marcas mundiais, tais como \u00a0<a href=\"https:\/\/potensilift.com\/pt\/categoria-produto\/pecas-de-marcas\/for-mitsubishi\/\"><u>Mitsubishi<\/u><\/a>, <a href=\"https:\/\/potensilift.com\/pt\/categoria-produto\/pecas-de-marcas\/para-otis\/\"><u>Otis<\/u><\/a>, <a href=\"https:\/\/potensilift.com\/pt\/categoria-produto\/pecas-de-marcas\/for-tke-thyssenkrupp\/\"><u>Thyssen<\/u><\/a>, <a href=\"https:\/\/potensilift.com\/pt\/categoria-produto\/pecas-de-marcas\/para-a-hyundai\/\"><u>Hyundai<\/u><\/a>e <a href=\"https:\/\/potensilift.com\/pt\/categoria-produto\/pecas-de-marcas\/pecas-de-outras-marcas\/\"><u>outros<\/u><\/a>. Com um amplo estoque e pre\u00e7os competitivos, a Potensi est\u00e1 pronta para atender \u00e0s suas necessidades. <a href=\"https:\/\/potensilift.com\/pt\/contact\/\"><u>Contacto Esther<\/u><\/a>\u00a0hoje - a Potensi espera poder ajud\u00e1-lo a melhorar os seus sistemas de elevadores!<\/p>","protected":false},"excerpt":{"rendered":"<p>Actualize o seu sistema de elevador com a POTENSI XIZI OTIS Elevator PCB SOM, concebida para uma integra\u00e7\u00e3o perfeita e um desempenho excecional. A nossa placa de circuito impresso para elevadores garante uma efici\u00eancia a longo prazo.<\/p>","protected":false},"featured_media":5339,"comment_status":"open","ping_status":"closed","template":"","meta":{"_seopress_robots_primary_cat":"","_seopress_titles_title":"XIZI OTIS Elevator PCB SOM | Quality Elevator Parts - POTENSI","_seopress_titles_desc":"Explore a range of Elevator PCB with high-quality XIZI OTIS Elevator PCB SOM. Perfect for maintaining peak elevator performance.","_seopress_robots_index":""},"product_brand":[],"product_cat":[161,150],"product_tag":[],"class_list":{"0":"post-5335","1":"product","2":"type-product","3":"status-publish","4":"has-post-thumbnail","6":"product_cat-elevator-pcb","7":"product_cat-others-brands-parts","9":"first","10":"instock","11":"shipping-taxable","12":"purchasable","13":"product-type-simple"},"_links":{"self":[{"href":"https:\/\/potensilift.com\/pt\/wp-json\/wp\/v2\/product\/5335"}],"collection":[{"href":"https:\/\/potensilift.com\/pt\/wp-json\/wp\/v2\/product"}],"about":[{"href":"https:\/\/potensilift.com\/pt\/wp-json\/wp\/v2\/types\/product"}],"replies":[{"embeddable":true,"href":"https:\/\/potensilift.com\/pt\/wp-json\/wp\/v2\/comments?post=5335"}],"wp:featuredmedia":[{"embeddable":true,"href":"https:\/\/potensilift.com\/pt\/wp-json\/wp\/v2\/media\/5339"}],"wp:attachment":[{"href":"https:\/\/potensilift.com\/pt\/wp-json\/wp\/v2\/media?parent=5335"}],"wp:term":[{"taxonomy":"product_brand","embeddable":true,"href":"https:\/\/potensilift.com\/pt\/wp-json\/wp\/v2\/product_brand?post=5335"},{"taxonomy":"product_cat","embeddable":true,"href":"https:\/\/potensilift.com\/pt\/wp-json\/wp\/v2\/product_cat?post=5335"},{"taxonomy":"product_tag","embeddable":true,"href":"https:\/\/potensilift.com\/pt\/wp-json\/wp\/v2\/product_tag?post=5335"}],"curies":[{"name":"wp","href":"https:\/\/api.w.org\/{rel}","templated":true}]}}