{"id":5180,"date":"2025-03-01T15:27:37","date_gmt":"2025-03-01T15:27:37","guid":{"rendered":"https:\/\/potensilift.com\/?post_type=product&#038;p=5180"},"modified":"2025-03-25T09:31:47","modified_gmt":"2025-03-25T09:31:47","slug":"elevator-gearless-traction-machine-getm6-3d-175-2500-2s03-001-for-xizi-otis","status":"publish","type":"product","link":"https:\/\/potensilift.com\/pt\/produto\/elevator-gearless-traction-machine-getm6-3d-175-2500-2s03-001-for-xizi-otis\/","title":{"rendered":"M\u00e1quina de tra\u00e7\u00e3o sem engrenagem para elevadores GETM6.3D-175\/2500-2S03-001 Para Xizi Otis"},"content":{"rendered":"<p>POTENSI avan\u00e7ado <strong>Xizi Otis <\/strong><strong>M\u00e1quina de tra\u00e7\u00e3o sem engrenagens para elevadores <\/strong>foi concebido para otimizar o desempenho do elevador. Constru\u00eddo com tecnologia de ponta e constru\u00e7\u00e3o robusta, este <strong>M\u00e1quina de tra\u00e7\u00e3o sem engrenagens para elevadores Xizi Otis GETM6.3D-175\/2500-2S03-001<\/strong>\u00a0assegura uma compatibilidade perfeita e a m\u00e1xima efici\u00eancia operacional. Desde a melhoria da gest\u00e3o global do sistema at\u00e9 ao aperfei\u00e7oamento de <strong>M\u00e1quina de tra\u00e7\u00e3o sem engrenagens para elevadores<\/strong>As solu\u00e7\u00f5es POTENSI s\u00e3o dur\u00e1veis, f\u00e1ceis de utilizar e constru\u00eddas para o futuro.<\/p>\n<h2>Par\u00e2metros do produto<\/h2>\n<table style=\"height: 235px;\" width=\"737\">\n<tbody>\n<tr>\n<td width=\"213\">Marca<\/td>\n<td width=\"213\">Para Xizi Otis<\/td>\n<\/tr>\n<tr>\n<td width=\"213\">Produtos<\/td>\n<td width=\"213\">M\u00e1quina de tra\u00e7\u00e3o sem engrenagem para elevadores GETM6.3D-175\/2500-2S03-001<\/td>\n<\/tr>\n<tr>\n<td width=\"213\">Modelo<\/td>\n<td width=\"213\">GETM6.3D-175\/2500-2S03-001<\/td>\n<\/tr>\n<tr>\n<td width=\"213\">Local de origem<\/td>\n<td width=\"213\">China<\/td>\n<\/tr>\n<\/tbody>\n<\/table>\n<h2>Porqu\u00ea n\u00f3s<\/h2>\n<p>A Potensi fornece M\u00e1quina de tra\u00e7\u00e3o sem engrenagens para elevadores Xizi Otis de alta qualidade GETM6.3D-175\/2500-2S03-001, concebida para proporcionar uma fiabilidade e desempenho excepcionais aos sistemas de elevadores modernos. Como fornecedor de confian\u00e7a de M\u00e1quina de tra\u00e7\u00e3o sem engrenagens para elevadores, oferecemos uma vasta gama de produtos, incluindo op\u00e7\u00f5es especializadas como M\u00e1quina de tra\u00e7\u00e3o sem engrenagens para elevadores Xizi Otis, garantindo a compatibilidade com as principais marcas globais, tais como \u00a0<a href=\"https:\/\/potensilift.com\/pt\/categoria-produto\/pecas-de-marcas\/for-mitsubishi\/\"><u>Mitsubishi<\/u><\/a>, <a href=\"https:\/\/potensilift.com\/pt\/categoria-produto\/pecas-de-marcas\/para-otis\/\"><u>Otis<\/u><\/a>, <a href=\"https:\/\/potensilift.com\/pt\/categoria-produto\/pecas-de-marcas\/for-tke-thyssenkrupp\/\"><u>Thyssen<\/u><\/a>, <a href=\"https:\/\/potensilift.com\/pt\/categoria-produto\/pecas-de-marcas\/para-a-hyundai\/\"><u>Hyundai<\/u><\/a>e <a href=\"https:\/\/potensilift.com\/pt\/categoria-produto\/pecas-de-marcas\/pecas-de-outras-marcas\/\"><u>outros<\/u><\/a>. Com um amplo estoque e pre\u00e7os competitivos, a Potensi est\u00e1 pronta para atender \u00e0s suas necessidades. <a href=\"https:\/\/potensilift.com\/pt\/contact\/\"><u>Contacto Esther<\/u><\/a>\u00a0hoje - a Potensi espera poder ajud\u00e1-lo a melhorar os seus sistemas de elevadores!<\/p>","protected":false},"excerpt":{"rendered":"<p>Para obter o m\u00e1ximo desempenho, escolha a m\u00e1quina de tra\u00e7\u00e3o sem engrenagens para elevadores da POTENSI, concebida para cumprir os mais elevados padr\u00f5es da ind\u00fastria. Perfeita para componentes cr\u00edticos para a seguran\u00e7a, como a m\u00e1quina de tra\u00e7\u00e3o sem engrenagem Xizi Otis Elevator GETM6.3D-175\/2500-2S03-001.<\/p>","protected":false},"featured_media":5181,"comment_status":"open","ping_status":"closed","template":"","meta":{"_seopress_robots_primary_cat":"none","_seopress_titles_title":"Elevator Gearless Traction Machine For Xizi Otis | Elevator Components","_seopress_titles_desc":"Xizi Otis Elevator Gearless Traction Machine GETM6.3D-175\/2500-2S03-001 for your elevator needs. Xizi Otis Elevator Gearless Traction Machine options available for specific applications.","_seopress_robots_index":""},"product_brand":[],"product_cat":[169,150],"product_tag":[],"class_list":{"0":"post-5180","1":"product","2":"type-product","3":"status-publish","4":"has-post-thumbnail","6":"product_cat-elevator-traction-machine","7":"product_cat-others-brands-parts","9":"first","10":"instock","11":"shipping-taxable","12":"purchasable","13":"product-type-simple"},"_links":{"self":[{"href":"https:\/\/potensilift.com\/pt\/wp-json\/wp\/v2\/product\/5180"}],"collection":[{"href":"https:\/\/potensilift.com\/pt\/wp-json\/wp\/v2\/product"}],"about":[{"href":"https:\/\/potensilift.com\/pt\/wp-json\/wp\/v2\/types\/product"}],"replies":[{"embeddable":true,"href":"https:\/\/potensilift.com\/pt\/wp-json\/wp\/v2\/comments?post=5180"}],"wp:featuredmedia":[{"embeddable":true,"href":"https:\/\/potensilift.com\/pt\/wp-json\/wp\/v2\/media\/5181"}],"wp:attachment":[{"href":"https:\/\/potensilift.com\/pt\/wp-json\/wp\/v2\/media?parent=5180"}],"wp:term":[{"taxonomy":"product_brand","embeddable":true,"href":"https:\/\/potensilift.com\/pt\/wp-json\/wp\/v2\/product_brand?post=5180"},{"taxonomy":"product_cat","embeddable":true,"href":"https:\/\/potensilift.com\/pt\/wp-json\/wp\/v2\/product_cat?post=5180"},{"taxonomy":"product_tag","embeddable":true,"href":"https:\/\/potensilift.com\/pt\/wp-json\/wp\/v2\/product_tag?post=5180"}],"curies":[{"name":"wp","href":"https:\/\/api.w.org\/{rel}","templated":true}]}}