{"id":5064,"date":"2025-02-19T00:55:19","date_gmt":"2025-02-19T00:55:19","guid":{"rendered":"https:\/\/potensilift.com\/?post_type=product&#038;p=5064"},"modified":"2026-01-15T10:43:21","modified_gmt":"2026-01-15T10:43:21","slug":"monadrive-traction-machine-mck200-630kg-1-0m-s","status":"publish","type":"product","link":"https:\/\/potensilift.com\/pt\/produto\/monadrive-traction-machine-mck200-630kg-1-0m-s\/","title":{"rendered":"M\u00e1quina de tra\u00e7\u00e3o sem engrenagem MCK200,630kg,1.0M\/s para Monadrive"},"content":{"rendered":"<p>Monadrive MCK200 series traction machine is a permanent magnet synchronous gearless traction machine. This model features a standard 400mm diameter traction sheave, supports a 2:1 traction ratio, and is suitable for elevators with a 630kg load capacity and a rated speed of 1.0 m\/s. It utilizes a Heidenhain ERN 1387 series encoder integrated into the motor shaft, ensuring smooth elevator starts, precise speed control, and accurate floor stopping. The compact design of the MCK200 makes it ideal for modern elevator projects in residential buildings of approximately 8-10 floors and boutique hotels, where smooth operation, space utilization, and energy efficiency are critical.<\/p>\n<p>Besides MCK200 630kg, Potensi also offers other MONADRIVE MCK200 series traction machines. These models include the MCK200 800kg, MCK200 1000kg and other series <a href=\"https:\/\/potensilift.com\/pt\/produto\/monadrive-traction-machine-mona200-450kg-1-0m-s\/\">MONA200<\/a>, MONA200A, <a href=\"https:\/\/potensilift.com\/pt\/produto\/gearless-traction-machine-mona320-800kg1-0m-s-for-monadrive\/\">MONA320<\/a>, MONA320A, MGD65, MGD65L, MGD87, MGD100, <a href=\"https:\/\/potensilift.com\/pt\/produto\/gearless-traction-machine-mck100-630kg-1-0m-s-for-monadrive\/\">MCK100<\/a>, and MCB200. All are brand new and genuine. Our prices are also very competitive. If you have any further questions about Monadrive Gearless Traction Machine, we can help you.<\/p>\n<h2>Monadrive Traction Machine MCK200 630kg Parameters<\/h2>\n<table width=\"596\">\n<tbody>\n<tr>\n<td width=\"325\">Tens\u00e3o: 380V<\/td>\n<td width=\"271\">La\u00e7o: 2:1<\/td>\n<\/tr>\n<tr>\n<td>Rated Load: 630kg<\/td>\n<td>Velocidade: 1,0 m\/s<\/td>\n<\/tr>\n<tr>\n<td>Sheave Diam: 400mm<\/td>\n<td>Servi\u00e7o: S5-40%<\/td>\n<\/tr>\n<tr>\n<td>C\u00f3digo IP: IP41<\/td>\n<td>Max. Static Load:\u00a04000kg<\/td>\n<\/tr>\n<tr>\n<td>Ins.Class: F<\/td>\n<td>Weight: 350Kg<\/td>\n<\/tr>\n<tr>\n<td colspan=\"2\">Brake:\u00a0DC110V 2\u00d71.3A<\/td>\n<\/tr>\n<\/tbody>\n<\/table>\n<h2>Monadrive MCK200 Series Parameter<\/h2>\n<p><img fetchpriority=\"high\" decoding=\"async\" class=\"wp-image-7332\" src=\"https:\/\/potensilift.com\/wp-content\/uploads\/2025\/02\/Monadrive-MCK200-Series-Parameter-230x300.png\" alt=\"gearless traction machine mck200,630kg,1.0m\/s for monadrive\" width=\"793\" height=\"1035\" srcset=\"https:\/\/potensilift.com\/wp-content\/uploads\/2025\/02\/Monadrive-MCK200-Series-Parameter-230x300.png 230w, https:\/\/potensilift.com\/wp-content\/uploads\/2025\/02\/Monadrive-MCK200-Series-Parameter-768x1001.png 768w, https:\/\/potensilift.com\/wp-content\/uploads\/2025\/02\/Monadrive-MCK200-Series-Parameter-600x782.png 600w\" sizes=\"(max-width: 793px) 100vw, 793px\" \/><\/p>\n<h2>Porqu\u00ea escolher a Potensi?<\/h2>\n<p>Potensi provides high-quality Monadrive Traction Machine MCK200, 630kg, 1.0m\/s, engineered to deliver exceptional reliability and performance for modern elevator systems. As a trusted supplier of\u00a0 Traction Machine, we offer a wide range of products, including specialized options like Monadrive Traction Machine, ensuring compatibility with top global brands such as \u00a0<a href=\"https:\/\/potensilift.com\/pt\/categoria-produto\/pecas-de-marcas\/for-mitsubishi\/\"><u>Mitsubishi<\/u><\/a>, <a href=\"https:\/\/potensilift.com\/pt\/categoria-produto\/pecas-de-marcas\/para-otis\/\"><u>Otis<\/u><\/a>, <a href=\"https:\/\/potensilift.com\/pt\/categoria-produto\/pecas-de-marcas\/for-tke-thyssenkrupp\/\"><u>Thyssen<\/u><\/a>, <a href=\"https:\/\/potensilift.com\/pt\/categoria-produto\/pecas-de-marcas\/para-a-hyundai\/\"><u>Hyundai<\/u><\/a>e <a href=\"https:\/\/potensilift.com\/pt\/categoria-produto\/pecas-de-marcas\/pecas-de-outras-marcas\/\"><u>outros<\/u><\/a>. Com um amplo estoque e pre\u00e7os competitivos, a Potensi est\u00e1 pronta para atender \u00e0s suas necessidades. <a href=\"https:\/\/potensilift.com\/pt\/contact\/\"><u>Contacto Esther<\/u><\/a>\u00a0hoje - a Potensi espera poder ajud\u00e1-lo a melhorar os seus sistemas de elevadores!<\/p>","protected":false},"excerpt":{"rendered":"<p>Besides MCK200 630kg, Potensi also offers other MONADRIVE MCK200 series traction machines. These models include the MCK200 800kg, MCK200 1000kg and other series MONA200, MONA200A, MONA320, MONA320A, MGD65, MGD65L, MGD87, MGD100, MCK100, and MCB200.<\/p>","protected":false},"featured_media":7330,"comment_status":"open","ping_status":"closed","template":"","meta":{"_seopress_robots_primary_cat":"none","_seopress_titles_title":"Monadrive Traction Machine MCK200,630kg,1.0M\/s | Elevator Parts","_seopress_titles_desc":"Explore our wide range of Gearless Traction Machines and Gearless Traction Machine MCK200,630kg,1.0M\/s for elevators. Ideal for maintenance and upgrades.","_seopress_robots_index":""},"product_brand":[],"product_cat":[169,150],"product_tag":[],"class_list":{"0":"post-5064","1":"product","2":"type-product","3":"status-publish","4":"has-post-thumbnail","6":"product_cat-elevator-traction-machine","7":"product_cat-others-brands-parts","9":"first","10":"instock","11":"shipping-taxable","12":"purchasable","13":"product-type-simple"},"_links":{"self":[{"href":"https:\/\/potensilift.com\/pt\/wp-json\/wp\/v2\/product\/5064"}],"collection":[{"href":"https:\/\/potensilift.com\/pt\/wp-json\/wp\/v2\/product"}],"about":[{"href":"https:\/\/potensilift.com\/pt\/wp-json\/wp\/v2\/types\/product"}],"replies":[{"embeddable":true,"href":"https:\/\/potensilift.com\/pt\/wp-json\/wp\/v2\/comments?post=5064"}],"wp:featuredmedia":[{"embeddable":true,"href":"https:\/\/potensilift.com\/pt\/wp-json\/wp\/v2\/media\/7330"}],"wp:attachment":[{"href":"https:\/\/potensilift.com\/pt\/wp-json\/wp\/v2\/media?parent=5064"}],"wp:term":[{"taxonomy":"product_brand","embeddable":true,"href":"https:\/\/potensilift.com\/pt\/wp-json\/wp\/v2\/product_brand?post=5064"},{"taxonomy":"product_cat","embeddable":true,"href":"https:\/\/potensilift.com\/pt\/wp-json\/wp\/v2\/product_cat?post=5064"},{"taxonomy":"product_tag","embeddable":true,"href":"https:\/\/potensilift.com\/pt\/wp-json\/wp\/v2\/product_tag?post=5064"}],"curies":[{"name":"wp","href":"https:\/\/api.w.org\/{rel}","templated":true}]}}