{"id":5037,"date":"2025-02-18T05:43:56","date_gmt":"2025-02-18T05:43:56","guid":{"rendered":"https:\/\/potensilift.com\/?post_type=product&#038;p=5037"},"modified":"2026-01-15T11:21:16","modified_gmt":"2026-01-15T11:21:16","slug":"monadrive-traction-machine-mona320-800kg1-0m-s","status":"publish","type":"product","link":"https:\/\/potensilift.com\/pt\/produto\/monadrive-traction-machine-mona320-800kg1-0m-s\/","title":{"rendered":"M\u00e1quina de tra\u00e7\u00e3o de elevador MONA320, 800kg, 1.0M\/s para Monadrive"},"content":{"rendered":"<p>Monadrive <strong>MONA320<\/strong> A m\u00e1quina de tra\u00e7\u00e3o da s\u00e9rie \u00e9 uma <strong>M\u00e1quina de tra\u00e7\u00e3o sem engrenagem s\u00edncrona de \u00edmanes permanentes<\/strong>. Este modelo possui uma <strong>standard 320 mm diameter traction sheave, supporting a 2:1 roping and is suitable for loads of 800 kg and a rated speed of 1.0 m\/s<\/strong>. Equipado com um <strong>Heidenhain S\u00e9rie ERN 1387<\/strong>\u00a0<strong>codificador<\/strong>.<\/p>\n<p>Besides MONA320 800kg, Potensi also offers other MONADRIVE MONA320 series traction machines. These models include the <a href=\"https:\/\/potensilift.com\/pt\/produto\/monadrive-traction-machine-mona320-630kg-1-0m-s\/\">MONA320 630kg<\/a>, <a href=\"https:\/\/potensilift.com\/pt\/produto\/gearless-traction-machine-mona320-1000kg-1-0m-s-for-monadrive\/\">MONA320 1000kg<\/a>, MONA320 1150kg e outras s\u00e9ries <a href=\"https:\/\/potensilift.com\/pt\/produto\/monadrive-traction-machine-mona200-450kg-1-0m-s\/\">MONA200<\/a>, MONA320, MONA320A, MGD65, MGD65L, MGD87, MGD100, <a href=\"https:\/\/potensilift.com\/pt\/produto\/gearless-traction-machine-mck100-630kg-1-0m-s-for-monadrive\/\">MCK100 <\/a>e <a href=\"https:\/\/potensilift.com\/pt\/produto\/gearless-traction-machine-mck200-630kg-1-0m-s-for-monadrive\/\">MCK200<\/a>. Todos s\u00e3o novos e genu\u00ednos. Os nossos pre\u00e7os tamb\u00e9m s\u00e3o muito competitivos. Se voc\u00ea tiver alguma d\u00favida sobre M\u00e1quina de tra\u00e7\u00e3o sem engrenagem Monadrive, n\u00f3s podemos ajud\u00e1-lo.<\/p>\n<h2>Monadrive Traction Machine MONA320 800kg Parameters<\/h2>\n<table width=\"684\">\n<tbody>\n<tr>\n<td width=\"413\">Tens\u00e3o: 380V<\/td>\n<td width=\"271\">La\u00e7o: 2:1<\/td>\n<\/tr>\n<tr>\n<td>Rated Load: 800 kg<\/td>\n<td>Velocidade: 1,0 m\/s<\/td>\n<\/tr>\n<tr>\n<td>Di\u00e2metro da roldana: 320mm<\/td>\n<td>Servi\u00e7o: S5-40%<\/td>\n<\/tr>\n<tr>\n<td>C\u00f3digo IP: IP41<\/td>\n<td>Carga est\u00e1tica m\u00e1x. Carga est\u00e1tica: 3500kg<\/td>\n<\/tr>\n<tr>\n<td>Ins.Class: F<\/td>\n<td>Peso: 300Kg<\/td>\n<\/tr>\n<tr>\n<td colspan=\"2\">Trav\u00e3o: DC110V 2.6A<\/td>\n<\/tr>\n<\/tbody>\n<\/table>\n<h2>Par\u00e2metro da s\u00e9rie Monadrive MONA320<\/h2>\n<p><img fetchpriority=\"high\" decoding=\"async\" class=\"wp-image-7340\" src=\"https:\/\/potensilift.com\/wp-content\/uploads\/2025\/02\/Monadrive-MONA320-Series-Parameter-226x300.png\" alt=\"gearless traction machine mona320,630kg,1.0m\/s for monadrive\" width=\"808\" height=\"1073\" srcset=\"https:\/\/potensilift.com\/wp-content\/uploads\/2025\/02\/Monadrive-MONA320-Series-Parameter-226x300.png 226w, https:\/\/potensilift.com\/wp-content\/uploads\/2025\/02\/Monadrive-MONA320-Series-Parameter-772x1024.png 772w, https:\/\/potensilift.com\/wp-content\/uploads\/2025\/02\/Monadrive-MONA320-Series-Parameter-768x1019.png 768w, https:\/\/potensilift.com\/wp-content\/uploads\/2025\/02\/Monadrive-MONA320-Series-Parameter-600x796.png 600w, https:\/\/potensilift.com\/wp-content\/uploads\/2025\/02\/Monadrive-MONA320-Series-Parameter.png 1068w\" sizes=\"(max-width: 808px) 100vw, 808px\" \/><\/p>\n<h2>Porqu\u00ea escolher a Potensi?<\/h2>\n<p>Potensi provides high-quality Monadrive Gearless Traction Machine MONA320, 800kg, 1.0M\/s, engineered to deliver exceptional reliability and performance for modern elevator systems. As a trusted supplier of Gearless Traction Machine, we offer a wide range of products, including specialized options like Monadrive Traction Machine, ensuring compatibility with top global brands such as \u00a0<a href=\"https:\/\/potensilift.com\/pt\/categoria-produto\/pecas-de-marcas\/for-mitsubishi\/\"><u>Mitsubishi<\/u><\/a>, <a href=\"https:\/\/potensilift.com\/pt\/categoria-produto\/pecas-de-marcas\/para-otis\/\"><u>Otis<\/u><\/a>, <a href=\"https:\/\/potensilift.com\/pt\/categoria-produto\/pecas-de-marcas\/for-tke-thyssenkrupp\/\"><u>Thyssen<\/u><\/a>, <a href=\"https:\/\/potensilift.com\/pt\/categoria-produto\/pecas-de-marcas\/para-a-hyundai\/\"><u>Hyundai<\/u><\/a>e <a href=\"https:\/\/potensilift.com\/pt\/categoria-produto\/pecas-de-marcas\/pecas-de-outras-marcas\/\"><u>outros<\/u><\/a>. Com um amplo estoque e pre\u00e7os competitivos, a Potensi est\u00e1 pronta para atender \u00e0s suas necessidades. <a href=\"https:\/\/potensilift.com\/pt\/contact\/\"><u>Contacto Esther<\/u><\/a>\u00a0hoje - a Potensi espera poder ajud\u00e1-lo a melhorar os seus sistemas de elevadores!<\/p>","protected":false},"excerpt":{"rendered":"<p>Besides MONA320 800kg, Potensi also offers other MONADRIVE MONA320 series traction machines. These models include the MONA320 630kg, MONA320 1000kg, MONA320 1150kg and other series MONA200A, MONA320, MONA320A, MGD65, MGD65L, MGD87, MGD100, MCK100 and MCK200.<\/p>","protected":false},"featured_media":7338,"comment_status":"open","ping_status":"closed","template":"","meta":{"_seopress_robots_primary_cat":"none","_seopress_titles_title":"Monadrive Traction Machine MONA320 | Gearless Traction Machine","_seopress_titles_desc":"Explore our wide range of Gearless Traction Machines and Gearless Traction Machine MONA320 for elevators. Ideal for maintenance and upgrades.","_seopress_robots_index":""},"product_brand":[],"product_cat":[169,150],"product_tag":[],"class_list":{"0":"post-5037","1":"product","2":"type-product","3":"status-publish","4":"has-post-thumbnail","6":"product_cat-elevator-traction-machine","7":"product_cat-others-brands-parts","9":"first","10":"instock","11":"shipping-taxable","12":"purchasable","13":"product-type-simple"},"_links":{"self":[{"href":"https:\/\/potensilift.com\/pt\/wp-json\/wp\/v2\/product\/5037"}],"collection":[{"href":"https:\/\/potensilift.com\/pt\/wp-json\/wp\/v2\/product"}],"about":[{"href":"https:\/\/potensilift.com\/pt\/wp-json\/wp\/v2\/types\/product"}],"replies":[{"embeddable":true,"href":"https:\/\/potensilift.com\/pt\/wp-json\/wp\/v2\/comments?post=5037"}],"wp:featuredmedia":[{"embeddable":true,"href":"https:\/\/potensilift.com\/pt\/wp-json\/wp\/v2\/media\/7338"}],"wp:attachment":[{"href":"https:\/\/potensilift.com\/pt\/wp-json\/wp\/v2\/media?parent=5037"}],"wp:term":[{"taxonomy":"product_brand","embeddable":true,"href":"https:\/\/potensilift.com\/pt\/wp-json\/wp\/v2\/product_brand?post=5037"},{"taxonomy":"product_cat","embeddable":true,"href":"https:\/\/potensilift.com\/pt\/wp-json\/wp\/v2\/product_cat?post=5037"},{"taxonomy":"product_tag","embeddable":true,"href":"https:\/\/potensilift.com\/pt\/wp-json\/wp\/v2\/product_tag?post=5037"}],"curies":[{"name":"wp","href":"https:\/\/api.w.org\/{rel}","templated":true}]}}