{"id":5025,"date":"2025-02-18T05:31:20","date_gmt":"2025-02-18T05:31:20","guid":{"rendered":"https:\/\/potensilift.com\/?post_type=product&#038;p=5025"},"modified":"2026-01-14T12:01:53","modified_gmt":"2026-01-14T12:01:53","slug":"monadrive-traction-machine-mona200-450kg-1-0m-s","status":"publish","type":"product","link":"https:\/\/potensilift.com\/pt\/produto\/monadrive-traction-machine-mona200-450kg-1-0m-s\/","title":{"rendered":"M\u00e1quina de tra\u00e7\u00e3o sem engrenagens MONA200, 450kg, 1.0M\/s para Monadrive"},"content":{"rendered":"<p>Monadrive\u00a0<strong>MONA200<\/strong>\u00a0A m\u00e1quina de tra\u00e7\u00e3o da s\u00e9rie \u00e9 uma\u00a0<strong>M\u00e1quina de tra\u00e7\u00e3o sem engrenagem s\u00edncrona de \u00edmanes permanentes<\/strong>\u00a0designed for small to medium-sized, low-to-medium speed elevator systems. This model features a\u00a0<strong>standard 240 mm diameter traction sheave, supporting a 2:1 roping and is suitable for loads of 450 kg and a rated speed of 1.0 m\/s<\/strong>. Equipado com um\u00a0<strong>Heidenhain S\u00e9rie ERN 1387<\/strong>\u00a0<strong>codificador<\/strong>, which is directly integrated into the motor shaft, it ensures smooth elevator starting, precise speed control, and accurate floor stopping. The compact structure of the MONA200 makes it ideal for villa elevators, low-rise residential buildings, and light commercial elevator projects where machine room space is limited.<\/p>\n<p>Besides MONA200 450kg, Potensi also offers other MONADRIVE MONA200 series traction machines. These models include the MONA200 320kg, MONA200 400kg, <a href=\"https:\/\/potensilift.com\/pt\/produto\/monadrive-traction-machine-mona200-630kg-1-0m-s\/\">MONA200 630kg<\/a>, and other series MONA200A, <a href=\"https:\/\/potensilift.com\/pt\/produto\/gearless-traction-machine-mona320-800kg1-0m-s-for-monadrive\/\">MONA320<\/a>, MONA320A, MGD65, MGD65L, MGD87, MGD100, <a href=\"https:\/\/potensilift.com\/pt\/produto\/gearless-traction-machine-mck100-630kg-1-0m-s-for-monadrive\/\">MCK100<\/a>e <a href=\"https:\/\/potensilift.com\/pt\/produto\/gearless-traction-machine-mck200-630kg-1-0m-s-for-monadrive\/\">MCK200<\/a>. Todos s\u00e3o novos e genu\u00ednos. Os nossos pre\u00e7os tamb\u00e9m s\u00e3o muito competitivos. Se voc\u00ea tiver alguma d\u00favida sobre M\u00e1quina de tra\u00e7\u00e3o sem engrenagem Monadrive, n\u00f3s podemos ajud\u00e1-lo.<\/p>\n<h2>Monadrive Traction Machine MONA200 450kg Parameters<\/h2>\n<table width=\"684\">\n<tbody>\n<tr>\n<td width=\"413\">Voltage: 220V \/ 380V<\/td>\n<td width=\"271\">La\u00e7o: 2:1<\/td>\n<\/tr>\n<tr>\n<td>Rated Load: 450kg<\/td>\n<td>Velocidade: 1,0 m\/s<\/td>\n<\/tr>\n<tr>\n<td>Sheave Diam: 240mm<\/td>\n<td>Servi\u00e7o: S5-40%<\/td>\n<\/tr>\n<tr>\n<td>C\u00f3digo IP: IP41<\/td>\n<td>Max. Static Load:\u00a02500kg<\/td>\n<\/tr>\n<tr>\n<td>Ins.Class: F<\/td>\n<td>Weight: 210Kg<\/td>\n<\/tr>\n<tr>\n<td colspan=\"2\">Brake:\u00a0DC110V\u00a0 2.5A<\/td>\n<\/tr>\n<\/tbody>\n<\/table>\n<h2>Monadrive MONA200 Series Parameter<\/h2>\n<p><img fetchpriority=\"high\" decoding=\"async\" class=\"wp-image-7327\" src=\"https:\/\/potensilift.com\/wp-content\/uploads\/2025\/02\/Monadrive-MONA200-Series-Parameter-228x300.png\" alt=\"gearless traction machine mona200,630kg,1.0m\/s for monadrive\" width=\"799\" height=\"1052\" srcset=\"https:\/\/potensilift.com\/wp-content\/uploads\/2025\/02\/Monadrive-MONA200-Series-Parameter-228x300.png 228w, https:\/\/potensilift.com\/wp-content\/uploads\/2025\/02\/Monadrive-MONA200-Series-Parameter-778x1024.png 778w, https:\/\/potensilift.com\/wp-content\/uploads\/2025\/02\/Monadrive-MONA200-Series-Parameter-768x1011.png 768w, https:\/\/potensilift.com\/wp-content\/uploads\/2025\/02\/Monadrive-MONA200-Series-Parameter-600x790.png 600w, https:\/\/potensilift.com\/wp-content\/uploads\/2025\/02\/Monadrive-MONA200-Series-Parameter.png 1073w\" sizes=\"(max-width: 799px) 100vw, 799px\" \/><\/p>\n<h2>Porqu\u00ea escolher a Potensi?<\/h2>\n<p>Potensi provides high-quality Monadrive Traction Machine MONA200, 450kg, 1.0M\/s, engineered to deliver exceptional reliability and performance for modern elevator systems. As a trusted supplier of Elevator Traction Machine, we offer a wide range of products, including specialized options like Monadrive Gearless Traction Motor, ensuring compatibility with top global brands such as \u00a0<a href=\"https:\/\/potensilift.com\/pt\/categoria-produto\/pecas-de-marcas\/for-mitsubishi\/\"><u>Mitsubishi<\/u><\/a>, <a href=\"https:\/\/potensilift.com\/pt\/categoria-produto\/pecas-de-marcas\/para-otis\/\"><u>Otis<\/u><\/a>, <a href=\"https:\/\/potensilift.com\/pt\/categoria-produto\/pecas-de-marcas\/for-tke-thyssenkrupp\/\"><u>Thyssen<\/u><\/a>, <a href=\"https:\/\/potensilift.com\/pt\/categoria-produto\/pecas-de-marcas\/para-a-hyundai\/\"><u>Hyundai<\/u><\/a>e <a href=\"https:\/\/potensilift.com\/pt\/categoria-produto\/pecas-de-marcas\/pecas-de-outras-marcas\/\"><u>outros<\/u><\/a>. Com um amplo estoque e pre\u00e7os competitivos, a Potensi est\u00e1 pronta para atender \u00e0s suas necessidades. <a href=\"https:\/\/potensilift.com\/pt\/contact\/\"><u>Contacto Esther<\/u><\/a>\u00a0hoje - a Potensi espera poder ajud\u00e1-lo a melhorar os seus sistemas de elevadores!<\/p>","protected":false},"excerpt":{"rendered":"<p>Besides MONA200 450kg, Potensi also offers other MONADRIVE MONA200 series traction machines. These models include the MONA200 320kg, MONA200 400kg, MONA200 630kg, and other series MONA200A, MONA320, MONA320A, MGD65, MGD65L, MGD87, MGD100, MCB100, and MCB200.<\/p>","protected":false},"featured_media":7324,"comment_status":"open","ping_status":"closed","template":"","meta":{"_seopress_robots_primary_cat":"none","_seopress_titles_title":"Monadrive Traction Machine MONA200 450-1.0B | Elevator Traction Motor","_seopress_titles_desc":"Explore our wide range of Gearless Traction Machine and Gearless Traction Machine MONA200 for elevators. Ideal for maintenance and upgrades.","_seopress_robots_index":""},"product_brand":[],"product_cat":[169,150],"product_tag":[],"class_list":{"0":"post-5025","1":"product","2":"type-product","3":"status-publish","4":"has-post-thumbnail","6":"product_cat-elevator-traction-machine","7":"product_cat-others-brands-parts","9":"first","10":"instock","11":"shipping-taxable","12":"purchasable","13":"product-type-simple"},"_links":{"self":[{"href":"https:\/\/potensilift.com\/pt\/wp-json\/wp\/v2\/product\/5025"}],"collection":[{"href":"https:\/\/potensilift.com\/pt\/wp-json\/wp\/v2\/product"}],"about":[{"href":"https:\/\/potensilift.com\/pt\/wp-json\/wp\/v2\/types\/product"}],"replies":[{"embeddable":true,"href":"https:\/\/potensilift.com\/pt\/wp-json\/wp\/v2\/comments?post=5025"}],"wp:featuredmedia":[{"embeddable":true,"href":"https:\/\/potensilift.com\/pt\/wp-json\/wp\/v2\/media\/7324"}],"wp:attachment":[{"href":"https:\/\/potensilift.com\/pt\/wp-json\/wp\/v2\/media?parent=5025"}],"wp:term":[{"taxonomy":"product_brand","embeddable":true,"href":"https:\/\/potensilift.com\/pt\/wp-json\/wp\/v2\/product_brand?post=5025"},{"taxonomy":"product_cat","embeddable":true,"href":"https:\/\/potensilift.com\/pt\/wp-json\/wp\/v2\/product_cat?post=5025"},{"taxonomy":"product_tag","embeddable":true,"href":"https:\/\/potensilift.com\/pt\/wp-json\/wp\/v2\/product_tag?post=5025"}],"curies":[{"name":"wp","href":"https:\/\/api.w.org\/{rel}","templated":true}]}}