{"id":4975,"date":"2025-02-13T14:00:50","date_gmt":"2025-02-13T14:00:50","guid":{"rendered":"https:\/\/potensilift.com\/?post_type=product&#038;p=4975"},"modified":"2025-03-27T09:31:08","modified_gmt":"2025-03-27T09:31:08","slug":"roller-76-19-009-for-otis","status":"publish","type":"product","link":"https:\/\/potensilift.com\/pt\/produto\/roller-76-19-009-for-otis\/","title":{"rendered":"Roller\u03d576-19-009 Para Otis"},"content":{"rendered":"<p>POTENCIAL <strong>Roller \u03d5 76-19-009 For Otis<\/strong> \u00e9 a chave para manter uma experi\u00eancia de elevador suave e est\u00e1vel. Concebida com precis\u00e3o e fabricada com materiais de alta qualidade, esta solu\u00e7\u00e3o integra-se perfeitamente no seu sistema, garantindo um desempenho a longo prazo. Quer esteja a atualizar <strong>roller<\/strong> ou \u00e0 procura de melhorias espec\u00edficas como <strong>roller for Otis<\/strong>A POTENSI oferece solu\u00e7\u00f5es fi\u00e1veis e f\u00e1ceis de instalar. Eleve a estabilidade com confian\u00e7a hoje mesmo.<\/p>\n<h2>Par\u00e2metros do produto<\/h2>\n<table style=\"height: 211px;\" width=\"703\">\n<tbody>\n<tr>\n<td width=\"213\">Marca<\/td>\n<td width=\"213\">Para Otis<\/td>\n<\/tr>\n<tr>\n<td width=\"213\">Produtos<\/td>\n<td width=\"213\">Roller \u03d5 76-19-009 For Otis<\/td>\n<\/tr>\n<tr>\n<td width=\"213\">Modelo<\/td>\n<td width=\"213\">\u03d5 76-19-009<\/td>\n<\/tr>\n<tr>\n<td width=\"213\">Local de origem<\/td>\n<td width=\"213\">China<\/td>\n<\/tr>\n<\/tbody>\n<\/table>\n<h2>Porqu\u00ea n\u00f3s<\/h2>\n<p>Potensi provides high-quality roller \u03d5 76-19-009 For Otis, engineered to deliver exceptional reliability and performance for modern elevator systems. As a trusted supplier of roller, we offer a wide range of products, including specialized options like roller for Otis, ensuring compatibility with top global brands such as \u00a0<a href=\"https:\/\/potensilift.com\/pt\/categoria-produto\/pecas-de-marcas\/for-mitsubishi\/\"><u>Mitsubishi<\/u><\/a>, <a href=\"https:\/\/potensilift.com\/pt\/categoria-produto\/pecas-de-marcas\/para-otis\/\"><u>Otis<\/u><\/a>, <a href=\"https:\/\/potensilift.com\/pt\/categoria-produto\/pecas-de-marcas\/for-tke-thyssenkrupp\/\"><u>Thyssen<\/u><\/a>, <a href=\"https:\/\/potensilift.com\/pt\/categoria-produto\/pecas-de-marcas\/para-a-hyundai\/\"><u>Hyundai<\/u><\/a>e <a href=\"https:\/\/potensilift.com\/pt\/categoria-produto\/pecas-de-marcas\/pecas-de-outras-marcas\/\"><u>outros<\/u><\/a>. Com um amplo estoque e pre\u00e7os competitivos, a Potensi est\u00e1 pronta para atender \u00e0s suas necessidades. <a href=\"https:\/\/potensilift.com\/pt\/contact\/\"><u>Contacto Esther<\/u><\/a>\u00a0hoje - a Potensi espera poder ajud\u00e1-lo a melhorar os seus sistemas de elevadores!<\/p>","protected":false},"excerpt":{"rendered":"<p>POTENSI elevator roller provides long-lasting reliability and precision, making it an ideal solution for smooth elevator operation. Perfect for applications such as roller \u03d5 76-19-009 For Otis.<\/p>","protected":false},"featured_media":4978,"comment_status":"open","ping_status":"closed","template":"","meta":{"_seopress_robots_primary_cat":"","_seopress_titles_title":"Roller \u03d5 76-19-009 For Otis | Elevator Accessories - POTENSI","_seopress_titles_desc":"Shop for reliable elevator roller such as Roller \u03d5 76-19-009 For Otis to ensure your elevator system runs smoothly.","_seopress_robots_index":""},"product_brand":[],"product_cat":[127,109],"product_tag":[],"class_list":{"0":"post-4975","1":"product","2":"type-product","3":"status-publish","4":"has-post-thumbnail","6":"product_cat-for-otis","7":"product_cat-others-elevator-parts","9":"first","10":"instock","11":"shipping-taxable","12":"purchasable","13":"product-type-simple"},"_links":{"self":[{"href":"https:\/\/potensilift.com\/pt\/wp-json\/wp\/v2\/product\/4975"}],"collection":[{"href":"https:\/\/potensilift.com\/pt\/wp-json\/wp\/v2\/product"}],"about":[{"href":"https:\/\/potensilift.com\/pt\/wp-json\/wp\/v2\/types\/product"}],"replies":[{"embeddable":true,"href":"https:\/\/potensilift.com\/pt\/wp-json\/wp\/v2\/comments?post=4975"}],"wp:featuredmedia":[{"embeddable":true,"href":"https:\/\/potensilift.com\/pt\/wp-json\/wp\/v2\/media\/4978"}],"wp:attachment":[{"href":"https:\/\/potensilift.com\/pt\/wp-json\/wp\/v2\/media?parent=4975"}],"wp:term":[{"taxonomy":"product_brand","embeddable":true,"href":"https:\/\/potensilift.com\/pt\/wp-json\/wp\/v2\/product_brand?post=4975"},{"taxonomy":"product_cat","embeddable":true,"href":"https:\/\/potensilift.com\/pt\/wp-json\/wp\/v2\/product_cat?post=4975"},{"taxonomy":"product_tag","embeddable":true,"href":"https:\/\/potensilift.com\/pt\/wp-json\/wp\/v2\/product_tag?post=4975"}],"curies":[{"name":"wp","href":"https:\/\/api.w.org\/{rel}","templated":true}]}}