{"id":4916,"date":"2025-02-13T08:52:14","date_gmt":"2025-02-13T08:52:14","guid":{"rendered":"https:\/\/potensilift.com\/?post_type=product&#038;p=4916"},"modified":"2025-03-25T09:40:05","modified_gmt":"2025-03-25T09:40:05","slug":"elevator-pcb-tnp-board-20400075-h33-for-hyundai","status":"publish","type":"product","link":"https:\/\/potensilift.com\/pt\/produto\/elevator-pcb-tnp-board-20400075-h33-for-hyundai\/","title":{"rendered":"Elevator PCB TNP BOARD 20400075 H33 For Hyundai"},"content":{"rendered":"<p>POTENSI avan\u00e7ado <strong>Elevator PCB For Hyundai<\/strong> foi concebido para otimizar o desempenho do elevador. Constru\u00eddo com tecnologia de ponta e constru\u00e7\u00e3o robusta, este <strong>Elevator PCB TNP BOARD 20400075 H33 For Hyundai<\/strong> assegura uma compatibilidade perfeita e a m\u00e1xima efici\u00eancia operacional. Desde a melhoria da gest\u00e3o global do sistema at\u00e9 ao aperfei\u00e7oamento de <strong>Elevator PCB TNP BOARD<\/strong>As solu\u00e7\u00f5es POTENSI s\u00e3o dur\u00e1veis, f\u00e1ceis de utilizar e constru\u00eddas para o futuro.<\/p>\n<h2>Par\u00e2metros do produto<\/h2>\n<table style=\"height: 222px;\" width=\"752\">\n<tbody>\n<tr>\n<td width=\"213\">Marca<\/td>\n<td width=\"213\">Para a Hyundai<\/td>\n<\/tr>\n<tr>\n<td width=\"213\">Produtos<\/td>\n<td width=\"213\">Elevator PCB TNP BOARD 20400075 H33 For Hyundai<\/td>\n<\/tr>\n<tr>\n<td width=\"213\">Modelo<\/td>\n<td width=\"213\">20400075 H33<\/td>\n<\/tr>\n<tr>\n<td width=\"213\">Local de origem<\/td>\n<td width=\"213\">China<\/td>\n<\/tr>\n<\/tbody>\n<\/table>\n<h2>Porqu\u00ea n\u00f3s<\/h2>\n<p>Potensi provides high-quality Elevator PCB TNP BOARD 20400075 H33 For Hyundai, engineered to deliver exceptional reliability and performance for modern elevator systems. As a trusted supplier of Elevator PCB TNP BOARD, we offer a wide range of products, including specialized options like Elevator PCB For Hyundai, ensuring compatibility with top global brands such as \u00a0<a href=\"https:\/\/potensilift.com\/pt\/categoria-produto\/pecas-de-marcas\/for-mitsubishi\/\"><u>Mitsubishi<\/u><\/a>, <a href=\"https:\/\/potensilift.com\/pt\/categoria-produto\/pecas-de-marcas\/para-otis\/\"><u>Otis<\/u><\/a>, <a href=\"https:\/\/potensilift.com\/pt\/categoria-produto\/pecas-de-marcas\/for-tke-thyssenkrupp\/\"><u>Thyssen<\/u><\/a>, <a href=\"https:\/\/potensilift.com\/pt\/categoria-produto\/pecas-de-marcas\/para-a-hyundai\/\"><u>Hyundai<\/u><\/a>e <a href=\"https:\/\/potensilift.com\/pt\/categoria-produto\/pecas-de-marcas\/pecas-de-outras-marcas\/\"><u>outros<\/u><\/a>. Com um amplo estoque e pre\u00e7os competitivos, a Potensi est\u00e1 pronta para atender \u00e0s suas necessidades. <a href=\"https:\/\/potensilift.com\/pt\/contact\/\"><u>Contacto Esther<\/u><\/a>\u00a0hoje - a Potensi espera poder ajud\u00e1-lo a melhorar os seus sistemas de elevadores!<\/p>","protected":false},"excerpt":{"rendered":"<p>Upgrade your elevator system with POTENSI Elevator PCB For Hyundai, engineered for seamless integration and exceptional performance. Our Elevator PCB ensures long-term efficiency.<\/p>","protected":false},"featured_media":4919,"comment_status":"open","ping_status":"closed","template":"","meta":{"_seopress_robots_primary_cat":"none","_seopress_titles_title":"Elevator PCB TNP BOARD 20400075 H33 For Hyundai | Quality Elevator Parts","_seopress_titles_desc":"Explore a range of elevator PCB with high-quality Elevator PCB For Hyundai. Perfect for maintaining peak elevator performance.","_seopress_robots_index":""},"product_brand":[],"product_cat":[161,134],"product_tag":[],"class_list":{"0":"post-4916","1":"product","2":"type-product","3":"status-publish","4":"has-post-thumbnail","6":"product_cat-elevator-pcb","7":"product_cat-for-hyundai","9":"first","10":"instock","11":"shipping-taxable","12":"purchasable","13":"product-type-simple"},"_links":{"self":[{"href":"https:\/\/potensilift.com\/pt\/wp-json\/wp\/v2\/product\/4916"}],"collection":[{"href":"https:\/\/potensilift.com\/pt\/wp-json\/wp\/v2\/product"}],"about":[{"href":"https:\/\/potensilift.com\/pt\/wp-json\/wp\/v2\/types\/product"}],"replies":[{"embeddable":true,"href":"https:\/\/potensilift.com\/pt\/wp-json\/wp\/v2\/comments?post=4916"}],"wp:featuredmedia":[{"embeddable":true,"href":"https:\/\/potensilift.com\/pt\/wp-json\/wp\/v2\/media\/4919"}],"wp:attachment":[{"href":"https:\/\/potensilift.com\/pt\/wp-json\/wp\/v2\/media?parent=4916"}],"wp:term":[{"taxonomy":"product_brand","embeddable":true,"href":"https:\/\/potensilift.com\/pt\/wp-json\/wp\/v2\/product_brand?post=4916"},{"taxonomy":"product_cat","embeddable":true,"href":"https:\/\/potensilift.com\/pt\/wp-json\/wp\/v2\/product_cat?post=4916"},{"taxonomy":"product_tag","embeddable":true,"href":"https:\/\/potensilift.com\/pt\/wp-json\/wp\/v2\/product_tag?post=4916"}],"curies":[{"name":"wp","href":"https:\/\/api.w.org\/{rel}","templated":true}]}}