{"id":4426,"date":"2024-12-26T06:25:53","date_gmt":"2024-12-26T06:25:53","guid":{"rendered":"https:\/\/potensilift.com\/?post_type=product&#038;p=4426"},"modified":"2025-03-26T13:18:04","modified_gmt":"2025-03-26T13:18:04","slug":"for-contitech-elevator-traction-steel-belt-aaa717ad1","status":"publish","type":"product","link":"https:\/\/potensilift.com\/pt\/produto\/for-contitech-elevator-traction-steel-belt-aaa717ad1\/","title":{"rendered":"Para Contitech Elevador Correia de a\u00e7o de tra\u00e7\u00e3o AAA717AD1"},"content":{"rendered":"<p>Upgrade user comfort and safety with POTENSI Elevator Traction Steel belt. This premium Contitech Elevator Traction Steel belt AAA717AD1 is crafted for easy integration and smooth operation. Whether you\u2019re enhancing general Contitech Elevator Traction Steel belt systems or focusing on precise components, POTENSI ensures a reliable, long-lasting solution for every escalator setup.<\/p>\n<p>&nbsp;<\/p>\n<h2>Par\u00e2metros do produto<\/h2>\n<table style=\"height: 259px;\" width=\"1035\">\n<tbody>\n<tr>\n<td width=\"284\">Marca<\/td>\n<td width=\"284\">For Contitech<\/td>\n<\/tr>\n<tr>\n<td width=\"284\">Produtos<\/td>\n<td width=\"284\">Contitech Elevator Traction Steel belt AAA717AD1<\/td>\n<\/tr>\n<tr>\n<td width=\"284\">Modelo<\/td>\n<td width=\"284\">AAA717AD1<\/td>\n<\/tr>\n<tr>\n<td width=\"284\">Local de origem<\/td>\n<td width=\"284\">China<\/td>\n<\/tr>\n<\/tbody>\n<\/table>\n<h2>Porqu\u00ea n\u00f3s<\/h2>\n<p>Potensi provides high-quality Contitech Elevator Traction Steel belt AAA717AD1, engineered to deliver exceptional reliability and performance for modern elevator systems. As a trusted supplier of Elevator Traction Steel belt, we offer a wide range of products, including specialized options like Contitech Elevator Traction Steel belt, ensuring compatibility with top global brands such as \u00a0<a href=\"https:\/\/potensilift.com\/pt\/categoria-produto\/pecas-de-marcas\/for-mitsubishi\/\"><u>Mitsubishi<\/u><\/a>, <a href=\"https:\/\/potensilift.com\/pt\/categoria-produto\/pecas-de-marcas\/para-otis\/\"><u>Otis<\/u><\/a>, <a href=\"https:\/\/potensilift.com\/pt\/categoria-produto\/pecas-de-marcas\/for-tke-thyssenkrupp\/\"><u>Thyssen<\/u><\/a>, <a href=\"https:\/\/potensilift.com\/pt\/categoria-produto\/pecas-de-marcas\/para-a-hyundai\/\"><u>Hyundai<\/u><\/a>e <a href=\"https:\/\/potensilift.com\/pt\/categoria-produto\/pecas-de-marcas\/pecas-de-outras-marcas\/\"><u>outros<\/u><\/a>. Com um amplo estoque e pre\u00e7os competitivos, a Potensi est\u00e1 pronta para atender \u00e0s suas necessidades. <a href=\"https:\/\/potensilift.com\/pt\/contact\/\"><u>CONTACTO Yulia<\/u><\/a>\u00a0hoje - a Potensi espera poder ajud\u00e1-lo a melhorar os seus sistemas de elevadores!<\/p>","protected":false},"excerpt":{"rendered":"<p>POTENSI Elevator Traction Steel belt provides long-lasting reliability and precision, making it an ideal solution for smooth elevator operation. Perfect for applications such as Contitech Elevator Traction Steel belt AAA717AD1.<\/p>","protected":false},"featured_media":4529,"comment_status":"open","ping_status":"closed","template":"","meta":{"_seopress_robots_primary_cat":"none","_seopress_titles_title":"","_seopress_titles_desc":"","_seopress_robots_index":""},"product_brand":[],"product_cat":[157,150],"product_tag":[],"class_list":{"0":"post-4426","1":"product","2":"type-product","3":"status-publish","4":"has-post-thumbnail","6":"product_cat-elevator-traction-belt","7":"product_cat-others-brands-parts","9":"first","10":"instock","11":"shipping-taxable","12":"purchasable","13":"product-type-simple"},"_links":{"self":[{"href":"https:\/\/potensilift.com\/pt\/wp-json\/wp\/v2\/product\/4426"}],"collection":[{"href":"https:\/\/potensilift.com\/pt\/wp-json\/wp\/v2\/product"}],"about":[{"href":"https:\/\/potensilift.com\/pt\/wp-json\/wp\/v2\/types\/product"}],"replies":[{"embeddable":true,"href":"https:\/\/potensilift.com\/pt\/wp-json\/wp\/v2\/comments?post=4426"}],"wp:featuredmedia":[{"embeddable":true,"href":"https:\/\/potensilift.com\/pt\/wp-json\/wp\/v2\/media\/4529"}],"wp:attachment":[{"href":"https:\/\/potensilift.com\/pt\/wp-json\/wp\/v2\/media?parent=4426"}],"wp:term":[{"taxonomy":"product_brand","embeddable":true,"href":"https:\/\/potensilift.com\/pt\/wp-json\/wp\/v2\/product_brand?post=4426"},{"taxonomy":"product_cat","embeddable":true,"href":"https:\/\/potensilift.com\/pt\/wp-json\/wp\/v2\/product_cat?post=4426"},{"taxonomy":"product_tag","embeddable":true,"href":"https:\/\/potensilift.com\/pt\/wp-json\/wp\/v2\/product_tag?post=4426"}],"curies":[{"name":"wp","href":"https:\/\/api.w.org\/{rel}","templated":true}]}}