{"id":4391,"date":"2024-12-26T01:57:18","date_gmt":"2024-12-26T01:57:18","guid":{"rendered":"https:\/\/potensilift.com\/?post_type=product&#038;p=4391"},"modified":"2025-03-27T09:31:11","modified_gmt":"2025-03-27T09:31:11","slug":"pu-material-escalator-handrail-beltmulticolor","status":"publish","type":"product","link":"https:\/\/potensilift.com\/pt\/produto\/pu-material-escalator-handrail-beltmulticolor\/","title":{"rendered":"Cinto de material PU para corrim\u00e3o de escada rolante (Multicolor)"},"content":{"rendered":"<p>Upgrade user comfort and safety with POTENSI Escalator Handrail Belt. This premium PU material Escalator Handrail Belt(Multicolor) is crafted for easy integration and smooth operation. Whether you\u2019re enhancing general PU material Escalator Handrail Belt systems or focusing on precise components, POTENSI ensures a reliable, long-lasting solution for every escalator setup.<\/p>\n<h2>Par\u00e2metros do produto<\/h2>\n<table>\n<tbody>\n<tr>\n<td width=\"355\">Marca<\/td>\n<td width=\"355\">Handrail Belt<\/td>\n<\/tr>\n<tr>\n<td width=\"355\">Produtos<\/td>\n<td width=\"355\">Cinto de material PU para corrim\u00e3o de escada rolante (Multicolor)<\/td>\n<\/tr>\n<tr>\n<td width=\"355\">Modelo<\/td>\n<td width=\"355\">Escalator Handrail Belt(Multicolor)<\/td>\n<\/tr>\n<tr>\n<td width=\"355\">Local de origem<\/td>\n<td width=\"355\">China<\/td>\n<\/tr>\n<\/tbody>\n<\/table>\n<h2>Porqu\u00ea n\u00f3s<\/h2>\n<p>Potensi provides high-quality PU material Escalator Handrail Belt(Multicolor), engineered to deliver exceptional reliability and performance for modern elevator systems. As a trusted supplier of Escalator Handrail Belt, we offer a wide range of products, including specialized options like PU material Escalator Handrail Belt, ensuring compatibility with top global brands such as \u00a0<a href=\"https:\/\/potensilift.com\/pt\/categoria-produto\/pecas-de-marcas\/for-mitsubishi\/\"><u>Mitsubishi<\/u><\/a>, <a href=\"https:\/\/potensilift.com\/pt\/categoria-produto\/pecas-de-marcas\/para-otis\/\"><u>Otis<\/u><\/a>, <a href=\"https:\/\/potensilift.com\/pt\/categoria-produto\/pecas-de-marcas\/for-tke-thyssenkrupp\/\"><u>Thyssen<\/u><\/a>, <a href=\"https:\/\/potensilift.com\/pt\/categoria-produto\/pecas-de-marcas\/para-a-hyundai\/\"><u>Hyundai<\/u><\/a>e <a href=\"https:\/\/potensilift.com\/pt\/categoria-produto\/pecas-de-marcas\/pecas-de-outras-marcas\/\"><u>outros<\/u><\/a>. Com um amplo estoque e pre\u00e7os competitivos, a Potensi est\u00e1 pronta para atender \u00e0s suas necessidades. <a href=\"https:\/\/potensilift.com\/pt\/contact\/\"><u>CONTACTO <\/u><u>Verg\u00edlio<\/u><\/a>\u00a0hoje - a Potensi espera poder ajud\u00e1-lo a melhorar os seus sistemas de elevadores!<\/p>","protected":false},"excerpt":{"rendered":"<p>POTENSI PU material Escalator Handrail Belt(Multicolor) offers outstanding performance and durability, engineered for smooth and reliable escalator operation. Ideal for Escalator Handrail Belt<\/p>","protected":false},"featured_media":4053,"comment_status":"open","ping_status":"closed","template":"","meta":{"_seopress_robots_primary_cat":"none","_seopress_titles_title":"PU material Escalator Handrail Belt(Multicolor) | High-Quality Escalator Handrail Belt- POTENSI","_seopress_titles_desc":"Discover PU material Escalator Handrail Belt(Multicolor) for escalators, designed for durability and performance. Our premium Escalator Handrail Belt ensures safety and reliability in every installation.","_seopress_robots_index":""},"product_brand":[],"product_cat":[113,150],"product_tag":[],"class_list":{"0":"post-4391","1":"product","2":"type-product","3":"status-publish","4":"has-post-thumbnail","6":"product_cat-escalator-handrail-belt","7":"product_cat-others-brands-parts","9":"first","10":"instock","11":"shipping-taxable","12":"purchasable","13":"product-type-simple"},"_links":{"self":[{"href":"https:\/\/potensilift.com\/pt\/wp-json\/wp\/v2\/product\/4391"}],"collection":[{"href":"https:\/\/potensilift.com\/pt\/wp-json\/wp\/v2\/product"}],"about":[{"href":"https:\/\/potensilift.com\/pt\/wp-json\/wp\/v2\/types\/product"}],"replies":[{"embeddable":true,"href":"https:\/\/potensilift.com\/pt\/wp-json\/wp\/v2\/comments?post=4391"}],"wp:featuredmedia":[{"embeddable":true,"href":"https:\/\/potensilift.com\/pt\/wp-json\/wp\/v2\/media\/4053"}],"wp:attachment":[{"href":"https:\/\/potensilift.com\/pt\/wp-json\/wp\/v2\/media?parent=4391"}],"wp:term":[{"taxonomy":"product_brand","embeddable":true,"href":"https:\/\/potensilift.com\/pt\/wp-json\/wp\/v2\/product_brand?post=4391"},{"taxonomy":"product_cat","embeddable":true,"href":"https:\/\/potensilift.com\/pt\/wp-json\/wp\/v2\/product_cat?post=4391"},{"taxonomy":"product_tag","embeddable":true,"href":"https:\/\/potensilift.com\/pt\/wp-json\/wp\/v2\/product_tag?post=4391"}],"curies":[{"name":"wp","href":"https:\/\/api.w.org\/{rel}","templated":true}]}}