{"id":4304,"date":"2024-12-25T06:51:50","date_gmt":"2024-12-25T06:51:50","guid":{"rendered":"https:\/\/potensilift.com\/?post_type=product&#038;p=4304"},"modified":"2025-07-08T03:05:48","modified_gmt":"2025-07-08T03:05:48","slug":"for-semperit-escalator-grey-pu-handrail-indoor-type","status":"publish","type":"product","link":"https:\/\/potensilift.com\/pt\/produto\/for-semperit-escalator-grey-pu-handrail-indoor-type\/","title":{"rendered":"Para escada rolante Kone Semperit Corrim\u00e3o em PU cinzento Tipo interior"},"content":{"rendered":"<p>Upgrade user comfort and safety with POTENSI Escalator Grey PU Handrail. This premium Semperit Escalator Grey PU Handrail Kone Indoor Type is crafted for easy integration and smooth operation. Whether you\u2019re enhancing general Semperit Escalator Grey PU Handrail systems or focusing on precise components, POTENSI ensures a reliable, long-lasting solution for every escalator setup.<\/p>\n<h2>Par\u00e2metros do produto<\/h2>\n<table>\n<tbody>\n<tr>\n<td width=\"355\">Marca<\/td>\n<td width=\"355\">For Semperit<\/td>\n<\/tr>\n<tr>\n<td width=\"355\">Produtos<\/td>\n<td width=\"355\">PU Handrail<\/td>\n<\/tr>\n<tr>\n<td width=\"355\">Modelo<\/td>\n<td width=\"355\">Kone<\/td>\n<\/tr>\n<tr>\n<td width=\"355\">Local de origem<\/td>\n<td width=\"355\">China<\/td>\n<\/tr>\n<\/tbody>\n<\/table>\n<h2>Porqu\u00ea n\u00f3s<\/h2>\n<p>Potensi provides high-quality Semperit Escalator Grey PU Handrail Kone Indoor Type, engineered to deliver exceptional reliability and performance for modern elevator systems. As a trusted supplier of Escalator Grey PU Handrail, we offer a wide range of products, including specialized options like Semperit Escalator Grey PU Handrail, ensuring compatibility with top global brands such as \u00a0<a href=\"https:\/\/potensilift.com\/pt\/categoria-produto\/pecas-de-marcas\/for-mitsubishi\/\"><u>Mitsubishi<\/u><\/a>, <a href=\"https:\/\/potensilift.com\/pt\/categoria-produto\/pecas-de-marcas\/para-otis\/\"><u>Otis<\/u><\/a>, <a href=\"https:\/\/potensilift.com\/pt\/categoria-produto\/pecas-de-marcas\/for-tke-thyssenkrupp\/\"><u>Thyssen<\/u><\/a>, <a href=\"https:\/\/potensilift.com\/pt\/categoria-produto\/pecas-de-marcas\/para-a-hyundai\/\"><u>Hyundai<\/u><\/a>e <a href=\"https:\/\/potensilift.com\/pt\/categoria-produto\/pecas-de-marcas\/pecas-de-outras-marcas\/\"><u>outros<\/u><\/a>. Com um amplo estoque e pre\u00e7os competitivos, a Potensi est\u00e1 pronta para atender \u00e0s suas necessidades. <a href=\"https:\/\/potensilift.com\/pt\/contact\/\"><u>CONTACTO <\/u><u>Verg\u00edlio<\/u><\/a>\u00a0hoje - a Potensi espera poder ajud\u00e1-lo a melhorar os seus sistemas de elevadores!<\/p>","protected":false},"excerpt":{"rendered":"<p>POTENSI Semperit Escalator Grey PU Handrail Indoor Type offers outstanding performance and durability, engineered for smooth and reliable escalator operation. Ideal for Escalator Grey PU Handrail<\/p>","protected":false},"featured_media":3426,"comment_status":"open","ping_status":"closed","template":"","meta":{"_seopress_robots_primary_cat":"none","_seopress_titles_title":"Semperit Escalator Grey PU Handrail Indoor Type | High-Quality Escalator Grey PU Handrail - POTENSI","_seopress_titles_desc":"Discover Semperit Escalator Grey PU Handrail Indoor Type for escalators, designed for durability and performance. Our premium High-Quality Escalator Grey PU Handrail ensures safety and reliability in every installation.","_seopress_robots_index":""},"product_brand":[],"product_cat":[113,150],"product_tag":[],"class_list":{"0":"post-4304","1":"product","2":"type-product","3":"status-publish","4":"has-post-thumbnail","6":"product_cat-escalator-handrail-belt","7":"product_cat-others-brands-parts","9":"first","10":"instock","11":"shipping-taxable","12":"purchasable","13":"product-type-simple"},"_links":{"self":[{"href":"https:\/\/potensilift.com\/pt\/wp-json\/wp\/v2\/product\/4304"}],"collection":[{"href":"https:\/\/potensilift.com\/pt\/wp-json\/wp\/v2\/product"}],"about":[{"href":"https:\/\/potensilift.com\/pt\/wp-json\/wp\/v2\/types\/product"}],"replies":[{"embeddable":true,"href":"https:\/\/potensilift.com\/pt\/wp-json\/wp\/v2\/comments?post=4304"}],"wp:featuredmedia":[{"embeddable":true,"href":"https:\/\/potensilift.com\/pt\/wp-json\/wp\/v2\/media\/3426"}],"wp:attachment":[{"href":"https:\/\/potensilift.com\/pt\/wp-json\/wp\/v2\/media?parent=4304"}],"wp:term":[{"taxonomy":"product_brand","embeddable":true,"href":"https:\/\/potensilift.com\/pt\/wp-json\/wp\/v2\/product_brand?post=4304"},{"taxonomy":"product_cat","embeddable":true,"href":"https:\/\/potensilift.com\/pt\/wp-json\/wp\/v2\/product_cat?post=4304"},{"taxonomy":"product_tag","embeddable":true,"href":"https:\/\/potensilift.com\/pt\/wp-json\/wp\/v2\/product_tag?post=4304"}],"curies":[{"name":"wp","href":"https:\/\/api.w.org\/{rel}","templated":true}]}}