{"id":4286,"date":"2024-12-25T06:32:10","date_gmt":"2024-12-25T06:32:10","guid":{"rendered":"https:\/\/potensilift.com\/?post_type=product&#038;p=4286"},"modified":"2025-03-26T14:33:57","modified_gmt":"2025-03-26T14:33:57","slug":"for-hyundai-elevator-power-board-h9g15sf","status":"publish","type":"product","link":"https:\/\/potensilift.com\/pt\/produto\/for-hyundai-elevator-power-board-h9g15sf\/","title":{"rendered":"For Hyundai Elevator Power Board H9G15SF 5V"},"content":{"rendered":"<p>POTENSI avan\u00e7ado <strong>Hyundai Elevator Power Board<\/strong> foi concebido para otimizar o desempenho do elevador. Constru\u00eddo com tecnologia de ponta e constru\u00e7\u00e3o robusta, este <strong>Hyundai Elevator Power Board H9G15SF 5V<\/strong> assegura uma compatibilidade perfeita e a m\u00e1xima efici\u00eancia operacional. Desde a melhoria da gest\u00e3o global do sistema at\u00e9 ao aperfei\u00e7oamento de <strong>Elevator Power Board<\/strong>, POTENSI solutions are durable, user-friendly, and built for the future. We also provide the\u00a0<strong data-start=\"383\" data-end=\"400\">Made in South Korea<\/strong>\u00a0vers\u00e3o\u00a0<span style=\"color: #3366ff;\"><a style=\"color: #3366ff;\" href=\"https:\/\/potensilift.com\/pt\/produto\/for-hyundai-elevator-power-board-h9g15sfn-5v\/\"><strong>H9G15SFN 5V.<\/strong><\/a><\/span><\/p>\n<h2>Par\u00e2metros do produto<\/h2>\n<table style=\"height: 234px;\" width=\"862\">\n<tbody>\n<tr>\n<td width=\"284\">Marca<\/td>\n<td width=\"284\">Para a Hyundai<\/td>\n<\/tr>\n<tr>\n<td width=\"284\">Produtos<\/td>\n<td width=\"284\">Hyundai Elevator Power Board H9G15SF 5V<\/td>\n<\/tr>\n<tr>\n<td width=\"284\">Modelo<\/td>\n<td width=\"284\">H9G15SF 5V<\/td>\n<\/tr>\n<tr>\n<td width=\"284\">Local de origem<\/td>\n<td width=\"284\">China<\/td>\n<\/tr>\n<\/tbody>\n<\/table>\n<h2>Porqu\u00ea n\u00f3s<\/h2>\n<p>Potensi provides high-quality Hyundai Elevator Power Board H9G15SF 5V, engineered to deliver exceptional reliability and performance for modern elevator systems. As a trusted supplier of Elevator Power Board, we offer a wide range of products, including specialized options like Hyundai Elevator Power Board, ensuring compatibility with top global brands such as \u00a0<a href=\"https:\/\/potensilift.com\/pt\/categoria-produto\/pecas-de-marcas\/for-mitsubishi\/\"><u>Mitsubishi<\/u><\/a>, <a href=\"https:\/\/potensilift.com\/pt\/categoria-produto\/pecas-de-marcas\/para-otis\/\"><u>Otis<\/u><\/a>, <a href=\"https:\/\/potensilift.com\/pt\/categoria-produto\/pecas-de-marcas\/for-tke-thyssenkrupp\/\"><u>Thyssen<\/u><\/a>, <a href=\"https:\/\/potensilift.com\/pt\/categoria-produto\/pecas-de-marcas\/para-a-hyundai\/\"><u>Hyundai<\/u><\/a>e <a href=\"https:\/\/potensilift.com\/pt\/categoria-produto\/pecas-de-marcas\/pecas-de-outras-marcas\/\"><u>outros<\/u><\/a>. Com um amplo estoque e pre\u00e7os competitivos, a Potensi est\u00e1 pronta para atender \u00e0s suas necessidades. <a href=\"https:\/\/potensilift.com\/pt\/contact\/\"><u>CONTACTO Yulia<\/u><\/a>\u00a0hoje - a Potensi espera poder ajud\u00e1-lo a melhorar os seus sistemas de elevadores!<\/p>","protected":false},"excerpt":{"rendered":"<p>Upgrade your elevator system with POTENSI Hyundai Elevator Power Board, engineered for seamless integration and exceptional performance. Our Elevator Power Board ensures long-term efficiency.<\/p>","protected":false},"featured_media":4300,"comment_status":"open","ping_status":"closed","template":"","meta":{"_seopress_robots_primary_cat":"none","_seopress_titles_title":"Hyundai Elevator Power Board | Elevator Power Board | Elevator Parts for Efficient Systems - POTENSI","_seopress_titles_desc":"Find efficient Hyundai Elevator Power Board and Elevator Power Board to optimize your elevator performance. Quality guaranteed.","_seopress_robots_index":""},"product_brand":[],"product_cat":[161,134],"product_tag":[],"class_list":{"0":"post-4286","1":"product","2":"type-product","3":"status-publish","4":"has-post-thumbnail","6":"product_cat-elevator-pcb","7":"product_cat-for-hyundai","9":"first","10":"instock","11":"shipping-taxable","12":"purchasable","13":"product-type-simple"},"_links":{"self":[{"href":"https:\/\/potensilift.com\/pt\/wp-json\/wp\/v2\/product\/4286"}],"collection":[{"href":"https:\/\/potensilift.com\/pt\/wp-json\/wp\/v2\/product"}],"about":[{"href":"https:\/\/potensilift.com\/pt\/wp-json\/wp\/v2\/types\/product"}],"replies":[{"embeddable":true,"href":"https:\/\/potensilift.com\/pt\/wp-json\/wp\/v2\/comments?post=4286"}],"wp:featuredmedia":[{"embeddable":true,"href":"https:\/\/potensilift.com\/pt\/wp-json\/wp\/v2\/media\/4300"}],"wp:attachment":[{"href":"https:\/\/potensilift.com\/pt\/wp-json\/wp\/v2\/media?parent=4286"}],"wp:term":[{"taxonomy":"product_brand","embeddable":true,"href":"https:\/\/potensilift.com\/pt\/wp-json\/wp\/v2\/product_brand?post=4286"},{"taxonomy":"product_cat","embeddable":true,"href":"https:\/\/potensilift.com\/pt\/wp-json\/wp\/v2\/product_cat?post=4286"},{"taxonomy":"product_tag","embeddable":true,"href":"https:\/\/potensilift.com\/pt\/wp-json\/wp\/v2\/product_tag?post=4286"}],"curies":[{"name":"wp","href":"https:\/\/api.w.org\/{rel}","templated":true}]}}