{"id":3962,"date":"2024-12-23T09:08:50","date_gmt":"2024-12-23T09:08:50","guid":{"rendered":"https:\/\/potensilift.com\/?post_type=product&#038;p=3962"},"modified":"2025-04-17T06:47:50","modified_gmt":"2025-04-17T06:47:50","slug":"for-otis-traction-steel-belt-aaa717aj1-2","status":"publish","type":"product","link":"https:\/\/potensilift.com\/pt\/produto\/for-otis-traction-steel-belt-aaa717aj1-2\/","title":{"rendered":"Para correia de a\u00e7o de tra\u00e7\u00e3o Otis AAA717AJ1"},"content":{"rendered":"<p>POTENSI A correia de a\u00e7o de tra\u00e7\u00e3o AAA717AJ1 da Otis \u00e9 a chave para manter uma experi\u00eancia de elevador suave e est\u00e1vel. Concebida com precis\u00e3o e fabricada com materiais de alta qualidade, esta solu\u00e7\u00e3o integra-se perfeitamente no seu sistema, garantindo um desempenho a longo prazo. Quer esteja a atualizar a correia de a\u00e7o de tra\u00e7\u00e3o ou a procurar melhorias espec\u00edficas como a correia de a\u00e7o de tra\u00e7\u00e3o For Otis, a POTENSI fornece solu\u00e7\u00f5es fi\u00e1veis e f\u00e1ceis de instalar. Aumente a estabilidade com confian\u00e7a hoje mesmo.<\/p>\n<h2><strong><b>Par\u00e2metros do produto<\/b><\/strong><\/h2>\n<table>\n<tbody>\n<tr>\n<td width=\"355\">Marca<\/td>\n<td width=\"355\">Para Otis<\/td>\n<\/tr>\n<tr>\n<td width=\"355\">Produtos<\/td>\n<td width=\"355\">Para correia de a\u00e7o de tra\u00e7\u00e3o Otis AAA717AJ1<\/td>\n<\/tr>\n<tr>\n<td width=\"355\">Modelo<\/td>\n<td width=\"355\">AAA717AJ1<\/td>\n<\/tr>\n<tr>\n<td width=\"355\">Local de origem<\/td>\n<td width=\"355\">China<\/td>\n<\/tr>\n<\/tbody>\n<\/table>\n<h2><strong><b>Porqu\u00ea n\u00f3s<\/b><\/strong><\/h2>\n<p>A Potensi fornece correia de a\u00e7o de tra\u00e7\u00e3o AAA717AJ1 de alta qualidade para Otis, concebida para proporcionar fiabilidade e desempenho excepcionais aos sistemas de elevadores modernos. Enquanto fornecedor fi\u00e1vel de correias de a\u00e7o para tra\u00e7\u00e3o, oferecemos uma vasta gama de produtos, incluindo op\u00e7\u00f5es especializadas como a correia de a\u00e7o para tra\u00e7\u00e3o da Otis, garantindo a compatibilidade com as principais marcas mundiais, tais como \u00a0<a href=\"https:\/\/potensilift.com\/pt\/categoria-produto\/pecas-de-marcas\/for-mitsubishi\/\"><u>Mitsubishi<\/u><\/a>, <a href=\"https:\/\/potensilift.com\/pt\/categoria-produto\/pecas-de-marcas\/para-otis\/\"><u>Otis<\/u><\/a>, <a href=\"https:\/\/potensilift.com\/pt\/categoria-produto\/pecas-de-marcas\/for-tke-thyssenkrupp\/\"><u>Thyssen<\/u><\/a>, <a href=\"https:\/\/potensilift.com\/pt\/categoria-produto\/pecas-de-marcas\/para-a-hyundai\/\"><u>Hyundai<\/u><\/a>e <a href=\"https:\/\/potensilift.com\/pt\/categoria-produto\/pecas-de-marcas\/pecas-de-outras-marcas\/\"><u>outros<\/u><\/a>. Com um amplo estoque e pre\u00e7os competitivos, a Potensi est\u00e1 pronta para atender \u00e0s suas necessidades. <a href=\"https:\/\/potensilift.com\/pt\/contact\/\"><u>CONTACTO Marvin<\/u><\/a>\u00a0hoje - a Potensi espera poder ajud\u00e1-lo a melhorar os seus sistemas de elevadores!<\/p>","protected":false},"excerpt":{"rendered":"<p>A correia de a\u00e7o de tra\u00e7\u00e3o POTENSI proporciona fiabilidade e precis\u00e3o duradouras, tornando-a a solu\u00e7\u00e3o ideal para o bom funcionamento do elevador. Perfeita para aplica\u00e7\u00f5es como Para correia de a\u00e7o de tra\u00e7\u00e3o Otis AAA717AJ1.<\/p>","protected":false},"featured_media":3963,"comment_status":"open","ping_status":"closed","template":"","meta":{"_seopress_robots_primary_cat":"none","_seopress_titles_title":"For Otis traction steel belt | traction steel belt | 2024 Best Elevator Components - POTENSI","_seopress_titles_desc":"Find high-quality For Otis traction steel belt parts and traction steel belt for elevators. Reliable, long-lasting components.","_seopress_robots_index":""},"product_brand":[],"product_cat":[157,127],"product_tag":[],"class_list":{"0":"post-3962","1":"product","2":"type-product","3":"status-publish","4":"has-post-thumbnail","6":"product_cat-elevator-traction-belt","7":"product_cat-for-otis","9":"first","10":"instock","11":"shipping-taxable","12":"purchasable","13":"product-type-simple"},"_links":{"self":[{"href":"https:\/\/potensilift.com\/pt\/wp-json\/wp\/v2\/product\/3962"}],"collection":[{"href":"https:\/\/potensilift.com\/pt\/wp-json\/wp\/v2\/product"}],"about":[{"href":"https:\/\/potensilift.com\/pt\/wp-json\/wp\/v2\/types\/product"}],"replies":[{"embeddable":true,"href":"https:\/\/potensilift.com\/pt\/wp-json\/wp\/v2\/comments?post=3962"}],"wp:featuredmedia":[{"embeddable":true,"href":"https:\/\/potensilift.com\/pt\/wp-json\/wp\/v2\/media\/3963"}],"wp:attachment":[{"href":"https:\/\/potensilift.com\/pt\/wp-json\/wp\/v2\/media?parent=3962"}],"wp:term":[{"taxonomy":"product_brand","embeddable":true,"href":"https:\/\/potensilift.com\/pt\/wp-json\/wp\/v2\/product_brand?post=3962"},{"taxonomy":"product_cat","embeddable":true,"href":"https:\/\/potensilift.com\/pt\/wp-json\/wp\/v2\/product_cat?post=3962"},{"taxonomy":"product_tag","embeddable":true,"href":"https:\/\/potensilift.com\/pt\/wp-json\/wp\/v2\/product_tag?post=3962"}],"curies":[{"name":"wp","href":"https:\/\/api.w.org\/{rel}","templated":true}]}}