{"id":3903,"date":"2024-12-23T07:16:36","date_gmt":"2024-12-23T07:16:36","guid":{"rendered":"https:\/\/potensilift.com\/?post_type=product&#038;p=3903"},"modified":"2025-03-26T12:50:00","modified_gmt":"2025-03-26T12:50:00","slug":"for-kone-decoder-km878240g01","status":"publish","type":"product","link":"https:\/\/potensilift.com\/pt\/produto\/for-kone-decoder-km878240g01\/","title":{"rendered":"For Kone decoder KM878240G01"},"content":{"rendered":"<p>POTENSI advanced For Kone decoder is designed to optimize elevator performance. Built with cutting-edge technology and robust construction, this For Kone decoder KM878240G01 ensures seamless compatibility and maximum operational efficiency. From enhancing overall system management to refining specific decoder, POTENSI solutions are durable, user-friendly, and built for the future.<\/p>\n<h2>Par\u00e2metros do produto<\/h2>\n<table>\n<tbody>\n<tr>\n<td width=\"355\">Marca<\/td>\n<td width=\"355\">Para Kone<\/td>\n<\/tr>\n<tr>\n<td width=\"355\">Produtos<\/td>\n<td width=\"355\">For Kone decoder KM878240G01<\/td>\n<\/tr>\n<tr>\n<td width=\"355\">Modelo<\/td>\n<td width=\"355\">KM878240G01<\/td>\n<\/tr>\n<tr>\n<td width=\"355\">Local de origem<\/td>\n<td width=\"355\">China<\/td>\n<\/tr>\n<\/tbody>\n<\/table>\n<h2>Porqu\u00ea n\u00f3s<\/h2>\n<p>Potensi provides high-quality For Kone decoder KM878240G01, engineered to deliver exceptional reliability and performance for modern elevator systems. As a trusted supplier of decoder, we offer a wide range of products, including specialized options like For Kone decoder, ensuring compatibility with top global brands such as \u00a0<a href=\"https:\/\/potensilift.com\/pt\/categoria-produto\/pecas-de-marcas\/for-mitsubishi\/\"><u>Mitsubishi<\/u><\/a>, <a href=\"https:\/\/potensilift.com\/pt\/categoria-produto\/pecas-de-marcas\/para-otis\/\"><u>Otis<\/u><\/a>, <a href=\"https:\/\/potensilift.com\/pt\/categoria-produto\/pecas-de-marcas\/for-tke-thyssenkrupp\/\"><u>Thyssen<\/u><\/a>, <a href=\"https:\/\/potensilift.com\/pt\/categoria-produto\/pecas-de-marcas\/para-a-hyundai\/\"><u>Hyundai<\/u><\/a>e <a href=\"https:\/\/potensilift.com\/pt\/categoria-produto\/pecas-de-marcas\/pecas-de-outras-marcas\/\"><u>outros<\/u><\/a>. Com um amplo estoque e pre\u00e7os competitivos, a Potensi est\u00e1 pronta para atender \u00e0s suas necessidades. <a href=\"https:\/\/potensilift.com\/pt\/contact\/\"><u>CONTACTO <\/u><u>Marvin<\/u><\/a>\u00a0hoje - a Potensi espera poder ajud\u00e1-lo a melhorar os seus sistemas de elevadores!<\/p>","protected":false},"excerpt":{"rendered":"<p>POTENSI For Kone decoder ensures the highest quality and reliability, perfect for demanding applications. Rely on our decoder for long-term service.<\/p>","protected":false},"featured_media":3904,"comment_status":"open","ping_status":"closed","template":"","meta":{"_seopress_robots_primary_cat":"","_seopress_titles_title":"Decoder | For Kone decoder KM878240G01 | Elevator Solutions - POTENSI","_seopress_titles_desc":"Explore our wide range of decoder  and For Kone decoder KM878240G01 for elevators. Ideal for maintenance and upgrades.","_seopress_robots_index":""},"product_brand":[],"product_cat":[170,128],"product_tag":[],"class_list":{"0":"post-3903","1":"product","2":"type-product","3":"status-publish","4":"has-post-thumbnail","6":"product_cat-elevator-encoder","7":"product_cat-for-kone","9":"first","10":"instock","11":"shipping-taxable","12":"purchasable","13":"product-type-simple"},"_links":{"self":[{"href":"https:\/\/potensilift.com\/pt\/wp-json\/wp\/v2\/product\/3903"}],"collection":[{"href":"https:\/\/potensilift.com\/pt\/wp-json\/wp\/v2\/product"}],"about":[{"href":"https:\/\/potensilift.com\/pt\/wp-json\/wp\/v2\/types\/product"}],"replies":[{"embeddable":true,"href":"https:\/\/potensilift.com\/pt\/wp-json\/wp\/v2\/comments?post=3903"}],"wp:featuredmedia":[{"embeddable":true,"href":"https:\/\/potensilift.com\/pt\/wp-json\/wp\/v2\/media\/3904"}],"wp:attachment":[{"href":"https:\/\/potensilift.com\/pt\/wp-json\/wp\/v2\/media?parent=3903"}],"wp:term":[{"taxonomy":"product_brand","embeddable":true,"href":"https:\/\/potensilift.com\/pt\/wp-json\/wp\/v2\/product_brand?post=3903"},{"taxonomy":"product_cat","embeddable":true,"href":"https:\/\/potensilift.com\/pt\/wp-json\/wp\/v2\/product_cat?post=3903"},{"taxonomy":"product_tag","embeddable":true,"href":"https:\/\/potensilift.com\/pt\/wp-json\/wp\/v2\/product_tag?post=3903"}],"curies":[{"name":"wp","href":"https:\/\/api.w.org\/{rel}","templated":true}]}}