{"id":3871,"date":"2024-12-23T06:58:47","date_gmt":"2024-12-23T06:58:47","guid":{"rendered":"https:\/\/potensilift.com\/?post_type=product&#038;p=3871"},"modified":"2025-03-25T09:31:23","modified_gmt":"2025-03-25T09:31:23","slug":"escalator-black-pu-handrail-belt","status":"publish","type":"product","link":"https:\/\/potensilift.com\/pt\/produto\/escalator-black-pu-handrail-belt\/","title":{"rendered":"Cinto de corrim\u00e3o em PU preto para escadas rolantes Otis-800"},"content":{"rendered":"<p>Melhore o conforto e a seguran\u00e7a do utilizador com o cinto de corrim\u00e3o em PU preto para escadas rolantes Otis-800 da POTENSI. Este cinto de corrim\u00e3o em PU preto para escadas rolantes de qualidade superior foi concebido para uma integra\u00e7\u00e3o f\u00e1cil e um funcionamento suave. Quer esteja a melhorar os sistemas gerais de correias de corrim\u00e3o em PU preto para escadas rolantes ou a concentrar-se em componentes precisos, a POTENSI garante uma solu\u00e7\u00e3o fi\u00e1vel e duradoura para cada configura\u00e7\u00e3o de escada rolante.<\/p>\n<h2>Par\u00e2metros do produto<\/h2>\n<table>\n<tbody>\n<tr>\n<td width=\"284\">Marca<\/td>\n<td width=\"284\">Para escada rolante<\/td>\n<\/tr>\n<tr>\n<td width=\"284\">Produtos<\/td>\n<td width=\"284\">Cinto de corrim\u00e3o em PU preto para escadas rolantes Otis-800<\/td>\n<\/tr>\n<tr>\n<td width=\"284\">Modelo<\/td>\n<td width=\"284\">Otis-800<\/td>\n<\/tr>\n<tr>\n<td width=\"284\">Local de origem<\/td>\n<td width=\"284\">China<\/td>\n<\/tr>\n<\/tbody>\n<\/table>\n<h2>Porqu\u00ea n\u00f3s<\/h2>\n<p>A Potensi fornece correia de corrim\u00e3o preta em PU para escada rolante Otis-800 de alta qualidade, concebida para proporcionar fiabilidade e desempenho excepcionais aos sistemas de elevadores modernos. Como fornecedor de confian\u00e7a de Cinto de corrim\u00e3o preto em PU para escada rolante, oferecemos uma vasta gama de produtos, incluindo op\u00e7\u00f5es especializadas como Cinto de corrim\u00e3o preto em PU para escada rolante, garantindo a compatibilidade com as principais marcas globais, tais como \u00a0<a href=\"https:\/\/potensilift.com\/pt\/categoria-produto\/pecas-de-marcas\/for-mitsubishi\/\"><u>Mitsubishi<\/u><\/a>, <a href=\"https:\/\/potensilift.com\/pt\/categoria-produto\/pecas-de-marcas\/para-otis\/\"><u>Otis<\/u><\/a>, <a href=\"https:\/\/potensilift.com\/pt\/categoria-produto\/pecas-de-marcas\/for-tke-thyssenkrupp\/\"><u>Thyssen<\/u><\/a>, <a href=\"https:\/\/potensilift.com\/pt\/categoria-produto\/pecas-de-marcas\/para-a-hyundai\/\"><u>Hyundai<\/u><\/a>e <a href=\"https:\/\/potensilift.com\/pt\/categoria-produto\/pecas-de-marcas\/pecas-de-outras-marcas\/\"><u>outros<\/u><\/a>. Com um amplo estoque e pre\u00e7os competitivos, a Potensi est\u00e1 pronta para atender \u00e0s suas necessidades. <a href=\"https:\/\/potensilift.com\/pt\/contact\/\"><u>CONTACTO Luna<\/u><u><\/u><\/a>\u00a0hoje - a Potensi espera poder ajud\u00e1-lo a melhorar os seus sistemas de elevadores!<\/p>","protected":false},"excerpt":{"rendered":"<p>A correia de PU preta para corrim\u00e3o de escada rolante Otis-800 da POTENSI oferece um desempenho e uma durabilidade excepcionais, concebida para um funcionamento suave e fi\u00e1vel da escada rolante. Ideal para o cinto de m\u00e3o da escada rolante.<\/p>","protected":false},"featured_media":3878,"comment_status":"open","ping_status":"closed","template":"","meta":{"_seopress_robots_primary_cat":"none","_seopress_titles_title":"Escalator black PU handrail belt | High-Quality PU handrail belt- POTENSI","_seopress_titles_desc":"Discover Escalator black PU handrail belt for escalators, designed for durability and performance. Our premium PU handrail belt ensures safety and reliability in every installation.","_seopress_robots_index":""},"product_brand":[],"product_cat":[113,150],"product_tag":[],"class_list":{"0":"post-3871","1":"product","2":"type-product","3":"status-publish","4":"has-post-thumbnail","6":"product_cat-escalator-handrail-belt","7":"product_cat-others-brands-parts","9":"first","10":"instock","11":"shipping-taxable","12":"purchasable","13":"product-type-simple"},"_links":{"self":[{"href":"https:\/\/potensilift.com\/pt\/wp-json\/wp\/v2\/product\/3871"}],"collection":[{"href":"https:\/\/potensilift.com\/pt\/wp-json\/wp\/v2\/product"}],"about":[{"href":"https:\/\/potensilift.com\/pt\/wp-json\/wp\/v2\/types\/product"}],"replies":[{"embeddable":true,"href":"https:\/\/potensilift.com\/pt\/wp-json\/wp\/v2\/comments?post=3871"}],"wp:featuredmedia":[{"embeddable":true,"href":"https:\/\/potensilift.com\/pt\/wp-json\/wp\/v2\/media\/3878"}],"wp:attachment":[{"href":"https:\/\/potensilift.com\/pt\/wp-json\/wp\/v2\/media?parent=3871"}],"wp:term":[{"taxonomy":"product_brand","embeddable":true,"href":"https:\/\/potensilift.com\/pt\/wp-json\/wp\/v2\/product_brand?post=3871"},{"taxonomy":"product_cat","embeddable":true,"href":"https:\/\/potensilift.com\/pt\/wp-json\/wp\/v2\/product_cat?post=3871"},{"taxonomy":"product_tag","embeddable":true,"href":"https:\/\/potensilift.com\/pt\/wp-json\/wp\/v2\/product_tag?post=3871"}],"curies":[{"name":"wp","href":"https:\/\/api.w.org\/{rel}","templated":true}]}}