{"id":3624,"date":"2024-12-19T10:30:06","date_gmt":"2024-12-19T10:30:06","guid":{"rendered":"https:\/\/potensilift.com\/?post_type=product&#038;p=3624"},"modified":"2025-03-25T06:07:19","modified_gmt":"2025-03-25T06:07:19","slug":"for-otis-door-operator-controller-made-in-china-at120-faa24350bk1","status":"publish","type":"product","link":"https:\/\/potensilift.com\/pt\/produto\/for-otis-door-operator-controller-made-in-china-at120-faa24350bk1\/","title":{"rendered":"Para o controlador do acionamento de porta Otis (fabricado na China) AT120 FAA24350BK1"},"content":{"rendered":"<p>Looking to upgrade your elevator door performance? POTENSI For Otis door operator controller (Made in China) combines durable components and innovative engineering to ensure smooth, precise operations. Whether you need a dependable door operator controller for general use or an advanced For Otis door operator controller (Made in China) AT120 FAA24350BK1 for specialized systems, POTENSI delivers the perfect balance of safety and reliability.<\/p>\n<h2>Par\u00e2metros do produto<\/h2>\n<table>\n<tbody>\n<tr>\n<td width=\"284\">Marca<\/td>\n<td width=\"284\">Para Otis<\/td>\n<\/tr>\n<tr>\n<td width=\"284\">Produtos<\/td>\n<td width=\"284\">Para o controlador do acionamento de porta Otis (fabricado na China) AT120 FAA24350BK1<\/td>\n<\/tr>\n<tr>\n<td width=\"284\">Modelo<\/td>\n<td width=\"284\">AT120 FAA24350BK1<\/td>\n<\/tr>\n<tr>\n<td width=\"284\">Local de origem<\/td>\n<td width=\"284\">China<\/td>\n<\/tr>\n<\/tbody>\n<\/table>\n<h2>Porqu\u00ea n\u00f3s<\/h2>\n<p>Potensi provides high-quality door operator controller, engineered to deliver exceptional reliability and performance for modern elevator systems. As a trusted supplier of door operator controller, we offer a wide range of products, including specialized options like For Otis door operator controller (Made in China) , ensuring compatibility with top global brands such as \u00a0<a href=\"https:\/\/potensilift.com\/pt\/categoria-produto\/pecas-de-marcas\/for-mitsubishi\/\"><u>Mitsubishi<\/u><\/a>, <a href=\"https:\/\/potensilift.com\/pt\/categoria-produto\/pecas-de-marcas\/para-otis\/\"><u>Otis<\/u><\/a>, <a href=\"https:\/\/potensilift.com\/pt\/categoria-produto\/pecas-de-marcas\/for-tke-thyssenkrupp\/\"><u>Thyssen<\/u><\/a>, <a href=\"https:\/\/potensilift.com\/pt\/categoria-produto\/pecas-de-marcas\/para-a-hyundai\/\"><u>Hyundai<\/u><\/a>e <a href=\"https:\/\/potensilift.com\/pt\/categoria-produto\/pecas-de-marcas\/pecas-de-outras-marcas\/\"><u>outros<\/u><\/a>. Com um amplo estoque e pre\u00e7os competitivos, a Potensi est\u00e1 pronta para atender \u00e0s suas necessidades. <a href=\"https:\/\/potensilift.com\/pt\/contact\/\"><u>CONTACTO <\/u><u>Luna<\/u><\/a>\u00a0hoje - a Potensi espera poder ajud\u00e1-lo a melhorar os seus sistemas de elevadores!<\/p>","protected":false},"excerpt":{"rendered":"<p>Ensure smooth and safe operation with POTENSI door operator controller, crafted for precise compatibility with your system. Our For Otis door operator controller (Made in China) AT120 FAA24350BK1 offers reliable performance.<\/p>","protected":false},"featured_media":3630,"comment_status":"open","ping_status":"closed","template":"","meta":{"_seopress_robots_primary_cat":"none","_seopress_titles_title":"door operator controller | For Otis door operator controller (Made in China) AT120 FAA24350BK1 | Elevator Solutions - POTENSI","_seopress_titles_desc":"Explore our wide range of door operator controller and For Otis door operator controller (Made in China) AT120 FAA24350BK1 for elevators. Ideal for maintenance and upgrades.","_seopress_robots_index":""},"product_brand":[],"product_cat":[166,127],"product_tag":[],"class_list":{"0":"post-3624","1":"product","2":"type-product","3":"status-publish","4":"has-post-thumbnail","6":"product_cat-elevator-door-controller","7":"product_cat-for-otis","9":"first","10":"instock","11":"shipping-taxable","12":"purchasable","13":"product-type-simple"},"_links":{"self":[{"href":"https:\/\/potensilift.com\/pt\/wp-json\/wp\/v2\/product\/3624"}],"collection":[{"href":"https:\/\/potensilift.com\/pt\/wp-json\/wp\/v2\/product"}],"about":[{"href":"https:\/\/potensilift.com\/pt\/wp-json\/wp\/v2\/types\/product"}],"replies":[{"embeddable":true,"href":"https:\/\/potensilift.com\/pt\/wp-json\/wp\/v2\/comments?post=3624"}],"wp:featuredmedia":[{"embeddable":true,"href":"https:\/\/potensilift.com\/pt\/wp-json\/wp\/v2\/media\/3630"}],"wp:attachment":[{"href":"https:\/\/potensilift.com\/pt\/wp-json\/wp\/v2\/media?parent=3624"}],"wp:term":[{"taxonomy":"product_brand","embeddable":true,"href":"https:\/\/potensilift.com\/pt\/wp-json\/wp\/v2\/product_brand?post=3624"},{"taxonomy":"product_cat","embeddable":true,"href":"https:\/\/potensilift.com\/pt\/wp-json\/wp\/v2\/product_cat?post=3624"},{"taxonomy":"product_tag","embeddable":true,"href":"https:\/\/potensilift.com\/pt\/wp-json\/wp\/v2\/product_tag?post=3624"}],"curies":[{"name":"wp","href":"https:\/\/api.w.org\/{rel}","templated":true}]}}