{"id":3591,"date":"2024-12-19T10:00:34","date_gmt":"2024-12-19T10:00:34","guid":{"rendered":"https:\/\/potensilift.com\/?post_type=product&#038;p=3591"},"modified":"2025-03-25T09:49:58","modified_gmt":"2025-03-25T09:49:58","slug":"escalator-step-roller-80256304-2","status":"publish","type":"product","link":"https:\/\/potensilift.com\/pt\/produto\/escalator-step-roller-80256304-2\/","title":{"rendered":"rolo de degrau de escada rolante 80*25*6304"},"content":{"rendered":"<p>Melhore o conforto e a seguran\u00e7a do utilizador com o rolo de escada rolante POTENSI. Este rolo de degrau de escada rolante 80*25*6304 de qualidade superior foi concebido para uma integra\u00e7\u00e3o f\u00e1cil e um funcionamento suave. Quer esteja a melhorar os sistemas gerais de rolos de degraus de escadas rolantes 80*25*6304 ou a concentrar-se em componentes precisos, a POTENSI garante uma solu\u00e7\u00e3o fi\u00e1vel e duradoura para todas as configura\u00e7\u00f5es de escadas rolantes.<\/p>\n<h2>Par\u00e2metros do produto<\/h2>\n<table>\n<tbody>\n<tr>\n<td width=\"284\">Marca<\/td>\n<td width=\"284\">rolo de degrau de escada rolante 80*25*6304<\/td>\n<\/tr>\n<tr>\n<td width=\"284\">Produtos<\/td>\n<td width=\"284\">rolo de degrau de escada rolante 80*25*6304<\/td>\n<\/tr>\n<tr>\n<td width=\"284\">Modelo<\/td>\n<td width=\"284\">80*25*6304<\/td>\n<\/tr>\n<tr>\n<td width=\"284\">Local de origem<\/td>\n<td width=\"284\">China<\/td>\n<\/tr>\n<\/tbody>\n<\/table>\n<h2>Porqu\u00ea n\u00f3s<\/h2>\n<p>A Potensi fornece rolo de degrau de escada rolante 80*25*6304 de alta qualidade, concebido para proporcionar fiabilidade e desempenho excepcionais aos sistemas de elevadores modernos. Como fornecedor fi\u00e1vel de rolo de degrau de escada rolante, oferecemos uma vasta gama de produtos, incluindo op\u00e7\u00f5es especializadas como rolo de degrau de escada rolante 80*25*6304, garantindo a compatibilidade com as principais marcas globais, tais como \u00a0<a href=\"https:\/\/potensilift.com\/pt\/categoria-produto\/pecas-de-marcas\/for-mitsubishi\/\"><u>Mitsubishi<\/u><\/a>, <a href=\"https:\/\/potensilift.com\/pt\/categoria-produto\/pecas-de-marcas\/para-otis\/\"><u>Otis<\/u><\/a>, <a href=\"https:\/\/potensilift.com\/pt\/categoria-produto\/pecas-de-marcas\/for-tke-thyssenkrupp\/\"><u>Thyssen<\/u><\/a>, <a href=\"https:\/\/potensilift.com\/pt\/categoria-produto\/pecas-de-marcas\/para-a-hyundai\/\"><u>Hyundai<\/u><\/a>e <a href=\"https:\/\/potensilift.com\/pt\/categoria-produto\/pecas-de-marcas\/pecas-de-outras-marcas\/\"><u>outros<\/u><\/a>. Com um amplo estoque e pre\u00e7os competitivos, a Potensi est\u00e1 pronta para atender \u00e0s suas necessidades. <a href=\"https:\/\/potensilift.com\/pt\/contact\/\"><u>CONTACTO <\/u><u>Luna<\/u><\/a>\u00a0hoje - a Potensi espera poder ajud\u00e1-lo a melhorar os seus sistemas de elevadores!<\/p>","protected":false},"excerpt":{"rendered":"<p>Melhore a configura\u00e7\u00e3o da sua escada rolante com o rolo de escada rolante POTENSI, concebido para um elevado desempenho e durabilidade. O nosso rolo de escada rolante 80*25*6304 \u00e9 perfeito para um funcionamento a longo prazo.<\/p>","protected":false},"featured_media":3606,"comment_status":"open","ping_status":"closed","template":"","meta":{"_seopress_robots_primary_cat":"none","_seopress_titles_title":"escalator step roller 80*25*6304 | escalator step roller for Escalator Performance - POTENSI","_seopress_titles_desc":"Upgrade your system with escalator step roller and escalator step roller 80*25*6304, designed to enhance escalator performance and safety.","_seopress_robots_index":""},"product_brand":[],"product_cat":[119,150],"product_tag":[],"class_list":{"0":"post-3591","1":"product","2":"type-product","3":"status-publish","4":"has-post-thumbnail","6":"product_cat-escalator-step-roller","7":"product_cat-others-brands-parts","9":"first","10":"instock","11":"shipping-taxable","12":"purchasable","13":"product-type-simple"},"_links":{"self":[{"href":"https:\/\/potensilift.com\/pt\/wp-json\/wp\/v2\/product\/3591"}],"collection":[{"href":"https:\/\/potensilift.com\/pt\/wp-json\/wp\/v2\/product"}],"about":[{"href":"https:\/\/potensilift.com\/pt\/wp-json\/wp\/v2\/types\/product"}],"replies":[{"embeddable":true,"href":"https:\/\/potensilift.com\/pt\/wp-json\/wp\/v2\/comments?post=3591"}],"wp:featuredmedia":[{"embeddable":true,"href":"https:\/\/potensilift.com\/pt\/wp-json\/wp\/v2\/media\/3606"}],"wp:attachment":[{"href":"https:\/\/potensilift.com\/pt\/wp-json\/wp\/v2\/media?parent=3591"}],"wp:term":[{"taxonomy":"product_brand","embeddable":true,"href":"https:\/\/potensilift.com\/pt\/wp-json\/wp\/v2\/product_brand?post=3591"},{"taxonomy":"product_cat","embeddable":true,"href":"https:\/\/potensilift.com\/pt\/wp-json\/wp\/v2\/product_cat?post=3591"},{"taxonomy":"product_tag","embeddable":true,"href":"https:\/\/potensilift.com\/pt\/wp-json\/wp\/v2\/product_tag?post=3591"}],"curies":[{"name":"wp","href":"https:\/\/api.w.org\/{rel}","templated":true}]}}