{"id":3523,"date":"2024-12-19T08:20:08","date_gmt":"2024-12-19T08:20:08","guid":{"rendered":"https:\/\/potensilift.com\/?post_type=product&#038;p=3523"},"modified":"2025-03-27T06:59:35","modified_gmt":"2025-03-27T06:59:35","slug":"for-apollo-elevator-ard-tps-45-with-battery","status":"publish","type":"product","link":"https:\/\/potensilift.com\/pt\/produto\/for-apollo-elevator-ard-tps-45-with-battery\/","title":{"rendered":"Para o elevador Apollo ARD TPS-45, com bateria"},"content":{"rendered":"<p>O TPS-45 da POTENSI For Apollo Elevator ARD redefine a seguran\u00e7a nas opera\u00e7\u00f5es de elevador. Fabricado com materiais de qualidade superior e meticulosamente trabalhado, integra-se perfeitamente no seu For Apollo Elevator ARD para garantir uma fiabilidade a longo prazo. Desde actualiza\u00e7\u00f5es gerais do Elevador ARD at\u00e9 aplica\u00e7\u00f5es de seguran\u00e7a espec\u00edficas, as solu\u00e7\u00f5es POTENSI s\u00e3o constru\u00eddas para cumprir e exceder os padr\u00f5es mais rigorosos.<\/p>\n<h2>Par\u00e2metros do produto<\/h2>\n<table>\n<tbody>\n<tr>\n<td width=\"284\">Marca<\/td>\n<td width=\"284\">para Apollo<\/td>\n<\/tr>\n<tr>\n<td width=\"284\">Produtos<\/td>\n<td width=\"284\">para o elevador Apollo ARD TPS-45<\/td>\n<\/tr>\n<tr>\n<td width=\"284\">Modelo<\/td>\n<td width=\"284\">TPS-45<\/td>\n<\/tr>\n<tr>\n<td width=\"284\">Local de origem<\/td>\n<td width=\"284\">China<\/td>\n<\/tr>\n<\/tbody>\n<\/table>\n<h2>Porqu\u00ea n\u00f3s<\/h2>\n<p>A Potensi fornece alta qualidade para Apollo Elevator ARD TPS-45, projetada para oferecer confiabilidade e desempenho excepcionais para sistemas de elevadores modernos. Como fornecedor fi\u00e1vel de Elevador ARD, oferecemos uma vasta gama de produtos, incluindo op\u00e7\u00f5es especializadas como para Apollo Elevator ARD, assegurando a compatibilidade com marcas globais de topo, tais como \u00a0<a href=\"https:\/\/potensilift.com\/pt\/categoria-produto\/pecas-de-marcas\/for-mitsubishi\/\"><u>Mitsubishi<\/u><\/a>, <a href=\"https:\/\/potensilift.com\/pt\/categoria-produto\/pecas-de-marcas\/para-otis\/\"><u>Otis<\/u><\/a>, <a href=\"https:\/\/potensilift.com\/pt\/categoria-produto\/pecas-de-marcas\/for-tke-thyssenkrupp\/\"><u>Thyssen<\/u><\/a>, <a href=\"https:\/\/potensilift.com\/pt\/categoria-produto\/pecas-de-marcas\/para-a-hyundai\/\"><u>Hyundai<\/u><\/a>e <a href=\"https:\/\/potensilift.com\/pt\/categoria-produto\/pecas-de-marcas\/pecas-de-outras-marcas\/\"><u>outros<\/u><\/a>. Com um amplo estoque e pre\u00e7os competitivos, a Potensi est\u00e1 pronta para atender \u00e0s suas necessidades. <a href=\"https:\/\/potensilift.com\/pt\/contact\/\"><u>CONTACTO Lidia<\/u><\/a>\u00a0hoje - a Potensi espera poder ajud\u00e1-lo a melhorar os seus sistemas de elevadores!<\/p>","protected":false},"excerpt":{"rendered":"<p>A POTENSI For Apollo Elevator ARD assegura a mais elevada qualidade e fiabilidade, perfeita para aplica\u00e7\u00f5es exigentes. Confie no nosso Elevador ARD para um servi\u00e7o de longa dura\u00e7\u00e3o.<\/p>","protected":false},"featured_media":3540,"comment_status":"open","ping_status":"closed","template":"","meta":{"_seopress_robots_primary_cat":"none","_seopress_titles_title":"For Apollo Elevator ARD | Elevator ARD | 2024 Best Elevator Components - POTENSI","_seopress_titles_desc":"Find high-quality For Apollo Elevator ARD parts and Elevator ARD for elevators. Reliable, long-lasting components.","_seopress_robots_index":""},"product_brand":[],"product_cat":[165,150],"product_tag":[],"class_list":{"0":"post-3523","1":"product","2":"type-product","3":"status-publish","4":"has-post-thumbnail","6":"product_cat-elevator-ard","7":"product_cat-others-brands-parts","9":"first","10":"instock","11":"shipping-taxable","12":"purchasable","13":"product-type-simple"},"_links":{"self":[{"href":"https:\/\/potensilift.com\/pt\/wp-json\/wp\/v2\/product\/3523"}],"collection":[{"href":"https:\/\/potensilift.com\/pt\/wp-json\/wp\/v2\/product"}],"about":[{"href":"https:\/\/potensilift.com\/pt\/wp-json\/wp\/v2\/types\/product"}],"replies":[{"embeddable":true,"href":"https:\/\/potensilift.com\/pt\/wp-json\/wp\/v2\/comments?post=3523"}],"wp:featuredmedia":[{"embeddable":true,"href":"https:\/\/potensilift.com\/pt\/wp-json\/wp\/v2\/media\/3540"}],"wp:attachment":[{"href":"https:\/\/potensilift.com\/pt\/wp-json\/wp\/v2\/media?parent=3523"}],"wp:term":[{"taxonomy":"product_brand","embeddable":true,"href":"https:\/\/potensilift.com\/pt\/wp-json\/wp\/v2\/product_brand?post=3523"},{"taxonomy":"product_cat","embeddable":true,"href":"https:\/\/potensilift.com\/pt\/wp-json\/wp\/v2\/product_cat?post=3523"},{"taxonomy":"product_tag","embeddable":true,"href":"https:\/\/potensilift.com\/pt\/wp-json\/wp\/v2\/product_tag?post=3523"}],"curies":[{"name":"wp","href":"https:\/\/api.w.org\/{rel}","templated":true}]}}